{"id":2629,"date":"2020-09-18T23:39:07","date_gmt":"2020-09-19T03:39:07","guid":{"rendered":"https:\/\/apc1040.com\/formularios-de-impuestos-para-empleados-necesarios-para-su-negocio\/w4-para-modificar-las-retenciones\/"},"modified":"2024-05-13T12:11:19","modified_gmt":"2024-05-13T16:11:19","slug":"w4-para-modificar-las-retenciones","status":"publish","type":"page","link":"https:\/\/apc1040.com\/es\/impuestos-facil\/carteles-de-empresa\/formularios-de-impuestos-para-empleados\/w4-para-modificar-las-retenciones\/","title":{"rendered":"W4 para modificar las retenciones"},"content":{"rendered":"<section class=\"l-section wpb_row height_small\"><div class=\"l-section-h i-cf\"><div class=\"g-cols vc_row via_flex valign_top type_default stacking_default\"><div class=\"vc_col-sm-12 wpb_column vc_column_container\"><div class=\"vc_column-inner\"><div class=\"wpb_wrapper\"><div class=\"wpb_text_column us_custom_eb849559\"><div class=\"wpb_wrapper\"><p>Complete el Certificado de Retenci\u00f3n de Impuestos W4 de su empleado. \u00a1Actualice sus exenciones para obtener la cantidad correcta de Impuestos Federales descontados de su cheque de pago!W4 para completar. W4 para modificar las retenciones<\/p>\n<h2><strong>C\u00f3mo utilizar un W4 para cambiar la retenci\u00f3n de impuestos<\/strong><\/h2>\n<p>Los impuestos son una parte inevitable de la vida, pero no tienen por qu\u00e9 ocupar una parte excesiva de tu sueldo si sabes c\u00f3mo gestionarlos correctamente. Afortunadamente, es f\u00e1cil cambiar su retenci\u00f3n de <a href=\"https:\/\/apc1040.com\/es\/declaracion-de-impuestos-federales-sobre-la-renta\/\">impuestos federales<\/a> y mantener m\u00e1s dinero en su bolsillo durante todo el a\u00f1o. Sin embargo, es importante entender c\u00f3mo funciona el proceso antes de lanzarse a \u00e9l, especialmente si tiene una situaci\u00f3n financiera complicada o circunstancias \u00fanicas que afectar\u00e1n a sus impuestos. Inf\u00f3rmese sobre c\u00f3mo cambiar la retenci\u00f3n de impuestos ahora.<\/p>\n<h2><strong>1) Iniciar el formulario W-4<\/strong><\/h2>\n<p>Si necesita cambiar su retenci\u00f3n de impuestos federales, el primer paso es rellenar un nuevo formulario W-4. Este documento indica a su empleador cu\u00e1nto dinero debe retener de cada cheque de pago para impuestos, y usted puede ajustar la cantidad en cualquier momento. Aseg\u00farese de comprobar el apartado &#8220;estado civil&#8221; del formulario para que sus retenciones sean correctas.<\/p>\n<h2><strong>2) Contabilizar todas las fuentes de ingresos<\/strong><\/h2>\n<p>Los ingresos procedentes de otras fuentes, como las inversiones o las actividades secundarias, tambi\u00e9n pueden afectar a las retenciones fiscales. Aseg\u00farese de incluir todas las fuentes de ingresos cuando rellene el formulario W-4 para que su empleador retenga la cantidad correcta de dinero.<\/p>\n<h2><strong>3) Utilice la calculadora de retenciones del IRS<\/strong><\/h2>\n<p>Si no est\u00e1 seguro de c\u00f3mo rellenar el formulario W-4, o quiere ayuda para estimar su obligaci\u00f3n fiscal, utilice la calculadora de retenciones del <a href=\"https:\/\/en.wikipedia.org\/wiki\/Internal_Revenue_Service\">IRS<\/a>. Esta herramienta le ayudar\u00e1 a determinar la cantidad correcta de dinero que debe retener de cada cheque de pago en funci\u00f3n de sus circunstancias individuales.<\/p>\n<h2><strong>4) Presentar un nuevo formulario W-4 a su empleador<\/strong><\/h2>\n<p>Una vez que haya rellenado el formulario W-4, entr\u00e9guelo a su empresa para. Que pueda hacer los cambios necesarios en su n\u00f3mina. Si tiene alguna duda sobre el formulario o el proceso. Aseg\u00farese de pedir orientaci\u00f3n a su empleador o representante de RRHH.<\/p>\n<h2><strong>5) Compruebe la exactitud de su n\u00f3mina<\/strong><\/h2>\n<p>Despu\u00e9s de presentar un nuevo formulario W-4 a su empleador. Eche un vistazo a sus pr\u00f3ximos cheques. De pago para asegurarse de que se retiene la cantidad correcta de. Dinero para los impuestos. Si observa alg\u00fan error, p\u00f3ngase en contacto con su empleador de inmediato para que pueda corregir el problema.<\/p>\n<h2><strong>Lo que debe saber sobre las retenciones fiscales<\/strong><\/h2>\n<p>Si eres como la mayor\u00eda de la gente. Probablemente no pienses mucho en tus retenciones. De impuestos hasta que llega el momento de presentarlos. Pero lo cierto es que las retenciones pueden. Tener un gran impacto en su situaci\u00f3n financiera a lo largo del a\u00f1o. A continuaci\u00f3n, algunas cosas que debe saber sobre las retenciones fiscales:<\/p>\n<h2><strong>1) Puede ajustar su retenci\u00f3n en cualquier momento<\/strong><\/h2>\n<p>Si recibe un aumento de sueldo o cambia de trabajo. Es posible que tenga que ajustar sus retenciones para. Evitar <a href=\"https:\/\/apc1040.com\/es\/explore-las-opciones-del-plan-de-pago-de-impuestos-del-irs\/\">pagar impuestos<\/a> de m\u00e1s o de menos. Afortunadamente, es f\u00e1cil de hacer. Basta con rellenar un nuevo formulario W-4 y presentarlo a su empresa.<\/p>\n<h2><strong>2) Es posible que tenga que hacer pagos de impuestos estimados<\/strong><\/h2>\n<p>Si tiene una situaci\u00f3n financiera complicada o espera deber mucho dinero en impuestos. Es posible que tenga que hacer pagos de<a href=\"https:\/\/apc1040.com\/es\/como-evitar-problemas-de-impuestos-del-irs-alquilando-a-su-familia-o-amigos\/\"> impuestos estimados a lo largo del<\/a> a\u00f1o. Esto significa que enviar\u00e1 dinero a Hacienda. De forma regular en lugar de esperar hasta el momento. De la declaraci\u00f3n de la renta para pagar toda la factura de una vez.<\/p>\n<h2><strong>3) Puede obtener un reembolso si paga de m\u00e1s<\/strong><\/h2>\n<p>Si paga de m\u00e1s, le devolver\u00e1n el dinero. Cuando presente la <a href=\"https:\/\/apc1040.com\/federal-tax-return\/\">declaraci\u00f3n de<\/a> la renta. Esto puede ser \u00fatil si est\u00e1s tratando de ahorrar. Dinero o de pagar una deuda. Pero ten en cuenta que no es un pr\u00e9stamo sin intereses; b\u00e1sicamente est\u00e1s dando al gobierno un. Pr\u00e9stamo sin intereses durante el a\u00f1o.<\/p>\n<h2><strong>4) Puedes deber dinero si pagas de menos<\/strong><\/h2>\n<p>Si paga menos de lo que debe, es posible. Que deba dinero a Hacienda cuando presente su declaraci\u00f3n. Esto puede ser una sorpresa si no lo esperas. Por lo que es importante asegurarse de que est\u00e1s reteniendo la cantidad correcta de dinero de cada cheque de pago.<\/p>\n<h2><strong>5) Hay consecuencias por no pagar<\/strong><\/h2>\n<p>Si no paga sus impuestos, puede estar sujeto a sanciones e intereses.W4 para completar En casos graves. Puede incluso ser objeto de cargos penales. Por ello, es importante asegurarse de estar. Al d\u00eda en el pago de los impuestos, incluso si no puede pagar toda la cantidad que debe.<\/p>\n<p><strong>Conclusi\u00f3n<\/strong><\/p>\n<p>Cambiar la retenci\u00f3n de <a href=\"https:\/\/apc1040.com\/es\/ron-el-recaudador-de-impuestos-completando-impuestos-desde-1982\/\">impuestos federales es un proceso sencillo,W4 para completar<\/a> pero. Es importante entender c\u00f3mo funciona antes de empezar. Siguiendo los pasos anteriores, puede estar seguro de que est\u00e1 reteniendo la cantidad correcta de dinero de cada cheque de pago y evitar cualquier sorpresa cuando llegue el momento de los impuestos.<\/p>\n<\/div><\/div><div class=\"w-btn-wrapper align_center\"><a class=\"w-btn us-btn-style_1 pdfbtnx1\" target=\"_blank\" rel=\"nofollow\" href=\"https:\/\/apc1040.com\/wp-content\/uploads\/2020\/09\/W-4.pdf\"><span class=\"w-btn-label\">Descargar el formulario W4<\/span><\/a><\/div><\/div><\/div><\/div><\/div><\/div><\/section>\n","protected":false},"excerpt":{"rendered":"Complete el Certificado de Retenci\u00f3n de Impuestos W4 de su empleado. \u00a1Actualice sus exenciones para obtener la cantidad correcta de Impuestos Federales descontados de su cheque de pago!W4 para completar. W4 para modificar las retenciones C\u00f3mo utilizar un W4 para cambiar la retenci\u00f3n de impuestos Los impuestos son una parte inevitable de la vida, pero...","protected":false},"author":10,"featured_media":0,"parent":2610,"menu_order":0,"comment_status":"closed","ping_status":"closed","template":"","meta":{"_lmt_disableupdate":"no","_lmt_disable":"","_monsterinsights_skip_tracking":false,"_monsterinsights_sitenote_active":false,"_monsterinsights_sitenote_note":"","_monsterinsights_sitenote_category":0,"_uf_show_specific_survey":0,"_uf_disable_surveys":false,"footnotes":""},"class_list":["post-2629","page","type-page","status-publish","hentry"],"yoast_head":"<!-- This site is optimized with the Yoast SEO Premium plugin v27.3 (Yoast SEO v27.4) - https:\/\/yoast.com\/product\/yoast-seo-premium-wordpress\/ -->\n<title>W4 para completar el certificado de retenci\u00f3n de su empleado<\/title>\n<meta name=\"description\" content=\"W4 para completar su Certificado de Retenci\u00f3n del Empleado. Actualice sus exenciones para que le descuenten la cantidad correcta.\" \/>\n<meta name=\"robots\" content=\"index, follow, max-snippet:-1, max-image-preview:large, max-video-preview:-1\" \/>\n<link rel=\"canonical\" href=\"https:\/\/apc1040.com\/es\/impuestos-facil\/carteles-de-empresa\/formularios-de-impuestos-para-empleados\/w4-para-modificar-las-retenciones\/\" \/>\n<meta property=\"og:locale\" content=\"es_ES\" \/>\n<meta property=\"og:type\" content=\"article\" \/>\n<meta property=\"og:title\" content=\"W4 para modificar las retenciones\" \/>\n<meta property=\"og:description\" content=\"W4 para completar su Certificado de Retenci\u00f3n del Empleado. Actualice sus exenciones para que le descuenten la cantidad correcta.\" \/>\n<meta property=\"og:url\" content=\"https:\/\/apc1040.com\/es\/impuestos-facil\/carteles-de-empresa\/formularios-de-impuestos-para-empleados\/w4-para-modificar-las-retenciones\/\" \/>\n<meta property=\"og:site_name\" content=\"Akron Income Tax Preparation\" \/>\n<meta property=\"article:publisher\" content=\"https:\/\/www.facebook.com\/APC1040\" \/>\n<meta property=\"article:modified_time\" content=\"2024-05-13T16:11:19+00:00\" \/>\n<meta property=\"og:image\" content=\"https:\/\/apc1040.com\/wp-content\/uploads\/2024\/02\/Office-Pic-no-prices.jpg\" \/>\n\t<meta property=\"og:image:width\" content=\"2560\" \/>\n\t<meta property=\"og:image:height\" content=\"2385\" \/>\n\t<meta property=\"og:image:type\" content=\"image\/jpeg\" \/>\n<meta name=\"twitter:card\" content=\"summary_large_image\" \/>\n<meta name=\"twitter:label1\" content=\"Est. reading time\" \/>\n\t<meta name=\"twitter:data1\" content=\"4 minutes\" \/>\n<!-- \/ Yoast SEO Premium plugin. -->","yoast_head_json":{"title":"W4 para completar el certificado de retenci\u00f3n de su empleado","description":"W4 para completar su Certificado de Retenci\u00f3n del Empleado. Actualice sus exenciones para que le descuenten la cantidad correcta.","robots":{"index":"index","follow":"follow","max-snippet":"max-snippet:-1","max-image-preview":"max-image-preview:large","max-video-preview":"max-video-preview:-1"},"canonical":"https:\/\/apc1040.com\/es\/impuestos-facil\/carteles-de-empresa\/formularios-de-impuestos-para-empleados\/w4-para-modificar-las-retenciones\/","og_locale":"es_ES","og_type":"article","og_title":"W4 para modificar las retenciones","og_description":"W4 para completar su Certificado de Retenci\u00f3n del Empleado. Actualice sus exenciones para que le descuenten la cantidad correcta.","og_url":"https:\/\/apc1040.com\/es\/impuestos-facil\/carteles-de-empresa\/formularios-de-impuestos-para-empleados\/w4-para-modificar-las-retenciones\/","og_site_name":"Akron Income Tax Preparation","article_publisher":"https:\/\/www.facebook.com\/APC1040","article_modified_time":"2024-05-13T16:11:19+00:00","og_image":[{"width":2560,"height":2385,"url":"https:\/\/apc1040.com\/wp-content\/uploads\/2024\/02\/Office-Pic-no-prices.jpg","type":"image\/jpeg"}],"twitter_card":"summary_large_image","twitter_misc":{"Est. reading time":"4 minutes"},"schema":{"@context":"https:\/\/schema.org","@graph":[{"@type":"WebPage","@id":"https:\/\/apc1040.com\/es\/impuestos-facil\/carteles-de-empresa\/formularios-de-impuestos-para-empleados\/w4-para-modificar-las-retenciones\/","url":"https:\/\/apc1040.com\/es\/impuestos-facil\/carteles-de-empresa\/formularios-de-impuestos-para-empleados\/w4-para-modificar-las-retenciones\/","name":"W4 para completar el certificado de retenci\u00f3n de su empleado","isPartOf":{"@id":"https:\/\/apc1040.com\/es\/#website"},"datePublished":"2020-09-19T03:39:07+00:00","dateModified":"2024-05-13T16:11:19+00:00","description":"W4 para completar su Certificado de Retenci\u00f3n del Empleado. Actualice sus exenciones para que le descuenten la cantidad correcta.","breadcrumb":{"@id":"https:\/\/apc1040.com\/es\/impuestos-facil\/carteles-de-empresa\/formularios-de-impuestos-para-empleados\/w4-para-modificar-las-retenciones\/#breadcrumb"},"inLanguage":"es","potentialAction":[{"@type":"ReadAction","target":["https:\/\/apc1040.com\/es\/impuestos-facil\/carteles-de-empresa\/formularios-de-impuestos-para-empleados\/w4-para-modificar-las-retenciones\/"]}]},{"@type":"BreadcrumbList","@id":"https:\/\/apc1040.com\/es\/impuestos-facil\/carteles-de-empresa\/formularios-de-impuestos-para-empleados\/w4-para-modificar-las-retenciones\/#breadcrumb","itemListElement":[{"@type":"ListItem","position":1,"name":"Home","item":"https:\/\/apc1040.com\/es\/"},{"@type":"ListItem","position":2,"name":"Encontrar f\u00e1cilmente varias p\u00e1ginas web","item":"https:\/\/apc1040.com\/es\/impuestos-facil\/"},{"@type":"ListItem","position":3,"name":"Carteles de empresa y formularios de impuestos para los empleados requeridos","item":"https:\/\/apc1040.com\/es\/impuestos-facil\/carteles-de-empresa\/"},{"@type":"ListItem","position":4,"name":"Formularios de impuestos para empleados necesarios para su negocio","item":"https:\/\/apc1040.com\/es\/impuestos-facil\/carteles-de-empresa\/formularios-de-impuestos-para-empleados\/"},{"@type":"ListItem","position":5,"name":"W4 para modificar las retenciones"}]},{"@type":"WebSite","@id":"https:\/\/apc1040.com\/es\/#website","url":"https:\/\/apc1040.com\/es\/","name":"Akron Income Tax Preparation","description":"Income Tax Preparation Service","publisher":{"@id":"https:\/\/apc1040.com\/es\/#organization"},"potentialAction":[{"@type":"SearchAction","target":{"@type":"EntryPoint","urlTemplate":"https:\/\/apc1040.com\/es\/?s={search_term_string}"},"query-input":{"@type":"PropertyValueSpecification","valueRequired":true,"valueName":"search_term_string"}}],"inLanguage":"es"},{"@type":"Organization","@id":"https:\/\/apc1040.com\/es\/#organization","name":"Akron Income Tax Co","url":"https:\/\/apc1040.com\/es\/","logo":{"@type":"ImageObject","inLanguage":"es","@id":"https:\/\/apc1040.com\/es\/#\/schema\/logo\/image\/","url":"https:\/\/apc1040.com\/wp-content\/uploads\/2024\/11\/income-tax-service-akron.jpg","contentUrl":"https:\/\/apc1040.com\/wp-content\/uploads\/2024\/11\/income-tax-service-akron.jpg","width":800,"height":745,"caption":"Akron Income Tax Co"},"image":{"@id":"https:\/\/apc1040.com\/es\/#\/schema\/logo\/image\/"},"sameAs":["https:\/\/www.facebook.com\/APC1040"]}]}},"amp_enabled":true,"_links":{"self":[{"href":"https:\/\/apc1040.com\/es\/wp-json\/wp\/v2\/pages\/2629","targetHints":{"allow":["GET"]}}],"collection":[{"href":"https:\/\/apc1040.com\/es\/wp-json\/wp\/v2\/pages"}],"about":[{"href":"https:\/\/apc1040.com\/es\/wp-json\/wp\/v2\/types\/page"}],"author":[{"embeddable":true,"href":"https:\/\/apc1040.com\/es\/wp-json\/wp\/v2\/users\/10"}],"replies":[{"embeddable":true,"href":"https:\/\/apc1040.com\/es\/wp-json\/wp\/v2\/comments?post=2629"}],"version-history":[{"count":0,"href":"https:\/\/apc1040.com\/es\/wp-json\/wp\/v2\/pages\/2629\/revisions"}],"up":[{"embeddable":true,"href":"https:\/\/apc1040.com\/es\/wp-json\/wp\/v2\/pages\/2610"}],"wp:attachment":[{"href":"https:\/\/apc1040.com\/es\/wp-json\/wp\/v2\/media?parent=2629"}],"curies":[{"name":"wp","href":"https:\/\/api.w.org\/{rel}","templated":true}]}}