{"id":2628,"date":"2020-09-06T05:09:34","date_gmt":"2020-09-06T09:09:34","guid":{"rendered":"https:\/\/apc1040.com\/encontrar-facilmente-varias-paginas-web\/otra-informacion-importante\/la-contabilidad-fiscal-adecuada-es-importante\/"},"modified":"2024-05-13T10:21:59","modified_gmt":"2024-05-13T14:21:59","slug":"una-correcta-contabilidad-fiscal","status":"publish","type":"page","link":"https:\/\/apc1040.com\/es\/impuestos-facil\/otra-informacion-importante\/una-correcta-contabilidad-fiscal\/","title":{"rendered":"La contabilidad fiscal adecuada es importante"},"content":{"rendered":"<p>&nbsp;<\/p>\n<h2 style=\"text-align: center;\"><span style=\"color: #0000ff;\"><strong><span style=\"font-family: 'Times New Roman'; font-size: 18pt;\">Una contabilidad fiscal adecuada es una funci\u00f3n empresarial necesaria<\/span><\/strong><\/span><\/h2>\n<p>&nbsp;<\/p>\n<h3 style=\"text-align: center;\"><strong><span style=\"color: #ff0000; font-family: 'Times New Roman'; font-size: 18pt;\"><em>Preciso, fiable y seguro.<\/em> <\/span><\/strong><\/h3>\n<p>una correcta contabilidad fiscal es un primer paso importante para la preparaci\u00f3n del impuesto sobre la renta. El proceso de contabilidad de cualquier empresa puede ser realmente amenazante cuando se trata de los impuestos. Sus preocupaciones se extienden a todos los aspectos del negocio. Como el marketing, el desarrollo de productos, las ventas y la atenci\u00f3n al cliente, las estrategias de generaci\u00f3n de beneficios, etc. Por no hablar de la necesidad de una adecuada contabilidad de <a href=\"https:\/\/apc1040.com\/es\/como-evitar-problemas-de-impuestos-del-irs-alquilando-a-su-familia-o-amigos\/\">impuestos del IRS<\/a>. Tienes muchas cosas de las que ocuparte y puede que est\u00e9s pensando en delegar algunas tareas en otros para poder descansar.<\/p>\n<p>Poner al d\u00eda todas las facturas, las n\u00f3minas, los seguros, los impuestos, las cuentas por cobrar y por pagar, las deudas, etc. ser\u00eda definitivamente demasiado agotador para usted trabajando solo. Definitivamente podemos ayudarle a ahorrar mucho tiempo al proporcionarle una contabilidad que le proporcionar\u00e1 informaci\u00f3n precisa para <a href=\"https:\/\/apc1040.com\/es\/como-utilizar-un-plan-responsable-para-reducir-impuestos\/\">utilizarla en la presentaci\u00f3n de sus impuestos<\/a>.<\/p>\n<p>Tarde o temprano, usted tendr\u00e1 que completar sus <a href=\"https:\/\/apc1040.com\/es\/declaracion-de-impuestos-federales-sobre-la-renta\/\">impuestos federales<\/a> del IRS y es mucho m\u00e1s f\u00e1cil estar al tanto de la funci\u00f3n de los servicios de contabilidad sobre una base mensual. Y a la larga es m\u00e1s barato. Al utilizar el proceso de contabilidad adecuado para presentar sus impuestos, definitivamente puede concentrarse m\u00e1s en ganar dinero.<\/p>\n<p>Tambi\u00e9n podemos mantenerlo bien organizado en t\u00e9rminos de la gesti\u00f3n de todo su papeleo para los impuestos federales del IRS y la contabilidad. No te dejar\u00e1n tener las cosas amontonadas en tu escritorio. una correcta <a href=\"https:\/\/apc1040.com\/es\/contabilidad-fiscal-cerca-de-mi\/\">contabilidad fiscal<\/a> Con nuestra ayuda, su vida empresarial puede ser definitivamente m\u00e1s f\u00e1cil y productiva centr\u00e1ndose en lo que mejor sabe hacer&#8230;. hacer que su empresa trabaje para usted<\/p>\n<p>&nbsp;<\/p>\n","protected":false},"excerpt":{"rendered":"<p>&nbsp; Una contabilidad fiscal adecuada es una funci\u00f3n empresarial necesaria &nbsp; Preciso, fiable y seguro. una correcta contabilidad fiscal es un primer paso importante para la preparaci\u00f3n del impuesto sobre la renta. El proceso de contabilidad de cualquier empresa puede ser realmente amenazante cuando se trata de los impuestos. Sus preocupaciones se extienden a todos&#8230;<\/p>\n","protected":false},"author":10,"featured_media":5995,"parent":2615,"menu_order":0,"comment_status":"closed","ping_status":"closed","template":"","meta":{"_lmt_disableupdate":"no","_lmt_disable":"","_monsterinsights_skip_tracking":false,"_monsterinsights_sitenote_active":false,"_monsterinsights_sitenote_note":"","_monsterinsights_sitenote_category":0,"_uf_show_specific_survey":0,"_uf_disable_surveys":false,"footnotes":""},"class_list":["post-2628","page","type-page","status-publish","has-post-thumbnail","hentry"],"yoast_head":"<!-- This site is optimized with the Yoast SEO Premium plugin v27.3 (Yoast SEO v27.4) - https:\/\/yoast.com\/product\/yoast-seo-premium-wordpress\/ -->\n<title>una correcta contabilidad fiscal- Akron Income Tax Preparation<\/title>\n<meta name=\"description\" content=\"una correcta contabilidad fiscal es importante para la preparaci\u00f3n del impuesto sobre la renta. Tarde o temprano.\" \/>\n<meta name=\"robots\" content=\"index, follow, max-snippet:-1, max-image-preview:large, max-video-preview:-1\" \/>\n<link rel=\"canonical\" href=\"https:\/\/apc1040.com\/es\/impuestos-facil\/otra-informacion-importante\/una-correcta-contabilidad-fiscal\/\" \/>\n<meta property=\"og:locale\" content=\"es_ES\" \/>\n<meta property=\"og:type\" content=\"article\" \/>\n<meta property=\"og:title\" content=\"La contabilidad fiscal adecuada es importante\" \/>\n<meta property=\"og:description\" content=\"una correcta contabilidad fiscal es importante para la preparaci\u00f3n del impuesto sobre la renta. Tarde o temprano.\" \/>\n<meta property=\"og:url\" content=\"https:\/\/apc1040.com\/es\/impuestos-facil\/otra-informacion-importante\/una-correcta-contabilidad-fiscal\/\" \/>\n<meta property=\"og:site_name\" content=\"Akron Income Tax Preparation\" \/>\n<meta property=\"article:publisher\" content=\"https:\/\/www.facebook.com\/APC1040\" \/>\n<meta property=\"article:modified_time\" content=\"2024-05-13T14:21:59+00:00\" \/>\n<meta property=\"og:image\" content=\"https:\/\/apc1040.com\/wp-content\/uploads\/2024\/01\/6kwGEO_tax_accounting.jpg\" \/>\n\t<meta property=\"og:image:width\" content=\"480\" \/>\n\t<meta property=\"og:image:height\" content=\"270\" \/>\n\t<meta property=\"og:image:type\" content=\"image\/jpeg\" \/>\n<meta name=\"twitter:card\" content=\"summary_large_image\" \/>\n<meta name=\"twitter:label1\" content=\"Est. reading time\" \/>\n\t<meta name=\"twitter:data1\" content=\"2 minutes\" \/>\n<!-- \/ Yoast SEO Premium plugin. -->","yoast_head_json":{"title":"una correcta contabilidad fiscal- Akron Income Tax Preparation","description":"una correcta contabilidad fiscal es importante para la preparaci\u00f3n del impuesto sobre la renta. Tarde o temprano.","robots":{"index":"index","follow":"follow","max-snippet":"max-snippet:-1","max-image-preview":"max-image-preview:large","max-video-preview":"max-video-preview:-1"},"canonical":"https:\/\/apc1040.com\/es\/impuestos-facil\/otra-informacion-importante\/una-correcta-contabilidad-fiscal\/","og_locale":"es_ES","og_type":"article","og_title":"La contabilidad fiscal adecuada es importante","og_description":"una correcta contabilidad fiscal es importante para la preparaci\u00f3n del impuesto sobre la renta. Tarde o temprano.","og_url":"https:\/\/apc1040.com\/es\/impuestos-facil\/otra-informacion-importante\/una-correcta-contabilidad-fiscal\/","og_site_name":"Akron Income Tax Preparation","article_publisher":"https:\/\/www.facebook.com\/APC1040","article_modified_time":"2024-05-13T14:21:59+00:00","og_image":[{"width":480,"height":270,"url":"https:\/\/apc1040.com\/wp-content\/uploads\/2024\/01\/6kwGEO_tax_accounting.jpg","type":"image\/jpeg"}],"twitter_card":"summary_large_image","twitter_misc":{"Est. reading time":"2 minutes"},"schema":{"@context":"https:\/\/schema.org","@graph":[{"@type":"WebPage","@id":"https:\/\/apc1040.com\/es\/impuestos-facil\/otra-informacion-importante\/una-correcta-contabilidad-fiscal\/","url":"https:\/\/apc1040.com\/es\/impuestos-facil\/otra-informacion-importante\/una-correcta-contabilidad-fiscal\/","name":"una correcta contabilidad fiscal- Akron Income Tax Preparation","isPartOf":{"@id":"https:\/\/apc1040.com\/es\/#website"},"primaryImageOfPage":{"@id":"https:\/\/apc1040.com\/es\/impuestos-facil\/otra-informacion-importante\/una-correcta-contabilidad-fiscal\/#primaryimage"},"image":{"@id":"https:\/\/apc1040.com\/es\/impuestos-facil\/otra-informacion-importante\/una-correcta-contabilidad-fiscal\/#primaryimage"},"thumbnailUrl":"https:\/\/apc1040.com\/wp-content\/uploads\/2024\/01\/6kwGEO_tax_accounting.jpg","datePublished":"2020-09-06T09:09:34+00:00","dateModified":"2024-05-13T14:21:59+00:00","description":"una correcta contabilidad fiscal es importante para la preparaci\u00f3n del impuesto sobre la renta. Tarde o temprano.","breadcrumb":{"@id":"https:\/\/apc1040.com\/es\/impuestos-facil\/otra-informacion-importante\/una-correcta-contabilidad-fiscal\/#breadcrumb"},"inLanguage":"es","potentialAction":[{"@type":"ReadAction","target":["https:\/\/apc1040.com\/es\/impuestos-facil\/otra-informacion-importante\/una-correcta-contabilidad-fiscal\/"]}]},{"@type":"ImageObject","inLanguage":"es","@id":"https:\/\/apc1040.com\/es\/impuestos-facil\/otra-informacion-importante\/una-correcta-contabilidad-fiscal\/#primaryimage","url":"https:\/\/apc1040.com\/wp-content\/uploads\/2024\/01\/6kwGEO_tax_accounting.jpg","contentUrl":"https:\/\/apc1040.com\/wp-content\/uploads\/2024\/01\/6kwGEO_tax_accounting.jpg","width":480,"height":270,"caption":"Income Tax Preparation Akron Ohio"},{"@type":"BreadcrumbList","@id":"https:\/\/apc1040.com\/es\/impuestos-facil\/otra-informacion-importante\/una-correcta-contabilidad-fiscal\/#breadcrumb","itemListElement":[{"@type":"ListItem","position":1,"name":"Home","item":"https:\/\/apc1040.com\/es\/"},{"@type":"ListItem","position":2,"name":"Encontrar f\u00e1cilmente varias p\u00e1ginas web","item":"https:\/\/apc1040.com\/es\/impuestos-facil\/"},{"@type":"ListItem","position":3,"name":"Otra informaci\u00f3n importante","item":"https:\/\/apc1040.com\/es\/impuestos-facil\/otra-informacion-importante\/"},{"@type":"ListItem","position":4,"name":"La contabilidad fiscal adecuada es importante"}]},{"@type":"WebSite","@id":"https:\/\/apc1040.com\/es\/#website","url":"https:\/\/apc1040.com\/es\/","name":"Akron Income Tax Preparation","description":"Income Tax Preparation Service","publisher":{"@id":"https:\/\/apc1040.com\/es\/#organization"},"potentialAction":[{"@type":"SearchAction","target":{"@type":"EntryPoint","urlTemplate":"https:\/\/apc1040.com\/es\/?s={search_term_string}"},"query-input":{"@type":"PropertyValueSpecification","valueRequired":true,"valueName":"search_term_string"}}],"inLanguage":"es"},{"@type":"Organization","@id":"https:\/\/apc1040.com\/es\/#organization","name":"Akron Income Tax Co","url":"https:\/\/apc1040.com\/es\/","logo":{"@type":"ImageObject","inLanguage":"es","@id":"https:\/\/apc1040.com\/es\/#\/schema\/logo\/image\/","url":"https:\/\/apc1040.com\/wp-content\/uploads\/2024\/11\/income-tax-service-akron.jpg","contentUrl":"https:\/\/apc1040.com\/wp-content\/uploads\/2024\/11\/income-tax-service-akron.jpg","width":800,"height":745,"caption":"Akron Income Tax Co"},"image":{"@id":"https:\/\/apc1040.com\/es\/#\/schema\/logo\/image\/"},"sameAs":["https:\/\/www.facebook.com\/APC1040"]}]}},"amp_enabled":true,"_links":{"self":[{"href":"https:\/\/apc1040.com\/es\/wp-json\/wp\/v2\/pages\/2628","targetHints":{"allow":["GET"]}}],"collection":[{"href":"https:\/\/apc1040.com\/es\/wp-json\/wp\/v2\/pages"}],"about":[{"href":"https:\/\/apc1040.com\/es\/wp-json\/wp\/v2\/types\/page"}],"author":[{"embeddable":true,"href":"https:\/\/apc1040.com\/es\/wp-json\/wp\/v2\/users\/10"}],"replies":[{"embeddable":true,"href":"https:\/\/apc1040.com\/es\/wp-json\/wp\/v2\/comments?post=2628"}],"version-history":[{"count":0,"href":"https:\/\/apc1040.com\/es\/wp-json\/wp\/v2\/pages\/2628\/revisions"}],"up":[{"embeddable":true,"href":"https:\/\/apc1040.com\/es\/wp-json\/wp\/v2\/pages\/2615"}],"wp:featuredmedia":[{"embeddable":true,"href":"https:\/\/apc1040.com\/es\/wp-json\/wp\/v2\/media\/5995"}],"wp:attachment":[{"href":"https:\/\/apc1040.com\/es\/wp-json\/wp\/v2\/media?parent=2628"}],"curies":[{"name":"wp","href":"https:\/\/api.w.org\/{rel}","templated":true}]}}