{"id":2627,"date":"2020-09-06T05:13:23","date_gmt":"2020-09-06T09:13:23","guid":{"rendered":"https:\/\/apc1040.com\/prestamos-familiares-e-impuesto-sobre-donaciones\/"},"modified":"2024-05-13T10:25:56","modified_gmt":"2024-05-13T14:25:56","slug":"prestamos-familiares-e-impuesto-sobre-donaciones","status":"publish","type":"page","link":"https:\/\/apc1040.com\/es\/impuestos-facil\/otra-informacion-importante\/prestamos-familiares-e-impuesto-sobre-donaciones\/","title":{"rendered":"Pr\u00e9stamos familiares e impuesto sobre donaciones"},"content":{"rendered":"<h2 style=\"padding-left: 40px;\"><img decoding=\"async\" class=\"aligncenter wp-image-2531 size-medium\" src=\"https:\/\/apc1040.com\/wp-content\/uploads\/2021\/12\/burnmoney-300x300.jpg\" alt=\"Pr\u00e9stamos familiares e impuesto sobre donaciones\" width=\"300\" height=\"300\" srcset=\"https:\/\/apc1040.com\/wp-content\/uploads\/2021\/12\/burnmoney-300x300.jpg 300w, https:\/\/apc1040.com\/wp-content\/uploads\/2021\/12\/burnmoney-150x150.jpg 150w, https:\/\/apc1040.com\/wp-content\/uploads\/2021\/12\/burnmoney.jpg 800w\" sizes=\"(max-width: 300px) 100vw, 300px\" \/><\/h2>\n<h2 style=\"padding-left: 40px;\">Lo que hay que saber&#8230;<\/h2>\n<p style=\"padding-left: 40px;\">Pr\u00e9stamos familiares e impuesto sobre donaciones. Los regalos monetarios a amigos y familiares que se hagan pueden ser de hasta 16.000 d\u00f3lares al a\u00f1o sin que haya problemas de impuestos. Cualquier cantidad que supere los 16.000 d\u00f3lares anuales debe ser gestionada documentando la cantidad como un pr\u00e9stamo para evitar la presentaci\u00f3n de <a href=\"https:\/\/apc1040.com\/es\/oferta-de-preparacion-de-impuestos-sobre-la-renta\/\">declaraciones de impuestos<\/a> sobre donaciones del IRS.<\/p>\n<p style=\"padding-left: 40px;\">&#8220;Pr\u00e9stamos de regalo&#8221;. Es importante que documente adecuadamente el pr\u00e9stamo por escrito.<\/p>\n<p style=\"padding-left: 40px;\">El problema m\u00e1s com\u00fan que hacen los particulares es que no documentan los Pr\u00e9stamos Familiares y <a href=\"https:\/\/apc1040.com\/es\/preguntas-frecuentes-sobre-el-servicio-de-impuestos-preguntas-mas-frecuentes\/\">el Impuesto de<\/a> Donaciones sobre todo si no van a pedir intereses por ello. Lo cierto es que aunque no vayas a pedir un tipo de inter\u00e9s, tienes que documentarlo en tu Expediente para Hacienda. Si vas a pedir un inter\u00e9s, tienes que documentar las condiciones de pago y la garant\u00eda que implica el pr\u00e9stamo para tenerlo todo en blanco y negro. Si no lo hace correctamente, puede encontrarse <a href=\"https:\/\/apc1040.com\/es\/explore-las-opciones-del-plan-de-pago-de-impuestos-del-irs\/\">pagando impuestos<\/a> sobre el pr\u00e9stamo. Lo bueno de documentar estos pr\u00e9stamos es que no hay que recurrir a un abogado para ello, a menos que el pr\u00e9stamo sea para una hipoteca. S\u00f3lo tienes que escribirlo por tu cuenta, este documento se llama &#8220;nota&#8221;.<\/p>\n<h3 style=\"padding-left: 40px;\">Pr\u00e9stamos familiares: La nota<\/h3>\n<p style=\"padding-left: 40px;\">Una vez que tengas el pagar\u00e9, es importante que lo guardes en un <a href=\"https:\/\/apc1040.com\/es\/impuestos-facil\/como-constituir-su-empresa-de-forma-economica\/\">lugar seguro<\/a>, sobre todo si el dinero que te han prestado va a ser para una hipoteca o para la compra de un inmueble. La mayor\u00eda de las veces, estos pr\u00e9stamos que se utilizan para hipotecas suelen pasar por la legalizaci\u00f3n a trav\u00e9s de una empresa de t\u00edtulos o un abogado. La raz\u00f3n por la que es importante que el pr\u00e9stamo se reconozca por escrito es para obtener el beneficio por <span style=\"color: #1a1a1a;\"><br \/>\n<a style=\"color: #1a1a1a;\" href=\"https:\/\/apc1040.com\/es\/servicio-de-impuestos-cerca-de-mi\/\">Impuestos sobre la renta<\/a><br \/>\n<\/span> sobre los intereses de la hipoteca.<\/p>\n<p style=\"padding-left: 40px;\">Esta nota tambi\u00e9n dejar\u00e1 muy claro para usted, el prestatario y el IRS que el dinero obtenido de usted es un pr\u00e9stamo y no como un regalo. Esta es una forma clara de establecer la obligaci\u00f3n financiera con el prestatario.<\/p>\n<p style=\"padding-left: 40px;\">La mayor\u00eda de las veces, las personas que prestan dinero a sus familiares no suelen pedir intereses. Sin embargo, si usted no proporciona una cantidad de inter\u00e9s en la nota, el IRS puede obligarle a utilizar su tipo nominal. Esto es lo que se llama inter\u00e9s imputado. La definici\u00f3n de un pr\u00e9stamo es que debe tener un tipo de inter\u00e9s y que los intereses <a href=\"https:\/\/apc1040.com\/es\/las-criptomonedas-estan-sujetas-a-impuestos\/\">est\u00e1n sujetos a impuestos<\/a> por parte de Hacienda. S\u00ed, los impuestos siempre est\u00e1n involucrados.<\/p>\n<h3 style=\"padding-left: 40px;\">Utilizar un pr\u00e9stamo a la carta en su beneficio<\/h3>\n<p style=\"padding-left: 40px;\">Dentro de la nota, se requiere el per\u00edodo de tiempo del pr\u00e9stamo. Utilizar un pr\u00e9stamo a la carta significa que puede exigir el pago total del importe cuando lo desee. Pero s\u00f3lo puede utilizar esto para la formalidad con el IRS en t\u00e9rminos de c\u00e1lculo de la donaci\u00f3n imputada. Tanto usted como su prestatario pueden acordar el calendario de pagos y las opciones de manera informal.<\/p>\n<p style=\"padding-left: 40px;\">El impuesto sobre donaciones imputado se determinar\u00e1 anualmente sobre el pr\u00e9stamo a la vista. En el plazo de un a\u00f1o, los intereses que hay que pagar en un a\u00f1o tendr\u00e1n un importe total de 16.000 d\u00f3lares para esos pr\u00e9stamos m\u00e1s grandes. Con esta gesti\u00f3n, puede maximizar la cantidad de regalos gratuitos totales y ahorrar en posibles impuestos. Imag\u00ednate todo lo que puedes hacer si utilizas bien el &#8220;pr\u00e9stamo a la carta&#8221;. Si vas a &#8220;regalar&#8221; dinero a alguien, no hay raz\u00f3n para que tambi\u00e9n pagues impuestos por \u00e9l. Establecer la estructura adecuada es importante para limitar sus impuestos. Hay varias formas de limitar sus impuestos, como el uso de un pr\u00e9stamo a la vista y el uso de sus beneficios de por vida de los impuestos sobre donaciones.<\/p>\n<h3 style=\"padding-left: 40px;\">Conclusi\u00f3n<\/h3>\n<p style=\"padding-left: 40px;\">Si regala 16.000 d\u00f3lares o menos al a\u00f1o a alguien, es una operaci\u00f3n &#8220;gratuita&#8221; en su <a href=\"https:\/\/apc1040.com\/es\/declaraciones-de-impuestos-sobre-la-renta-akron\/\">declaraci\u00f3n de<\/a> la renta. Pero si usted regala m\u00e1s de $16,000 a cualquier persona en un a\u00f1o, usted DEBE <a href=\"https:\/\/apc1040.com\/es\/declaraciones-de-impuestos-sobre-la-renta-akron\/\">presentar una declaraci\u00f3n de regalo para los impuestos<\/a> o documentarlo adecuadamente como un pr\u00e9stamo con una nota apropiada. S\u00f3lo tendr\u00eda que cumplir con los tipos de inter\u00e9s federales establecidos que se pueden encontrar en la p\u00e1gina web del IRS. Si tiene alguna <a href=\"https:\/\/apc1040.com\/es\/preguntas-frecuentes-sobre-el-servicio-de-impuestos-preguntas-mas-frecuentes\/\">duda,<\/a> no dude en preguntar.<\/p>\n","protected":false},"excerpt":{"rendered":"<p>Lo que hay que saber&#8230; Pr\u00e9stamos familiares e impuesto sobre donaciones. Los regalos monetarios a amigos y familiares que se hagan pueden ser de hasta 16.000 d\u00f3lares al a\u00f1o sin que haya problemas de impuestos. Cualquier cantidad que supere los 16.000 d\u00f3lares anuales debe ser gestionada documentando la cantidad como un pr\u00e9stamo para evitar la&#8230;<\/p>\n","protected":false},"author":10,"featured_media":2531,"parent":2615,"menu_order":0,"comment_status":"closed","ping_status":"closed","template":"","meta":{"_lmt_disableupdate":"no","_lmt_disable":"","_monsterinsights_skip_tracking":false,"_monsterinsights_sitenote_active":false,"_monsterinsights_sitenote_note":"","_monsterinsights_sitenote_category":0,"_uf_show_specific_survey":0,"_uf_disable_surveys":false,"footnotes":""},"class_list":["post-2627","page","type-page","status-publish","has-post-thumbnail","hentry"],"yoast_head":"<!-- This site is optimized with the Yoast SEO Premium plugin v27.6 (Yoast SEO v27.6) - https:\/\/yoast.com\/product\/yoast-seo-premium-wordpress\/ -->\n<title>Pr\u00e9stamos familiares e impuesto sobre donaciones:<\/title>\n<meta name=\"description\" content=\"Los pr\u00e9stamos familiares e impuesto sobre donaciones: Las donaciones pueden ser de hasta 16.000 d\u00f3lares al a\u00f1o.\" \/>\n<meta name=\"robots\" content=\"index, follow, max-snippet:-1, max-image-preview:large, max-video-preview:-1\" \/>\n<link rel=\"canonical\" href=\"https:\/\/apc1040.com\/es\/impuestos-facil\/otra-informacion-importante\/prestamos-familiares-e-impuesto-sobre-donaciones\/\" \/>\n<meta property=\"og:locale\" content=\"es_ES\" \/>\n<meta property=\"og:type\" content=\"article\" \/>\n<meta property=\"og:title\" content=\"Pr\u00e9stamos familiares e impuesto sobre donaciones\" \/>\n<meta property=\"og:description\" content=\"Los pr\u00e9stamos familiares e impuesto sobre donaciones: Las donaciones pueden ser de hasta 16.000 d\u00f3lares al a\u00f1o.\" \/>\n<meta property=\"og:url\" content=\"https:\/\/apc1040.com\/es\/impuestos-facil\/otra-informacion-importante\/prestamos-familiares-e-impuesto-sobre-donaciones\/\" \/>\n<meta property=\"og:site_name\" content=\"Akron Income Tax Preparation\" \/>\n<meta property=\"article:publisher\" content=\"https:\/\/www.facebook.com\/APC1040\" \/>\n<meta property=\"article:modified_time\" content=\"2024-05-13T14:25:56+00:00\" \/>\n<meta property=\"og:image\" content=\"https:\/\/apc1040.com\/wp-content\/uploads\/2021\/12\/burnmoney.jpg\" \/>\n\t<meta property=\"og:image:width\" content=\"800\" \/>\n\t<meta property=\"og:image:height\" content=\"800\" \/>\n\t<meta property=\"og:image:type\" content=\"image\/jpeg\" \/>\n<meta name=\"twitter:card\" content=\"summary_large_image\" \/>\n<meta name=\"twitter:label1\" content=\"Est. reading time\" \/>\n\t<meta name=\"twitter:data1\" content=\"4 minutes\" \/>\n<!-- \/ Yoast SEO Premium plugin. -->","yoast_head_json":{"title":"Pr\u00e9stamos familiares e impuesto sobre donaciones:","description":"Los pr\u00e9stamos familiares e impuesto sobre donaciones: Las donaciones pueden ser de hasta 16.000 d\u00f3lares al a\u00f1o.","robots":{"index":"index","follow":"follow","max-snippet":"max-snippet:-1","max-image-preview":"max-image-preview:large","max-video-preview":"max-video-preview:-1"},"canonical":"https:\/\/apc1040.com\/es\/impuestos-facil\/otra-informacion-importante\/prestamos-familiares-e-impuesto-sobre-donaciones\/","og_locale":"es_ES","og_type":"article","og_title":"Pr\u00e9stamos familiares e impuesto sobre donaciones","og_description":"Los pr\u00e9stamos familiares e impuesto sobre donaciones: Las donaciones pueden ser de hasta 16.000 d\u00f3lares al a\u00f1o.","og_url":"https:\/\/apc1040.com\/es\/impuestos-facil\/otra-informacion-importante\/prestamos-familiares-e-impuesto-sobre-donaciones\/","og_site_name":"Akron Income Tax Preparation","article_publisher":"https:\/\/www.facebook.com\/APC1040","article_modified_time":"2024-05-13T14:25:56+00:00","og_image":[{"width":800,"height":800,"url":"https:\/\/apc1040.com\/wp-content\/uploads\/2021\/12\/burnmoney.jpg","type":"image\/jpeg"}],"twitter_card":"summary_large_image","twitter_misc":{"Est. reading time":"4 minutes"},"schema":{"@context":"https:\/\/schema.org","@graph":[{"@type":"WebPage","@id":"https:\/\/apc1040.com\/es\/impuestos-facil\/otra-informacion-importante\/prestamos-familiares-e-impuesto-sobre-donaciones\/","url":"https:\/\/apc1040.com\/es\/impuestos-facil\/otra-informacion-importante\/prestamos-familiares-e-impuesto-sobre-donaciones\/","name":"Pr\u00e9stamos familiares e impuesto sobre donaciones:","isPartOf":{"@id":"https:\/\/apc1040.com\/es\/#website"},"primaryImageOfPage":{"@id":"https:\/\/apc1040.com\/es\/impuestos-facil\/otra-informacion-importante\/prestamos-familiares-e-impuesto-sobre-donaciones\/#primaryimage"},"image":{"@id":"https:\/\/apc1040.com\/es\/impuestos-facil\/otra-informacion-importante\/prestamos-familiares-e-impuesto-sobre-donaciones\/#primaryimage"},"thumbnailUrl":"https:\/\/apc1040.com\/wp-content\/uploads\/2021\/12\/burnmoney.jpg","datePublished":"2020-09-06T09:13:23+00:00","dateModified":"2024-05-13T14:25:56+00:00","description":"Los pr\u00e9stamos familiares e impuesto sobre donaciones: Las donaciones pueden ser de hasta 16.000 d\u00f3lares al a\u00f1o.","breadcrumb":{"@id":"https:\/\/apc1040.com\/es\/impuestos-facil\/otra-informacion-importante\/prestamos-familiares-e-impuesto-sobre-donaciones\/#breadcrumb"},"inLanguage":"es","potentialAction":[{"@type":"ReadAction","target":["https:\/\/apc1040.com\/es\/impuestos-facil\/otra-informacion-importante\/prestamos-familiares-e-impuesto-sobre-donaciones\/"]}]},{"@type":"ImageObject","inLanguage":"es","@id":"https:\/\/apc1040.com\/es\/impuestos-facil\/otra-informacion-importante\/prestamos-familiares-e-impuesto-sobre-donaciones\/#primaryimage","url":"https:\/\/apc1040.com\/wp-content\/uploads\/2021\/12\/burnmoney.jpg","contentUrl":"https:\/\/apc1040.com\/wp-content\/uploads\/2021\/12\/burnmoney.jpg","width":800,"height":800,"caption":"burnmoney"},{"@type":"BreadcrumbList","@id":"https:\/\/apc1040.com\/es\/impuestos-facil\/otra-informacion-importante\/prestamos-familiares-e-impuesto-sobre-donaciones\/#breadcrumb","itemListElement":[{"@type":"ListItem","position":1,"name":"Home","item":"https:\/\/apc1040.com\/es\/"},{"@type":"ListItem","position":2,"name":"Encontrar f\u00e1cilmente varias p\u00e1ginas web","item":"https:\/\/apc1040.com\/es\/impuestos-facil\/"},{"@type":"ListItem","position":3,"name":"Otra informaci\u00f3n importante","item":"https:\/\/apc1040.com\/es\/impuestos-facil\/otra-informacion-importante\/"},{"@type":"ListItem","position":4,"name":"Pr\u00e9stamos familiares e impuesto sobre donaciones"}]},{"@type":"WebSite","@id":"https:\/\/apc1040.com\/es\/#website","url":"https:\/\/apc1040.com\/es\/","name":"Akron Income Tax Preparation","description":"Income Tax Preparation Service","publisher":{"@id":"https:\/\/apc1040.com\/es\/#organization"},"potentialAction":[{"@type":"SearchAction","target":{"@type":"EntryPoint","urlTemplate":"https:\/\/apc1040.com\/es\/?s={search_term_string}"},"query-input":{"@type":"PropertyValueSpecification","valueRequired":true,"valueName":"search_term_string"}}],"inLanguage":"es"},{"@type":"Organization","@id":"https:\/\/apc1040.com\/es\/#organization","name":"Akron Income Tax Co","url":"https:\/\/apc1040.com\/es\/","logo":{"@type":"ImageObject","inLanguage":"es","@id":"https:\/\/apc1040.com\/es\/#\/schema\/logo\/image\/","url":"https:\/\/apc1040.com\/wp-content\/uploads\/2024\/11\/income-tax-service-akron.jpg","contentUrl":"https:\/\/apc1040.com\/wp-content\/uploads\/2024\/11\/income-tax-service-akron.jpg","width":800,"height":745,"caption":"Akron Income Tax Co"},"image":{"@id":"https:\/\/apc1040.com\/es\/#\/schema\/logo\/image\/"},"sameAs":["https:\/\/www.facebook.com\/APC1040"]}]}},"amp_enabled":true,"_links":{"self":[{"href":"https:\/\/apc1040.com\/es\/wp-json\/wp\/v2\/pages\/2627","targetHints":{"allow":["GET"]}}],"collection":[{"href":"https:\/\/apc1040.com\/es\/wp-json\/wp\/v2\/pages"}],"about":[{"href":"https:\/\/apc1040.com\/es\/wp-json\/wp\/v2\/types\/page"}],"author":[{"embeddable":true,"href":"https:\/\/apc1040.com\/es\/wp-json\/wp\/v2\/users\/10"}],"replies":[{"embeddable":true,"href":"https:\/\/apc1040.com\/es\/wp-json\/wp\/v2\/comments?post=2627"}],"version-history":[{"count":0,"href":"https:\/\/apc1040.com\/es\/wp-json\/wp\/v2\/pages\/2627\/revisions"}],"up":[{"embeddable":true,"href":"https:\/\/apc1040.com\/es\/wp-json\/wp\/v2\/pages\/2615"}],"wp:featuredmedia":[{"embeddable":true,"href":"https:\/\/apc1040.com\/es\/wp-json\/wp\/v2\/media\/2531"}],"wp:attachment":[{"href":"https:\/\/apc1040.com\/es\/wp-json\/wp\/v2\/media?parent=2627"}],"curies":[{"name":"wp","href":"https:\/\/api.w.org\/{rel}","templated":true}]}}