{"id":2624,"date":"2020-09-06T03:40:22","date_gmt":"2020-09-06T07:40:22","guid":{"rendered":"https:\/\/apc1040.com\/encontrar-facilmente-varias-paginas-web\/carteles-de-empresa-y-formularios-de-impuestos-para-los-empleados-requeridos\/formularios-fiscales-para-subcontratistas\/"},"modified":"2024-05-09T15:25:33","modified_gmt":"2024-05-09T19:25:33","slug":"formularios-fiscales-para-subcontratistas","status":"publish","type":"page","link":"https:\/\/apc1040.com\/es\/impuestos-facil\/carteles-de-empresa\/formularios-fiscales-para-subcontratistas\/","title":{"rendered":"Formularios fiscales para subcontratistas"},"content":{"rendered":"<h2><strong>Formularios de impuestos para subcontratistas: c\u00f3mo adquirir el h\u00e1bito de que sus subcontratistas los completen<\/strong><\/h2>\n<p>Los formularios de impuestos de subcontratistas proporcionados por la Preparaci\u00f3n de Impuestos sobre la Renta de Akron son necesarios cuando contrata a subcontratistas. Debes adquirir el h\u00e1bito de hacer que tus subcontratistas los llenen cuando sean contratados o al menos antes de escribirles el primer cheque. Estos datos son necesarios para emitir un 1099 NEC, Formulario 1099-NEC del IRS, al sub al final del a\u00f1o, informando sus ingresos laborales e ingresos imponibles. Sin estos datos, puede perder la deducci\u00f3n de impuestos federales que le cuesta mucho dinero cuando presenta sus impuestos federales ante la autoridad fiscal estatal. Aseg\u00farese de incluir el nombre de su empressa, la direcci\u00f3n, el n\u00famero de tel\u00e9fono y el n\u00famero de identificaci\u00f3n del <a href=\"https:\/\/apc1040.com\/es\/formulario-de-informacion-al-contribuyente\/\">contribuyente en el formulario<\/a>.<\/p>\n<p>Como propietario de un negocio, contratar subcontratistas es una excelente manera de obtener un trabajo de calidad mientras ahorra dinero. Pero, \u00bfsab\u00edas que tambi\u00e9n eres responsable de emitirles los Formularios de Impuestos de Subcontratistas? Esto puede parecer una molestia adicional, pero en realidad es muy importante. No emitir los <a href=\"https:\/\/apc1040.com\/es\/impuestos-facil\/carteles-de-empresa\/\">formularios de impuestos<\/a> para subcontratistas puede resultar en grandes multas por parte del IRS. En este art\u00edculo, explicaremos por qu\u00e9 es tan importante que tus suscriptores rellenen estos formularios. Tambi\u00e9n les daremos algunos consejos sobre c\u00f3mo facilitarles la tarea.<\/p>\n<h2><strong>\u00bfQu\u00e9 es un formulario de impuestos para subcontratistas?<\/strong><\/h2>\n<p>Un formulario de impuestos para subcontratistas, tambi\u00e9n llamado W-9, es un documento b\u00e1sico que proporciona informaci\u00f3n sobre usted como contratista independiente a la empresa o persona para la que est\u00e1 realizando el trabajo. El prop\u00f3sito del W-9 es proporcionar al pagador su n\u00famero de identificaci\u00f3n del contribuyente (TIN), que podr\u00eda ser un n\u00famero de seguro social (SSN) para propietarios \u00fanicos o un n\u00famero de identificaci\u00f3n del empleador (EIN) para otras empresas.<\/p>\n<p>Para que puedan declarar correctamente los ingresos que ha obtenido en su declaraci\u00f3n de impuestos para diferentes tipos de ingresos recibidos durante el a\u00f1o fiscal, como a trav\u00e9s de juegos de azar, intereses, dividendos, compensaci\u00f3n de no empleados o distribuciones de planes de jubilaci\u00f3n, por ejemplo.<\/p>\n<p>Estos ingresos pueden incluir intereses de su banco, dividendos de inversiones o compensaci\u00f3n por trabajo independiente. El Servicio de Impuestos Internos (IRS, por sus siglas en ingl\u00e9s) requiere el uso de un formulario W-9 para fines de declaraci\u00f3n de impuestos. Incluyendo la retenci\u00f3n adicional para entidades de sociedades de responsabilidad limitada (LLC).<\/p>\n<h2><strong>Formulario W9<\/strong><\/h2>\n<p>Si bien no es necesario que completes un W-9 para cada trabajo o cliente con el que trabajas, generalmente es una buena idea tener uno a mano en caso de que se solicite. De esa manera, puede evitar posibles retrasos en el pago. Completar un W-9 es a menudo un requisito previo para ser contratado como contratista independiente en una peque\u00f1a empresa, por lo que es mejor estar preparado. Si no tienes un W-9 a mano cuando alguien te lo pida, puedes solicitarlo f\u00e1cilmente al IRS.<\/p>\n<p>Los contratistas independientes trabajan por proyectos y tienen m\u00e1s control sobre su trabajo. Facturan a los clientes por sus servicios y son responsables de pagar sus propios impuestos, incluido el impuesto sobre el trabajo por cuenta propia. No reciben los beneficios tradicionales de los empleados.<\/p>\n<p>Es importante tener en cuenta que algunos tipos de pagos, como los realizados a trav\u00e9s de compa\u00f1\u00edas de tarjetas de cr\u00e9dito y servicios de pago como PayPal, pueden tener umbrales m\u00e1s altos o m\u00e1s bajos para presentar un formulario 1099 por diferentes razones, dependiendo de cu\u00e1ntos ingresos recibi\u00f3 durante el a\u00f1o y qu\u00e9 tipo de ingresos fueron, ya sea en formato electr\u00f3nico o en papel.<\/p>\n<h2><strong>\u00bfPor qu\u00e9 son importantes los formularios de impuestos para subcontratistas 1099 de NEC?<\/strong><\/h2>\n<h3><strong>Ayudan a garantizar que se le pague correctamente en la temporada de impuestos:<\/strong><\/h3>\n<p>Como subcontratista, es importante asegurarse de que se le pague correctamente en la temporada de impuestos. Una forma de hacerlo es completando cuidadosamente sus formularios de impuestos. Sus formularios de impuestos ayudar\u00e1n a su contratista a calcular sus impuestos adeudados y cualquier deducci\u00f3n o cr\u00e9dito para el que pueda ser elegible. Adem\u00e1s, sus formularios de impuestos tambi\u00e9n garantizar\u00e1n que se le pague la cantidad correcta de dinero en la temporada de impuestos. Al tomarse el tiempo para completar sus formularios de impuestos correctamente, puede ayudar a garantizar que se le pague correctamente y a tiempo.<\/p>\n<h3><strong>Ayudan a garantizar que pague la cantidad correcta de impuestos:<\/strong><\/h3>\n<p>Otra raz\u00f3n por la que los formularios de impuestos para subcontratistas son importantes es que ayudan a garantizar que pague la cantidad correcta de impuestos. Cuando completa con precisi\u00f3n sus formularios de impuestos, puede evitar pagar impuestos de m\u00e1s o de menos. Adem\u00e1s, al completar sus formularios de impuestos con precisi\u00f3n, puede ayudar a asegurarse de no incurrir en multas de tiempo de impuestos. Al completar sus formularios de impuestos de subcontratista con precisi\u00f3n, puede ayudar a asegurarse de pagar la cantidad correcta de impuestos.<\/p>\n<h3><strong>Te ayudan a llevar un registro de tus gastos:<\/strong><\/h3>\n<p>Los formularios de impuestos de subcontratistas tambi\u00e9n pueden ayudarlo a realizar un seguimiento de sus gastos. Cuando llene sus formularios de impuestos, deber\u00e1 incluir todos los gastos de su negocio. Esto incluye cosas como gastos de viaje, suministros de oficina y costos de marketing. Llevar un registro de tus gastos puede ser \u00fatil en la temporada de impuestos, ya que te permitir\u00e1 deducirlos de tus impuestos adeudados.<\/p>\n<p>Adem\u00e1s, el seguimiento de sus gastos tambi\u00e9n puede ayudarlo a ahorrar dinero a largo plazo al asegurarse de no gastar de m\u00e1s en los gastos comerciales. Al completar con precisi\u00f3n los formularios de impuestos de subcontratista, puede ayudar a realizar un seguimiento de los gastos de su negocio.<\/p>\n<h3><strong>Te ayudan a mantenerte organizado:<\/strong><\/h3>\n<p>Completar los formularios de impuestos de subcontratistas tambi\u00e9n puede ayudarlo a mantenerse organizado. Cuando tengas toda tu informaci\u00f3n organizada y en un solo lugar, ser\u00e1 mucho m\u00e1s f\u00e1cil para ti completar tus impuestos cuando llegue la temporada de impuestos. Adem\u00e1s, mantenerse organizado tambi\u00e9n puede ayudarlo a ahorrar tiempo y dinero cuando llegue el momento de los impuestos. Al completar sus formularios de impuestos de subcontratista con precisi\u00f3n, puede ayudar a garantizar que todo est\u00e9 organizado y en un solo lugar cuando llegue la temporada de impuestos.<\/p>\n<h3>Pueden ayudarlo a obtener un reembolso:<\/h3>\n<p>Si pag\u00f3 de m\u00e1s sus impuestos el a\u00f1o pasado, completar con precisi\u00f3n los formularios de impuestos de subcontratistas, incluida la presentaci\u00f3n electr\u00f3nica, puede ayudarlo a obtener un reembolso de impuestos. Cuando solicite un reembolso al IRS, necesitar\u00e1n informaci\u00f3n precisa para procesar su solicitud. Al tomarse el tiempo para completar su formulario de impuestos de subcontratista correctamente, puede ayudar a garantizar que el IRS tenga toda la informaci\u00f3n que necesita para procesar su solicitud de reembolso de manera r\u00e1pida y eficiente.<\/p>\n<h3>Pueden ayudarte a ahorrar dinero:<\/h3>\n<p>Los formularios de impuestos para subcontratistas pueden ayudarle a ahorrar dinero de dos maneras. En primer lugar, si usted es propietario de un negocio, puede deducir de sus impuestos el costo de los servicios que recibe de los subcontratistas, incluidos los ingresos comerciales. Esto puede generar ahorros significativos en el momento de la declaraci\u00f3n de impuestos. En segundo lugar, si usted es un subcontratista individual, <a href=\"https:\/\/apc1040.com\/es\/declaraciones-de-impuestos-sobre-la-renta-akron\/\">presentar sus impuestos correctamente<\/a> puede garantizar que reciba todas las deducciones y cr\u00e9ditos a los que tiene derecho, dependiendo de su situaci\u00f3n fiscal.<\/p>\n<p>Esto tambi\u00e9n puede suponer un ahorro significativo. Por lo tanto, es importante asegurarse de presentar correctamente sus formularios de impuestos de subcontratista para maximizar sus ahorros.<\/p>\n<h3>Pueden ayudarte a evitar sanciones:<\/h3>\n<p>Presentar correctamente los formularios de impuestos de subcontratista tambi\u00e9n puede ayudarlo a evitar multas. Si usted es propietario de un negocio y no deduce de sus impuestos el costo de los servicios que recibe de los subcontratistas, puede estar sujeto a multas. Del mismo modo, si usted es un subcontratista individual y no presenta sus impuestos correctamente, tambi\u00e9n puede ser penalizado. Por lo tanto, es importante asegurarse de presentar correctamente sus formularios de impuestos de subcontratista para evitar sanciones.<\/p>\n<h3>Pueden ayudarte a mantener tu estatus:<\/h3>\n<p>Por \u00faltimo, presentar correctamente los formularios de impuestos de subcontratista, incluidos el Anexo C y el Anexo B, puede ayudarle a mantener su condici\u00f3n de trabajador por cuenta propia. Si no presenta sus impuestos correctamente, puede perder su condici\u00f3n de trabajador por cuenta propia y tener que pagar m\u00e1s impuestos, incluidos los pagos de impuestos. Por lo tanto, es importante asegurarse de presentar correctamente sus formularios de impuestos de subcontratista, incluidos el Anexo C y el Anexo B, para determinar el impuesto adeudado. Esto te ayudar\u00e1 a mantener tu condici\u00f3n de aut\u00f3nomo. Al tomarse el tiempo para comprender por qu\u00e9 los formularios de impuestos de los subcontratistas, incluidos el Anexo C y el Anexo B, son importantes, puede ahorrarse dinero y dolores de cabeza en el futuro.<\/p>\n<h2>Algunos consejos \u00fatiles:<\/h2>\n<p>Ahora que ya sabes por qu\u00e9 los formularios de impuestos para subcontratistas son tan importantes. Aqu\u00ed hay algunos consejos \u00fatiles para ayudarlo a adquirir el h\u00e1bito de completarlos correctamente:<\/p>\n<p>Aseg\u00farese de completar sus formularios de impuestos tan pronto como los reciba. Esto ayudar\u00e1 a garantizar que no se olvide y tambi\u00e9n ayudar\u00e1 a evitar sanciones.<\/p>\n<p>Aseg\u00farate de revisar tu trabajo. Esto ayudar\u00e1 a asegurarse de que no cometa ning\u00fan error y tambi\u00e9n ayudar\u00e1 a evitar sanciones.<\/p>\n<p>Si no est\u00e1 seguro de c\u00f3mo llenar sus formularios de impuestos, pida ayuda. Hay muchos recursos disponibles que pueden ayudarlo a aprender c\u00f3mo completar sus formularios de impuestos correctamente.<\/p>\n<p>Mantenga todos sus registros organizados y en un solo lugar. Esto le ayudar\u00e1 a que le resulte m\u00e1s f\u00e1cil completar sus formularios de impuestos. Y tambi\u00e9n ayudar\u00e1 a evitar cualquier penalizaci\u00f3n.<\/p>\n<p>Siguiendo estos consejos, puede ayudar a asegurarse de completar correctamente sus formularios de impuestos de subcontratista. Al completar con precisi\u00f3n los formularios de impuestos de subcontratista con precisi\u00f3n. Puede ayudar a ahorrar dinero, mantenerse organizado y evitar multas en la temporada de impuestos. \u00a1As\u00ed que aseg\u00farese de adquirir el h\u00e1bito de completar correctamente sus formularios de impuestos de subcontratistas hoy! Si desea consultar a un experto en este tema, comun\u00edquese con nosotros en Akron Income Tax Co. \u00a1Estaremos encantados de ayudarle con sus necesidades fiscales!<\/p>\n<h2><a href=\"https:\/\/www.irs.gov\/pub\/irs-pdf\/fw9.pdf?portlet=3\" target=\"_blank\" rel=\"noopener noreferrer\">W9<\/a><\/h2>\n<h2><a href=\"https:\/\/apc1040.com\/wp-content\/uploads\/2020\/09\/1099sub.pdf\" target=\"_blank\" rel=\"noopener noreferrer\">1099 Subs<\/a><\/h2>\n<p><img decoding=\"async\" class=\"wp-image-2570 aligncenter\" src=\"https:\/\/apc1040.com\/wp-content\/uploads\/2022\/06\/istockphoto-1266907705-170667a-300x200.jpg\" alt=\"Formularios de impuestos\" width=\"404\" height=\"269\" srcset=\"https:\/\/apc1040.com\/wp-content\/uploads\/2022\/06\/istockphoto-1266907705-170667a-300x200.jpg 300w, https:\/\/apc1040.com\/wp-content\/uploads\/2022\/06\/istockphoto-1266907705-170667a.jpg 508w\" sizes=\"(max-width: 404px) 100vw, 404px\" \/><\/p>\n<h2>FAQs<\/h2>\n<h3>\u00bfCu\u00e1les son los formularios de impuestos requeridos para los subcontratistas?<\/h3>\n<p>Por lo general, los subcontratistas deben completar el formulario W-9, que proporciona su n\u00famero de identificaci\u00f3n fiscal y otra informaci\u00f3n necesaria a la empresa contratante. Adem\u00e1s, es posible que los subcontratistas deban presentar el Formulario 1099-NEC para informar sus ingresos del trabajo de subcontrataci\u00f3n al IRS.<\/p>\n<h3>\u00bfC\u00f3mo declara sus impuestos un subcontratista?<\/h3>\n<p>Los subcontratistas declaran sus impuestos utilizando el Formulario 1099-NEC. Declaran sus ingresos y gastos en el Anexo C, y luego calculan su impuesto sobre el trabajo por cuenta propia utilizando el Anexo SE. Es importante que los subcontratistas mantengan registros detallados de sus ingresos y gastos a lo largo del a\u00f1o para obtener informes fiscales precisos.<\/p>\n<h3>\u00bfPueden los subcontratistas pagar impuestos trimestrales estimados y, de ser as\u00ed, c\u00f3mo?<\/h3>\n<p>S\u00ed, los subcontratistas pueden pagar impuestos trimestrales estimados. Pueden hacerlo completando el Formulario 1040-ES y envi\u00e1ndolo al IRS. Este formulario permite a los subcontratistas calcular su obligaci\u00f3n tributaria estimada para el a\u00f1o y realizar pagos trimestrales para asegurarse de cumplir con sus obligaciones fiscales.<\/p>\n<h3>\u00bfC\u00f3mo pueden las subcontratistas asegurarse de que cumplen con las leyes y regulaciones fiscales?<\/h3>\n<p>Los subcontratistas pueden garantizar el cumplimiento tributario manteniendo registros precisos de los ingresos y gastos que presentan formularios de impuestos. Por ejemplo, el Formulario W-9 y el Formulario 1099, el seguimiento y la declaraci\u00f3n de todos los pagos recibidos, y la consulta con un profesional de impuestos para comprender sus obligaciones y requisitos fiscales espec\u00edficos.<\/p>\n<h3>\u00bfQu\u00e9 documentaci\u00f3n se necesita para un empleado 1099?<\/h3>\n<p>Para un empleado 1099, la documentaci\u00f3n principal que se necesita es el Formulario W-9. Que recopila su informaci\u00f3n de identificaci\u00f3n fiscal. Adem\u00e1s, al final del a\u00f1o fiscal, los empleadores deben proporcionar al subcontratista un Formulario 1099-NEC, informando sus ingresos obtenidos del empleador.<\/p>\n","protected":false},"excerpt":{"rendered":"<p>Formularios de impuestos para subcontratistas: c\u00f3mo adquirir el h\u00e1bito de que sus subcontratistas los completen Los formularios de impuestos de subcontratistas proporcionados por la Preparaci\u00f3n de Impuestos sobre la Renta de Akron son necesarios cuando contrata a subcontratistas. Debes adquirir el h\u00e1bito de hacer que tus subcontratistas los llenen cuando sean contratados o al menos&#8230;<\/p>\n","protected":false},"author":10,"featured_media":0,"parent":2611,"menu_order":0,"comment_status":"closed","ping_status":"closed","template":"","meta":{"_lmt_disableupdate":"no","_lmt_disable":"","_monsterinsights_skip_tracking":false,"_monsterinsights_sitenote_active":false,"_monsterinsights_sitenote_note":"","_monsterinsights_sitenote_category":0,"_uf_show_specific_survey":0,"_uf_disable_surveys":false,"footnotes":""},"class_list":["post-2624","page","type-page","status-publish","hentry"],"yoast_head":"<!-- This site is optimized with the Yoast SEO Premium plugin v27.3 (Yoast SEO v27.4) - https:\/\/yoast.com\/product\/yoast-seo-premium-wordpress\/ -->\n<title>Formularios de impuestos para subcontratistas proporcionados<\/title>\n<meta name=\"description\" content=\"Los formularios de impuestos para subcontratistas proporcionados por son necesarios cuando se contratan subcontratistas.\" \/>\n<meta name=\"robots\" content=\"index, follow, max-snippet:-1, max-image-preview:large, max-video-preview:-1\" \/>\n<link rel=\"canonical\" href=\"https:\/\/apc1040.com\/es\/impuestos-facil\/carteles-de-empresa\/formularios-fiscales-para-subcontratistas\/\" \/>\n<meta property=\"og:locale\" content=\"es_ES\" \/>\n<meta property=\"og:type\" content=\"article\" \/>\n<meta property=\"og:title\" content=\"Formularios fiscales para subcontratistas\" \/>\n<meta property=\"og:description\" content=\"Los formularios de impuestos para subcontratistas proporcionados por son necesarios cuando se contratan subcontratistas.\" \/>\n<meta property=\"og:url\" content=\"https:\/\/apc1040.com\/es\/impuestos-facil\/carteles-de-empresa\/formularios-fiscales-para-subcontratistas\/\" \/>\n<meta property=\"og:site_name\" content=\"Akron Income Tax Preparation\" \/>\n<meta property=\"article:publisher\" content=\"https:\/\/www.facebook.com\/APC1040\" \/>\n<meta property=\"article:modified_time\" content=\"2024-05-09T19:25:33+00:00\" \/>\n<meta property=\"og:image\" content=\"https:\/\/apc1040.com\/wp-content\/uploads\/2022\/06\/istockphoto-1266907705-170667a-300x200.jpg\" \/>\n<meta name=\"twitter:card\" content=\"summary_large_image\" \/>\n<meta name=\"twitter:label1\" content=\"Est. reading time\" \/>\n\t<meta name=\"twitter:data1\" content=\"9 minutes\" \/>\n<!-- \/ Yoast SEO Premium plugin. -->","yoast_head_json":{"title":"Formularios de impuestos para subcontratistas proporcionados","description":"Los formularios de impuestos para subcontratistas proporcionados por son necesarios cuando se contratan subcontratistas.","robots":{"index":"index","follow":"follow","max-snippet":"max-snippet:-1","max-image-preview":"max-image-preview:large","max-video-preview":"max-video-preview:-1"},"canonical":"https:\/\/apc1040.com\/es\/impuestos-facil\/carteles-de-empresa\/formularios-fiscales-para-subcontratistas\/","og_locale":"es_ES","og_type":"article","og_title":"Formularios fiscales para subcontratistas","og_description":"Los formularios de impuestos para subcontratistas proporcionados por son necesarios cuando se contratan subcontratistas.","og_url":"https:\/\/apc1040.com\/es\/impuestos-facil\/carteles-de-empresa\/formularios-fiscales-para-subcontratistas\/","og_site_name":"Akron Income Tax Preparation","article_publisher":"https:\/\/www.facebook.com\/APC1040","article_modified_time":"2024-05-09T19:25:33+00:00","og_image":[{"url":"https:\/\/apc1040.com\/wp-content\/uploads\/2022\/06\/istockphoto-1266907705-170667a-300x200.jpg","type":"","width":"","height":""}],"twitter_card":"summary_large_image","twitter_misc":{"Est. reading time":"9 minutes"},"schema":{"@context":"https:\/\/schema.org","@graph":[{"@type":"WebPage","@id":"https:\/\/apc1040.com\/es\/impuestos-facil\/carteles-de-empresa\/formularios-fiscales-para-subcontratistas\/","url":"https:\/\/apc1040.com\/es\/impuestos-facil\/carteles-de-empresa\/formularios-fiscales-para-subcontratistas\/","name":"Formularios de impuestos para subcontratistas proporcionados","isPartOf":{"@id":"https:\/\/apc1040.com\/es\/#website"},"primaryImageOfPage":{"@id":"https:\/\/apc1040.com\/es\/impuestos-facil\/carteles-de-empresa\/formularios-fiscales-para-subcontratistas\/#primaryimage"},"image":{"@id":"https:\/\/apc1040.com\/es\/impuestos-facil\/carteles-de-empresa\/formularios-fiscales-para-subcontratistas\/#primaryimage"},"thumbnailUrl":"https:\/\/apc1040.com\/wp-content\/uploads\/2022\/06\/istockphoto-1266907705-170667a-300x200.jpg","datePublished":"2020-09-06T07:40:22+00:00","dateModified":"2024-05-09T19:25:33+00:00","description":"Los formularios de impuestos para subcontratistas proporcionados por son necesarios cuando se contratan subcontratistas.","breadcrumb":{"@id":"https:\/\/apc1040.com\/es\/impuestos-facil\/carteles-de-empresa\/formularios-fiscales-para-subcontratistas\/#breadcrumb"},"inLanguage":"es","potentialAction":[{"@type":"ReadAction","target":["https:\/\/apc1040.com\/es\/impuestos-facil\/carteles-de-empresa\/formularios-fiscales-para-subcontratistas\/"]}]},{"@type":"ImageObject","inLanguage":"es","@id":"https:\/\/apc1040.com\/es\/impuestos-facil\/carteles-de-empresa\/formularios-fiscales-para-subcontratistas\/#primaryimage","url":"https:\/\/apc1040.com\/wp-content\/uploads\/2022\/06\/istockphoto-1266907705-170667a-300x200.jpg","contentUrl":"https:\/\/apc1040.com\/wp-content\/uploads\/2022\/06\/istockphoto-1266907705-170667a-300x200.jpg"},{"@type":"BreadcrumbList","@id":"https:\/\/apc1040.com\/es\/impuestos-facil\/carteles-de-empresa\/formularios-fiscales-para-subcontratistas\/#breadcrumb","itemListElement":[{"@type":"ListItem","position":1,"name":"Home","item":"https:\/\/apc1040.com\/es\/"},{"@type":"ListItem","position":2,"name":"Encontrar f\u00e1cilmente varias p\u00e1ginas web","item":"https:\/\/apc1040.com\/es\/impuestos-facil\/"},{"@type":"ListItem","position":3,"name":"Carteles de empresa y formularios de impuestos para los empleados requeridos","item":"https:\/\/apc1040.com\/es\/impuestos-facil\/carteles-de-empresa\/"},{"@type":"ListItem","position":4,"name":"Formularios fiscales para subcontratistas"}]},{"@type":"WebSite","@id":"https:\/\/apc1040.com\/es\/#website","url":"https:\/\/apc1040.com\/es\/","name":"Akron Income Tax Preparation","description":"Income Tax Preparation Service","publisher":{"@id":"https:\/\/apc1040.com\/es\/#organization"},"potentialAction":[{"@type":"SearchAction","target":{"@type":"EntryPoint","urlTemplate":"https:\/\/apc1040.com\/es\/?s={search_term_string}"},"query-input":{"@type":"PropertyValueSpecification","valueRequired":true,"valueName":"search_term_string"}}],"inLanguage":"es"},{"@type":"Organization","@id":"https:\/\/apc1040.com\/es\/#organization","name":"Akron Income Tax Co","url":"https:\/\/apc1040.com\/es\/","logo":{"@type":"ImageObject","inLanguage":"es","@id":"https:\/\/apc1040.com\/es\/#\/schema\/logo\/image\/","url":"https:\/\/apc1040.com\/wp-content\/uploads\/2024\/11\/income-tax-service-akron.jpg","contentUrl":"https:\/\/apc1040.com\/wp-content\/uploads\/2024\/11\/income-tax-service-akron.jpg","width":800,"height":745,"caption":"Akron Income Tax Co"},"image":{"@id":"https:\/\/apc1040.com\/es\/#\/schema\/logo\/image\/"},"sameAs":["https:\/\/www.facebook.com\/APC1040"]}]}},"amp_enabled":true,"_links":{"self":[{"href":"https:\/\/apc1040.com\/es\/wp-json\/wp\/v2\/pages\/2624","targetHints":{"allow":["GET"]}}],"collection":[{"href":"https:\/\/apc1040.com\/es\/wp-json\/wp\/v2\/pages"}],"about":[{"href":"https:\/\/apc1040.com\/es\/wp-json\/wp\/v2\/types\/page"}],"author":[{"embeddable":true,"href":"https:\/\/apc1040.com\/es\/wp-json\/wp\/v2\/users\/10"}],"replies":[{"embeddable":true,"href":"https:\/\/apc1040.com\/es\/wp-json\/wp\/v2\/comments?post=2624"}],"version-history":[{"count":0,"href":"https:\/\/apc1040.com\/es\/wp-json\/wp\/v2\/pages\/2624\/revisions"}],"up":[{"embeddable":true,"href":"https:\/\/apc1040.com\/es\/wp-json\/wp\/v2\/pages\/2611"}],"wp:attachment":[{"href":"https:\/\/apc1040.com\/es\/wp-json\/wp\/v2\/media?parent=2624"}],"curies":[{"name":"wp","href":"https:\/\/api.w.org\/{rel}","templated":true}]}}