{"id":2623,"date":"2020-09-06T11:56:00","date_gmt":"2020-09-06T15:56:00","guid":{"rendered":"https:\/\/apc1040.com\/impuesto-sobre-la-renta-sin-estres\/"},"modified":"2024-05-10T10:07:10","modified_gmt":"2024-05-10T14:07:10","slug":"impuesto-sobre-la-renta-sin-estres","status":"publish","type":"page","link":"https:\/\/apc1040.com\/es\/impuestos-facil\/otra-informacion-importante\/impuesto-sobre-la-renta-sin-estres\/","title":{"rendered":"Impuesto sobre la renta sin estr\u00e9s"},"content":{"rendered":"<h2>Preparaci\u00f3n de impuestos sin estr\u00e9s<\/h2>\n<figure id=\"attachment_2584\" aria-describedby=\"caption-attachment-2584\" style=\"width: 300px\" class=\"wp-caption aligncenter\"><img decoding=\"async\" class=\"wp-image-2584 size-medium\" title=\"Preparaci\u00f3n de impuestos sin estr\u00e9s\" src=\"https:\/\/apc1040.com\/wp-content\/uploads\/2022\/06\/istockphoto-1126336374-170667a-1-300x200.jpg\" alt=\"Preparaci\u00f3n de impuestos sin estr\u00e9s\" width=\"300\" height=\"200\" srcset=\"https:\/\/apc1040.com\/wp-content\/uploads\/2022\/06\/istockphoto-1126336374-170667a-1-300x200.jpg 300w, https:\/\/apc1040.com\/wp-content\/uploads\/2022\/06\/istockphoto-1126336374-170667a-1.jpg 509w\" sizes=\"(max-width: 300px) 100vw, 300px\" \/><figcaption id=\"caption-attachment-2584\" class=\"wp-caption-text\">Preparaci\u00f3n de impuestos sin estr\u00e9s<\/figcaption><\/figure>\n<p>Proporcionar una <a href=\"https:\/\/apc1040.com\/list-of-our-services\/tax-return-preparation\/\">preparaci\u00f3n de impuestos<\/a> libre de estr\u00e9s es nuestro objetivo; Akron Income Tax Co proporciona a los clientes una manera f\u00e1cil de reportar informaci\u00f3n b\u00e1sica en nuestros diversos formularios de informaci\u00f3n para los impuestos. Es f\u00e1cil trabajar con nosotros. Para aquellos que desean simplemente dejar su informaci\u00f3n de retorno tenemos una p\u00e1gina f\u00e1cil &#8220;Formulario de <a href=\"https:\/\/apc1040.com\/wp-content\/uploads\/2021\/12\/dropoffform22.pdf\">entrega<\/a>&#8221; para la informaci\u00f3n b\u00e1sica del contribuyente. A continuaci\u00f3n, para los clientes que tienen un negocio o alquileres tenemos &#8220;formulario de informaci\u00f3n de<a href=\"https:\/\/apc1040.com\/wp-content\/uploads\/2020\/09\/taxbusinessform.pdf\">negocios<\/a>&#8221; y un<a href=\"https:\/\/apc1040.com\/wp-content\/uploads\/2020\/09\/taxrentalform.pdf\">&#8220;formulario de informaci\u00f3n de alquiler<\/a>&#8221; para los impuestos. Dado que nos esforzamos por mantener su costo de preparaci\u00f3n de la declaraci\u00f3n federal de impuestos del IRS en la zona razonable completar estas formas antes de su cita ahorra tiempo y le ahorra dinero.<\/p>\n<p>La verdad es que no hay que estresarse en el c\u00e1lculo de los impuestos federales del IRS. A principios de enero, nuestros clientes empiezan a recibir por correo varios documentos para los impuestos. Les decimos&#8230; s\u00f3lo re\u00fanan los documentos y tr\u00e1iganlos a nosotros&#8230; tratamos de hacer que la preparaci\u00f3n de sus Impuestos sea lo menos estresante posible.<\/p>\n<p>Ofrecemos varios <a href=\"https:\/\/apc1040.com\/es\/formulario-de-informacion-al-contribuyente\/\">formularios informativos<\/a> para que nuestros clientes los utilicen. Nuestro <a href=\"https:\/\/apc1040.com\/wp-content\/uploads\/2021\/12\/dropoffform22.pdf\">formulario<\/a> general de entrega proporciona toda la informaci\u00f3n importante que necesitamos para rellenar cualquier tipo de declaraci\u00f3n de la renta. Para nuestros clientes que poseen propiedades de alquiler, proporcionamos un <a href=\"https:\/\/apc1040.com\/wp-content\/uploads\/2020\/09\/taxrentalform.pdf\">formulario de informaci\u00f3n de alquiler<\/a> para sus impuestos. Los clientes con un peque\u00f1o negocio tenemos un <a href=\"https:\/\/apc1040.com\/wp-content\/uploads\/2020\/09\/taxbusinessform.pdf\">formulario de informaci\u00f3n empresarial<\/a> para sus impuestos. El uso de estos <a href=\"https:\/\/apc1040.com\/es\/impuestos-facil\/carteles-de-empresa\/formularios-de-impuestos-para-empleados\/\">formularios no s\u00f3lo facilita la cumplimentaci\u00f3n de los impuestos<\/a>, sino que tambi\u00e9n ahorra tiempo. Todo el mundo sabe que el tiempo es oro.<\/p>\n<p>Recurra a los profesionales para que le proporcionen una preparaci\u00f3n de <a href=\"https:\/\/apc1040.com\/federal-income-tax-return\/\">impuestos federales<\/a> sin estr\u00e9s. Conf\u00ede en nosotros para completar sus impuestos de la manera m\u00e1s efectiva para permitirle obtener el mejor reembolso <em>(o la menor cantidad que pueda deber<\/em>) permitido por la ley. Nuestro trabajo es conocer las leyes del IRS y procesar sus devoluciones en base a toda la informaci\u00f3n que usted tiene.<\/p>\n","protected":false},"excerpt":{"rendered":"<p>Preparaci\u00f3n de impuestos sin estr\u00e9s Proporcionar una preparaci\u00f3n de impuestos libre de estr\u00e9s es nuestro objetivo; Akron Income Tax Co proporciona a los clientes una manera f\u00e1cil de reportar informaci\u00f3n b\u00e1sica en nuestros diversos formularios de informaci\u00f3n para los impuestos. Es f\u00e1cil trabajar con nosotros. Para aquellos que desean simplemente dejar su informaci\u00f3n de retorno&#8230;<\/p>\n","protected":false},"author":10,"featured_media":3823,"parent":2615,"menu_order":0,"comment_status":"closed","ping_status":"closed","template":"","meta":{"_lmt_disableupdate":"no","_lmt_disable":"","_monsterinsights_skip_tracking":false,"_monsterinsights_sitenote_active":false,"_monsterinsights_sitenote_note":"","_monsterinsights_sitenote_category":0,"_uf_show_specific_survey":0,"_uf_disable_surveys":false,"footnotes":""},"class_list":["post-2623","page","type-page","status-publish","has-post-thumbnail","hentry"],"yoast_head":"<!-- This site is optimized with the Yoast SEO Premium plugin v27.3 (Yoast SEO v27.4) - https:\/\/yoast.com\/product\/yoast-seo-premium-wordpress\/ -->\n<title>Preparaci\u00f3n de impuestos sin estr\u00e9s | Akron Income Tax Co<\/title>\n<meta name=\"description\" content=\"Preparaci\u00f3n de impuestos sin estr\u00e9s Conf\u00ede en los profesionales para proporcionar preparaci\u00f3n de impuestos sin estr\u00e9s.\" \/>\n<meta name=\"robots\" content=\"index, follow, max-snippet:-1, max-image-preview:large, max-video-preview:-1\" \/>\n<link rel=\"canonical\" href=\"https:\/\/apc1040.com\/es\/impuestos-facil\/otra-informacion-importante\/impuesto-sobre-la-renta-sin-estres\/\" \/>\n<meta property=\"og:locale\" content=\"es_ES\" \/>\n<meta property=\"og:type\" content=\"article\" \/>\n<meta property=\"og:title\" content=\"Impuesto sobre la renta sin estr\u00e9s\" \/>\n<meta property=\"og:description\" content=\"Preparaci\u00f3n de impuestos sin estr\u00e9s Conf\u00ede en los profesionales para proporcionar preparaci\u00f3n de impuestos sin estr\u00e9s.\" \/>\n<meta property=\"og:url\" content=\"https:\/\/apc1040.com\/es\/impuestos-facil\/otra-informacion-importante\/impuesto-sobre-la-renta-sin-estres\/\" \/>\n<meta property=\"og:site_name\" content=\"Akron Income Tax Preparation\" \/>\n<meta property=\"article:publisher\" content=\"https:\/\/www.facebook.com\/APC1040\" \/>\n<meta property=\"article:modified_time\" content=\"2024-05-10T14:07:10+00:00\" \/>\n<meta property=\"og:image\" content=\"https:\/\/apc1040.com\/wp-content\/uploads\/2022\/12\/unsplash.jpg\" \/>\n\t<meta property=\"og:image:width\" content=\"1920\" \/>\n\t<meta property=\"og:image:height\" content=\"1280\" \/>\n\t<meta property=\"og:image:type\" content=\"image\/jpeg\" \/>\n<meta name=\"twitter:card\" content=\"summary_large_image\" \/>\n<meta name=\"twitter:label1\" content=\"Est. reading time\" \/>\n\t<meta name=\"twitter:data1\" content=\"2 minutes\" \/>\n<!-- \/ Yoast SEO Premium plugin. -->","yoast_head_json":{"title":"Preparaci\u00f3n de impuestos sin estr\u00e9s | Akron Income Tax Co","description":"Preparaci\u00f3n de impuestos sin estr\u00e9s Conf\u00ede en los profesionales para proporcionar preparaci\u00f3n de impuestos sin estr\u00e9s.","robots":{"index":"index","follow":"follow","max-snippet":"max-snippet:-1","max-image-preview":"max-image-preview:large","max-video-preview":"max-video-preview:-1"},"canonical":"https:\/\/apc1040.com\/es\/impuestos-facil\/otra-informacion-importante\/impuesto-sobre-la-renta-sin-estres\/","og_locale":"es_ES","og_type":"article","og_title":"Impuesto sobre la renta sin estr\u00e9s","og_description":"Preparaci\u00f3n de impuestos sin estr\u00e9s Conf\u00ede en los profesionales para proporcionar preparaci\u00f3n de impuestos sin estr\u00e9s.","og_url":"https:\/\/apc1040.com\/es\/impuestos-facil\/otra-informacion-importante\/impuesto-sobre-la-renta-sin-estres\/","og_site_name":"Akron Income Tax Preparation","article_publisher":"https:\/\/www.facebook.com\/APC1040","article_modified_time":"2024-05-10T14:07:10+00:00","og_image":[{"width":1920,"height":1280,"url":"https:\/\/apc1040.com\/wp-content\/uploads\/2022\/12\/unsplash.jpg","type":"image\/jpeg"}],"twitter_card":"summary_large_image","twitter_misc":{"Est. reading time":"2 minutes"},"schema":{"@context":"https:\/\/schema.org","@graph":[{"@type":"WebPage","@id":"https:\/\/apc1040.com\/es\/impuestos-facil\/otra-informacion-importante\/impuesto-sobre-la-renta-sin-estres\/","url":"https:\/\/apc1040.com\/es\/impuestos-facil\/otra-informacion-importante\/impuesto-sobre-la-renta-sin-estres\/","name":"Preparaci\u00f3n de impuestos sin estr\u00e9s | Akron Income Tax Co","isPartOf":{"@id":"https:\/\/apc1040.com\/es\/#website"},"primaryImageOfPage":{"@id":"https:\/\/apc1040.com\/es\/impuestos-facil\/otra-informacion-importante\/impuesto-sobre-la-renta-sin-estres\/#primaryimage"},"image":{"@id":"https:\/\/apc1040.com\/es\/impuestos-facil\/otra-informacion-importante\/impuesto-sobre-la-renta-sin-estres\/#primaryimage"},"thumbnailUrl":"https:\/\/apc1040.com\/wp-content\/uploads\/2022\/12\/unsplash.jpg","datePublished":"2020-09-06T15:56:00+00:00","dateModified":"2024-05-10T14:07:10+00:00","description":"Preparaci\u00f3n de impuestos sin estr\u00e9s Conf\u00ede en los profesionales para proporcionar preparaci\u00f3n de impuestos sin estr\u00e9s.","breadcrumb":{"@id":"https:\/\/apc1040.com\/es\/impuestos-facil\/otra-informacion-importante\/impuesto-sobre-la-renta-sin-estres\/#breadcrumb"},"inLanguage":"es","potentialAction":[{"@type":"ReadAction","target":["https:\/\/apc1040.com\/es\/impuestos-facil\/otra-informacion-importante\/impuesto-sobre-la-renta-sin-estres\/"]}]},{"@type":"ImageObject","inLanguage":"es","@id":"https:\/\/apc1040.com\/es\/impuestos-facil\/otra-informacion-importante\/impuesto-sobre-la-renta-sin-estres\/#primaryimage","url":"https:\/\/apc1040.com\/wp-content\/uploads\/2022\/12\/unsplash.jpg","contentUrl":"https:\/\/apc1040.com\/wp-content\/uploads\/2022\/12\/unsplash.jpg","width":1920,"height":1280,"caption":"DocuSign via Unsplash"},{"@type":"BreadcrumbList","@id":"https:\/\/apc1040.com\/es\/impuestos-facil\/otra-informacion-importante\/impuesto-sobre-la-renta-sin-estres\/#breadcrumb","itemListElement":[{"@type":"ListItem","position":1,"name":"Home","item":"https:\/\/apc1040.com\/es\/"},{"@type":"ListItem","position":2,"name":"Encontrar f\u00e1cilmente varias p\u00e1ginas web","item":"https:\/\/apc1040.com\/es\/impuestos-facil\/"},{"@type":"ListItem","position":3,"name":"Otra informaci\u00f3n importante","item":"https:\/\/apc1040.com\/es\/impuestos-facil\/otra-informacion-importante\/"},{"@type":"ListItem","position":4,"name":"Impuesto sobre la renta sin estr\u00e9s"}]},{"@type":"WebSite","@id":"https:\/\/apc1040.com\/es\/#website","url":"https:\/\/apc1040.com\/es\/","name":"Akron Income Tax Preparation","description":"Income Tax Preparation Service","publisher":{"@id":"https:\/\/apc1040.com\/es\/#organization"},"potentialAction":[{"@type":"SearchAction","target":{"@type":"EntryPoint","urlTemplate":"https:\/\/apc1040.com\/es\/?s={search_term_string}"},"query-input":{"@type":"PropertyValueSpecification","valueRequired":true,"valueName":"search_term_string"}}],"inLanguage":"es"},{"@type":"Organization","@id":"https:\/\/apc1040.com\/es\/#organization","name":"Akron Income Tax Co","url":"https:\/\/apc1040.com\/es\/","logo":{"@type":"ImageObject","inLanguage":"es","@id":"https:\/\/apc1040.com\/es\/#\/schema\/logo\/image\/","url":"https:\/\/apc1040.com\/wp-content\/uploads\/2024\/11\/income-tax-service-akron.jpg","contentUrl":"https:\/\/apc1040.com\/wp-content\/uploads\/2024\/11\/income-tax-service-akron.jpg","width":800,"height":745,"caption":"Akron Income Tax Co"},"image":{"@id":"https:\/\/apc1040.com\/es\/#\/schema\/logo\/image\/"},"sameAs":["https:\/\/www.facebook.com\/APC1040"]}]}},"amp_enabled":true,"_links":{"self":[{"href":"https:\/\/apc1040.com\/es\/wp-json\/wp\/v2\/pages\/2623","targetHints":{"allow":["GET"]}}],"collection":[{"href":"https:\/\/apc1040.com\/es\/wp-json\/wp\/v2\/pages"}],"about":[{"href":"https:\/\/apc1040.com\/es\/wp-json\/wp\/v2\/types\/page"}],"author":[{"embeddable":true,"href":"https:\/\/apc1040.com\/es\/wp-json\/wp\/v2\/users\/10"}],"replies":[{"embeddable":true,"href":"https:\/\/apc1040.com\/es\/wp-json\/wp\/v2\/comments?post=2623"}],"version-history":[{"count":0,"href":"https:\/\/apc1040.com\/es\/wp-json\/wp\/v2\/pages\/2623\/revisions"}],"up":[{"embeddable":true,"href":"https:\/\/apc1040.com\/es\/wp-json\/wp\/v2\/pages\/2615"}],"wp:featuredmedia":[{"embeddable":true,"href":"https:\/\/apc1040.com\/es\/wp-json\/wp\/v2\/media\/3823"}],"wp:attachment":[{"href":"https:\/\/apc1040.com\/es\/wp-json\/wp\/v2\/media?parent=2623"}],"curies":[{"name":"wp","href":"https:\/\/api.w.org\/{rel}","templated":true}]}}