{"id":2622,"date":"2020-09-05T14:40:24","date_gmt":"2020-09-05T18:40:24","guid":{"rendered":"https:\/\/apc1040.com\/testimonios-akron-income-tax-co\/"},"modified":"2024-05-13T05:51:01","modified_gmt":"2024-05-13T09:51:01","slug":"testimonios-akron-income-tax-co","status":"publish","type":"page","link":"https:\/\/apc1040.com\/es\/testimonios-akron-income-tax-co\/","title":{"rendered":"Testimonios Akron Income Tax Co."},"content":{"rendered":"<section class=\"l-section wpb_row height_small\"><div class=\"l-section-h i-cf\"><div class=\"g-cols vc_row via_flex valign_top type_default stacking_default\"><div class=\"vc_col-sm-12 wpb_column vc_column_container\"><div class=\"vc_column-inner\"><div class=\"wpb_wrapper\"><div class=\"wpb_text_column\"><div class=\"wpb_wrapper\"><h2 class=\"f22pt tcenter cred\" style=\"text-align: center;\">Testimonios<strong><br \/>\n<\/strong><\/h2>\n<div class=\"tcenter\" style=\"padding-left: 40px;\"><a href=\"https:\/\/g.page\/r\/CZAw3IlfOtH2EB0\/review\" target=\"_blank\" rel=\"noopener\"><img decoding=\"async\" class=\"alignleft wp-image-1095 size-medium\" src=\"https:\/\/apc1040.com\/wp-content\/uploads\/2021\/11\/GoogleReview-300x232.jpg\" alt=\"Testimonio de Google\" width=\"300\" height=\"232\" srcset=\"https:\/\/apc1040.com\/wp-content\/uploads\/2021\/11\/GoogleReview-300x232.jpg 300w, https:\/\/apc1040.com\/wp-content\/uploads\/2021\/11\/GoogleReview.jpg 351w\" sizes=\"(max-width: 300px) 100vw, 300px\" \/><\/a><a href=\"https:\/\/www.facebook.com\/APC1040\"><br \/>\n<\/a><a href=\"https:\/\/www.facebook.com\/APC1040\" target=\"_blank\" rel=\"noopener\"><img decoding=\"async\" class=\"alignleft wp-image-1094 size-medium\" src=\"https:\/\/apc1040.com\/wp-content\/uploads\/2021\/11\/FBreview-300x232.jpg\" alt=\"Testimonio en FaceBook\" width=\"300\" height=\"232\" srcset=\"https:\/\/apc1040.com\/wp-content\/uploads\/2021\/11\/FBreview-300x232.jpg 300w, https:\/\/apc1040.com\/wp-content\/uploads\/2021\/11\/FBreview.jpg 351w\" sizes=\"(max-width: 300px) 100vw, 300px\" \/><\/a>Lea los testimonios de nuestros valiosos clientes para Akron Income Tax Co. Las rese\u00f1as y los testimonios son MUY importantes para nosotros. Los testimonios nos ayudan a colocar nuestro sitio web y nos ayudan a a\u00f1adir m\u00e1s clientes a nuestro negocio. Por favor, enlaza y proporciona tu testimonio de 5 estrellas o revisi\u00f3n para Google o Facebook. Si por CUALQUIER motivo no est\u00e1 satisfecho con nuestro servicio, POR FAVOR, <a href=\"https:\/\/apc1040.com\/es\/contactar-con-akron-income-tax-co\/\">p\u00f3ngase en contacto con nosotros<\/a> para que podamos &#8220;hacerle feliz&#8221;. Gracias de antemano por su testimonio o su opini\u00f3n.<\/div>\n<h2>Jahmal M.<\/h2>\n<p><a href=\"https:\/\/apc1040.com\/contact-akron-income-tax\/\">Akron Income Tax Co<\/a>. me ahorr\u00f3 un gran dolor de cabeza y una pesadilla hace un par de a\u00f1os. Prob\u00e9 un nuevo lugar despu\u00e9s de estar con la Compa\u00f1\u00eda de <a href=\"https:\/\/apc1040.com\/es\/servicio-de-impuestos-sobre-la-renta-akron-ohio\/\">Impuestos de Akron<\/a> durante al menos 10 a\u00f1os. Un amigo m\u00edo abri\u00f3 una nueva oficina de franquicias de impuestos sobre la renta, y pens\u00e9 en apoyarle. Bueno, digamos que &#8220;\u00a1se cometieron errores! Despu\u00e9s de pagar m\u00e1s del doble a mi amigo, me limpi\u00e9 las l\u00e1grimas y comprob\u00e9 mi declaraci\u00f3n para ver el gran &#8220;reembolso&#8221; que iba a recibir en nuestros impuestos.<\/p>\n<p>Sinceramente, el reembolso estaba bien, pero luego me di cuenta de algunos errores&#8230; \u00a1Grandes errores! Me di cuenta de que mi peque\u00f1o negocio en casa mostraba una p\u00e9rdida, cuando hab\u00eda informado de una ligera ganancia \/ beneficio. Luego busqu\u00e9 con m\u00e1s detenimiento y descubr\u00ed que la oficina de impuestos de mi amigo me mostraba &#8220;doblemente&#8221; los gastos de la empresa. Utilizaron el kilometraje de mi veh\u00edculo de negocios Y los costes de mantenimiento\/reparaci\u00f3n como deducci\u00f3n. \u00a1\u00bfPens\u00e9 que era uno o el otro?! Inmediatamente llam\u00e9 a mi amigo para mostrarle los errores y pedirle consejo sobre qu\u00e9 hacer a continuaci\u00f3n. Me pregunt\u00f3 si estaba seguro de querer presentar una correcci\u00f3n: &#8220;Porque es mucho papeleo&#8221;. Dije: &#8220;\u00a1S\u00ed, estoy seguro!&#8221; Ten\u00eda raz\u00f3n; era un mont\u00f3n de papel&#8230; como si hubiera explotado una biblioteca. Fue entonces cuando supe que necesitaba ayuda profesional de verdad.<\/p>\n<h3>Necesitaba que la Compa\u00f1\u00eda de Impuestos de Akron.<\/h3>\n<p>\u00a1Ten\u00eda que encontrar a Ron! Ron program\u00f3 su pr\u00f3ximo horario disponible conmigo, creo que ni siquiera le import\u00f3 que hubiera probado a alguien nuevo. Ron revis\u00f3 mi declaraci\u00f3n, me hizo algunas preguntas, mir\u00f3 algunas de mis declaraciones anteriores (con <a href=\"https:\/\/apc1040.com\/es\/akron-income-tax-co-vea-nuestra-presencia-en-la-web\/\">Akron Income Tax<\/a>), y de alguna manera le dio sentido a todo. Finalmente, elabor\u00f3 y me gui\u00f3 a trav\u00e9s de un plan para pagar a los federales y al estado lo que deb\u00eda con el fin de evitar sanciones adicionales, multas, o &#8220;procesamiento penal&#8221;. \u00a1\u00bfPuedes creerlo?! En realidad, estaba &#8220;contento&#8221; de pagar 2.800 d\u00f3lares para evitar continuar con la pesadilla que era mi vida entonces.<\/p>\n<p>Ron en <a href=\"https:\/\/apc1040.com\/es\/promocion-en-video-de-akron-income-tax-co\/\">Akron Income Tax<\/a> Co. cobr\u00f3 una tarifa nominal por las correcciones a realizar, luego me present\u00f3 s\u00f3lo un pu\u00f1ado de papeles para firmar y enviar por correo (con el dinero que deb\u00eda tambi\u00e9n). Ron me dijo que si hac\u00eda &#8220;exactamente&#8221; lo que me hab\u00eda recetado en el momento oportuno, los federales y el estado podr\u00edan mostrar algo de piedad (en sus fr\u00edos corazones p\u00e9treos) y dejarme libre con s\u00f3lo una advertencia y un &#8220;golpe en la mano&#8221;. Hicieron exactamente eso, y estoy extremadamente agradecido a Ron y a la <a href=\"https:\/\/apc1040.com\/es\/blog-de-akron-income-tax-co\/\">Akron Income Tax Co<\/a>.<\/p>\n<h2>Laura B.<\/h2>\n<p>En pocas palabras&#8230; \u00a11 d\u00eda y ya est\u00e1 hecho! Precio razonable&#8230; gente amable&#8230; \u00a1llevo a\u00f1os us\u00e1ndolos!<\/p>\n<h2>Daniel N.<\/h2>\n<p>Akron Income Tax es el mejor, siempre profesional y usted obtendr\u00e1 un gran valor y servicio por una tarifa muy razonable, he sido un cliente por m\u00e1s de 20 a\u00f1os.<\/p>\n<h2>Oto\u00f1o P.<\/h2>\n<p>Honorarios muy razonables&#8230; \u00a1Le recomendar\u00eda a todos mis amigos!<\/p>\n<h2>Doug B.<\/h2>\n<p>Ron es un contable incre\u00edble, lo conozco de toda la vida&#8230; \u00a1\u00a1\u00a1\u00a1Realmente me ayud\u00f3 a m\u00ed y a mi esposa con mis problemas de impuestos&#8230;&#8230;volver\u00e9 cada a\u00f1o!!!!<\/p>\n<h2>Jord\u00e1n S.<\/h2>\n<p>Gente estupenda, muy servicial y cercana. Los recomiendo encarecidamente.<\/p>\n<h2>Donna C.<\/h2>\n<p>Ron es genial. Ha sido nuestro contable durante 30 a\u00f1os. Se ha ocupado de las necesidades fiscales tanto personales como empresariales. Siempre profesional y servicial. Nos vemos el pr\u00f3ximo a\u00f1o y el siguiente&#8230;<\/p>\n<h2>Dan S.<\/h2>\n<p>\u00a1Akron Income Tax ha estado haciendo mis impuestos durante 20 a\u00f1os y tengo que decir que son grandes para trabajar! Los precios son muy razonables y se agradece la rapidez con la que se entregan. Ron me ha ayudado en todos los problemas que han surgido a lo largo de los a\u00f1os y es f\u00e1cilmente localizable durante todo el a\u00f1o para responder a las preguntas y aliviar las preocupaciones. No necesito comprar, ya que estoy muy contento con el servicio que presta.<\/p>\n<h2>Matt F.<\/h2>\n<p>Realmente razonable&#8230; La mitad del precio que pagu\u00e9 el a\u00f1o pasado. Lo que m\u00e1s me gust\u00f3 fue la atenci\u00f3n personal en un despacho privado.<\/p>\n<h2>David S.<\/h2>\n<p>Llevo m\u00e1s de 20 a\u00f1os haciendo negocios con Ron y compa\u00f1\u00eda y nunca he tenido un problema. \u00c9l y su personal siempre han sido r\u00e1pidos, amables y bien informados con tarifas muy razonables. \u00bfPor qu\u00e9 pagar m\u00e1s en otro sitio? Esperando otros 20 a\u00f1os. Gran lugar.<\/p>\n<h2>Mickey y Don R.<\/h2>\n<p>Fue un placer trabajar con Ron. Sigue siendo un asesor honesto y fiable. Esperamos verlo en 2018.<\/p>\n<h2>Sheila R.<\/h2>\n<p>Los he utilizado durante 3 a\u00f1os, y este a\u00f1o van por la 4\u00aa vez. Nunca he tenido problemas con ellos. Muy r\u00e1pido y eficaz. Personal muy amable.<\/p>\n<h2>Tammy L.<\/h2>\n<p>Soy un antiguo cliente de Akron Income Tax Co. &amp; seguir\u00eda siendo cliente si no me hubiera mudado. No puedo decir lo suficiente sobre este negocio. Tienen integridad y se preocupan por sus clientes. Para ellos no eres s\u00f3lo un n\u00famero, sino que se preocupan por ti como persona. Ten\u00eda que preocuparme de si mis impuestos se hac\u00edan correctamente como con otras empresas de declaraci\u00f3n de impuestos. Y su tarifa es incre\u00edblemente justa. Usted nunca se equivocar\u00e1 con Akron Income Tax Co.<\/p>\n<p>Los testimonios son muy importantes para nosotros&#8230;<\/p>\n<h2 class=\"tcenter\">Escriba su opini\u00f3n sobre <a href=\"https:\/\/g.page\/r\/CZAw3IlfOtH2EB0\/review\" target=\"_blank\" rel=\"noopener\">Akron Income Tax Co &#8211; En Google<\/a><\/h2>\n<h2 class=\"tcenter\">Publica tu opini\u00f3n sobre <a href=\"https:\/\/www.facebook.com\/APC1040\" target=\"_blank\" rel=\"noopener\">Akron Income Tax Co. | Facebook<\/a><\/h2>\n<\/div><\/div><\/div><\/div><\/div><\/div><\/div><\/section><section class=\"l-section wpb_row height_small\"><div class=\"l-section-h i-cf\"><div class=\"g-cols vc_row via_flex valign_top type_default stacking_default\"><div class=\"vc_col-sm-12 wpb_column vc_column_container\"><div class=\"vc_column-inner\"><div class=\"wpb_wrapper\"><\/div><\/div><\/div><\/div><\/div><\/section>\n","protected":false},"excerpt":{"rendered":"Testimonios Lea los testimonios de nuestros valiosos clientes para Akron Income Tax Co. Las rese\u00f1as y los testimonios son MUY importantes para nosotros. Los testimonios nos ayudan a colocar nuestro sitio web y nos ayudan a a\u00f1adir m\u00e1s clientes a nuestro negocio. Por favor, enlaza y proporciona tu testimonio de 5 estrellas o revisi\u00f3n para...","protected":false},"author":10,"featured_media":2512,"parent":0,"menu_order":0,"comment_status":"closed","ping_status":"closed","template":"","meta":{"_lmt_disableupdate":"no","_lmt_disable":"","_monsterinsights_skip_tracking":false,"_monsterinsights_sitenote_active":false,"_monsterinsights_sitenote_note":"","_monsterinsights_sitenote_category":0,"_uf_show_specific_survey":0,"_uf_disable_surveys":false,"footnotes":""},"class_list":["post-2622","page","type-page","status-publish","has-post-thumbnail","hentry"],"yoast_head":"<!-- This site is optimized with the Yoast SEO Premium plugin v27.3 (Yoast SEO v27.4) - https:\/\/yoast.com\/product\/yoast-seo-premium-wordpress\/ -->\n<title>Testimonios de nuestros clientes para Akron Income Tax Co.<\/title>\n<meta name=\"description\" content=\"Testimonios de nuestros valiosos clientes para Akron Income Tax Co. Nos esforzamos por ofrecer a nuestros clientes el gran servicio que se merecen.\" \/>\n<meta name=\"robots\" content=\"index, follow, max-snippet:-1, max-image-preview:large, max-video-preview:-1\" \/>\n<link rel=\"canonical\" href=\"https:\/\/apc1040.com\/es\/testimonios-akron-income-tax-co\/\" \/>\n<meta property=\"og:locale\" content=\"es_ES\" \/>\n<meta property=\"og:type\" content=\"article\" \/>\n<meta property=\"og:title\" content=\"Testimonios Akron Income Tax Co.\" \/>\n<meta property=\"og:description\" content=\"Testimonios de nuestros valiosos clientes para Akron Income Tax Co. Nos esforzamos por ofrecer a nuestros clientes el gran servicio que se merecen.\" \/>\n<meta property=\"og:url\" content=\"https:\/\/apc1040.com\/es\/testimonios-akron-income-tax-co\/\" \/>\n<meta property=\"og:site_name\" content=\"Akron Income Tax Preparation\" \/>\n<meta property=\"article:publisher\" content=\"https:\/\/www.facebook.com\/APC1040\" \/>\n<meta property=\"article:modified_time\" content=\"2024-05-13T09:51:01+00:00\" \/>\n<meta property=\"og:image\" content=\"https:\/\/apc1040.com\/wp-content\/uploads\/2021\/01\/submit-google-testimonial.jpg\" \/>\n\t<meta property=\"og:image:width\" content=\"553\" \/>\n\t<meta property=\"og:image:height\" content=\"426\" \/>\n\t<meta property=\"og:image:type\" content=\"image\/jpeg\" \/>\n<meta name=\"twitter:card\" content=\"summary_large_image\" \/>\n<meta name=\"twitter:label1\" content=\"Est. reading time\" \/>\n\t<meta name=\"twitter:data1\" content=\"5 minutes\" \/>\n<!-- \/ Yoast SEO Premium plugin. -->","yoast_head_json":{"title":"Testimonios de nuestros clientes para Akron Income Tax Co.","description":"Testimonios de nuestros valiosos clientes para Akron Income Tax Co. Nos esforzamos por ofrecer a nuestros clientes el gran servicio que se merecen.","robots":{"index":"index","follow":"follow","max-snippet":"max-snippet:-1","max-image-preview":"max-image-preview:large","max-video-preview":"max-video-preview:-1"},"canonical":"https:\/\/apc1040.com\/es\/testimonios-akron-income-tax-co\/","og_locale":"es_ES","og_type":"article","og_title":"Testimonios Akron Income Tax Co.","og_description":"Testimonios de nuestros valiosos clientes para Akron Income Tax Co. Nos esforzamos por ofrecer a nuestros clientes el gran servicio que se merecen.","og_url":"https:\/\/apc1040.com\/es\/testimonios-akron-income-tax-co\/","og_site_name":"Akron Income Tax Preparation","article_publisher":"https:\/\/www.facebook.com\/APC1040","article_modified_time":"2024-05-13T09:51:01+00:00","og_image":[{"width":553,"height":426,"url":"https:\/\/apc1040.com\/wp-content\/uploads\/2021\/01\/submit-google-testimonial.jpg","type":"image\/jpeg"}],"twitter_card":"summary_large_image","twitter_misc":{"Est. reading time":"5 minutes"},"schema":{"@context":"https:\/\/schema.org","@graph":[{"@type":"WebPage","@id":"https:\/\/apc1040.com\/es\/testimonios-akron-income-tax-co\/","url":"https:\/\/apc1040.com\/es\/testimonios-akron-income-tax-co\/","name":"Testimonios de nuestros clientes para Akron Income Tax Co.","isPartOf":{"@id":"https:\/\/apc1040.com\/es\/#website"},"primaryImageOfPage":{"@id":"https:\/\/apc1040.com\/es\/testimonios-akron-income-tax-co\/#primaryimage"},"image":{"@id":"https:\/\/apc1040.com\/es\/testimonios-akron-income-tax-co\/#primaryimage"},"thumbnailUrl":"https:\/\/apc1040.com\/wp-content\/uploads\/2021\/01\/submit-google-testimonial.jpg","datePublished":"2020-09-05T18:40:24+00:00","dateModified":"2024-05-13T09:51:01+00:00","description":"Testimonios de nuestros valiosos clientes para Akron Income Tax Co. Nos esforzamos por ofrecer a nuestros clientes el gran servicio que se merecen.","breadcrumb":{"@id":"https:\/\/apc1040.com\/es\/testimonios-akron-income-tax-co\/#breadcrumb"},"inLanguage":"es","potentialAction":[{"@type":"ReadAction","target":["https:\/\/apc1040.com\/es\/testimonios-akron-income-tax-co\/"]}]},{"@type":"ImageObject","inLanguage":"es","@id":"https:\/\/apc1040.com\/es\/testimonios-akron-income-tax-co\/#primaryimage","url":"https:\/\/apc1040.com\/wp-content\/uploads\/2021\/01\/submit-google-testimonial.jpg","contentUrl":"https:\/\/apc1040.com\/wp-content\/uploads\/2021\/01\/submit-google-testimonial.jpg","width":553,"height":426,"caption":"submit google testimonial"},{"@type":"BreadcrumbList","@id":"https:\/\/apc1040.com\/es\/testimonios-akron-income-tax-co\/#breadcrumb","itemListElement":[{"@type":"ListItem","position":1,"name":"Home","item":"https:\/\/apc1040.com\/es\/"},{"@type":"ListItem","position":2,"name":"Testimonios Akron Income Tax Co."}]},{"@type":"WebSite","@id":"https:\/\/apc1040.com\/es\/#website","url":"https:\/\/apc1040.com\/es\/","name":"Akron Income Tax Preparation","description":"Income Tax Preparation Service","publisher":{"@id":"https:\/\/apc1040.com\/es\/#organization"},"potentialAction":[{"@type":"SearchAction","target":{"@type":"EntryPoint","urlTemplate":"https:\/\/apc1040.com\/es\/?s={search_term_string}"},"query-input":{"@type":"PropertyValueSpecification","valueRequired":true,"valueName":"search_term_string"}}],"inLanguage":"es"},{"@type":"Organization","@id":"https:\/\/apc1040.com\/es\/#organization","name":"Akron Income Tax Co","url":"https:\/\/apc1040.com\/es\/","logo":{"@type":"ImageObject","inLanguage":"es","@id":"https:\/\/apc1040.com\/es\/#\/schema\/logo\/image\/","url":"https:\/\/apc1040.com\/wp-content\/uploads\/2024\/11\/income-tax-service-akron.jpg","contentUrl":"https:\/\/apc1040.com\/wp-content\/uploads\/2024\/11\/income-tax-service-akron.jpg","width":800,"height":745,"caption":"Akron Income Tax Co"},"image":{"@id":"https:\/\/apc1040.com\/es\/#\/schema\/logo\/image\/"},"sameAs":["https:\/\/www.facebook.com\/APC1040"]}]}},"amp_enabled":true,"_links":{"self":[{"href":"https:\/\/apc1040.com\/es\/wp-json\/wp\/v2\/pages\/2622","targetHints":{"allow":["GET"]}}],"collection":[{"href":"https:\/\/apc1040.com\/es\/wp-json\/wp\/v2\/pages"}],"about":[{"href":"https:\/\/apc1040.com\/es\/wp-json\/wp\/v2\/types\/page"}],"author":[{"embeddable":true,"href":"https:\/\/apc1040.com\/es\/wp-json\/wp\/v2\/users\/10"}],"replies":[{"embeddable":true,"href":"https:\/\/apc1040.com\/es\/wp-json\/wp\/v2\/comments?post=2622"}],"version-history":[{"count":0,"href":"https:\/\/apc1040.com\/es\/wp-json\/wp\/v2\/pages\/2622\/revisions"}],"wp:featuredmedia":[{"embeddable":true,"href":"https:\/\/apc1040.com\/es\/wp-json\/wp\/v2\/media\/2512"}],"wp:attachment":[{"href":"https:\/\/apc1040.com\/es\/wp-json\/wp\/v2\/media?parent=2622"}],"curies":[{"name":"wp","href":"https:\/\/api.w.org\/{rel}","templated":true}]}}