{"id":2619,"date":"2020-09-06T03:36:17","date_gmt":"2020-09-06T07:36:17","guid":{"rendered":"https:\/\/apc1040.com\/informacion-general-enlaces-fiscales\/seguimiento-de-la-devolucion-de-impuestos\/"},"modified":"2024-05-13T07:25:37","modified_gmt":"2024-05-13T11:25:37","slug":"seguimiento-de-la-devolucion-de-impuestos","status":"publish","type":"page","link":"https:\/\/apc1040.com\/es\/impuestos-facil\/informacion-general-enlaces-fiscales\/seguimiento-de-la-devolucion-de-impuestos\/","title":{"rendered":"Seguimiento de la devoluci\u00f3n de impuestos"},"content":{"rendered":"<section class=\"l-section wpb_row height_small\"><div class=\"l-section-h i-cf\"><div class=\"g-cols vc_row via_flex valign_top type_default stacking_default\"><div class=\"vc_col-sm-12 wpb_column vc_column_container\"><div class=\"vc_column-inner\"><div class=\"wpb_wrapper\"><div class=\"w-image us_custom_ff3b7861 has_height align_center\"><div class=\"w-image-h\"><img decoding=\"async\" width=\"300\" height=\"240\" src=\"https:\/\/apc1040.com\/wp-content\/uploads\/2021\/02\/money3-300x240.jpg\" class=\"attachment-medium size-medium\" alt=\"money3\" loading=\"lazy\" srcset=\"https:\/\/apc1040.com\/wp-content\/uploads\/2021\/02\/money3-300x240.jpg 300w, https:\/\/apc1040.com\/wp-content\/uploads\/2021\/02\/money3.jpg 800w\" sizes=\"auto, (max-width: 300px) 100vw, 300px\" \/><\/div><\/div><div class=\"wpb_text_column\"><div class=\"wpb_wrapper\"><div class=\"top-side\">\n<h2 class=\"cred\">Seguimiento de declaraciones de impuestos federales y estatales de Ohio<\/h2>\n<p>\u00bfAcabas de presentar tus impuestos? Seguimiento de la devoluci\u00f3n<strong>\u00a0<\/strong>de impuestos Si es as\u00ed, es posible que tenga que esperar algunas semanas antes de que sus reembolsos de impuestos federales y estatales de Ohio se depositen en su cuenta bancaria. Es posible que desee realizar un seguimiento de su reembolso a trav\u00e9s del IRS o Taxpayers First durante esas semanas. Esto le permitir\u00e1 mantenerse actualizado sobre el estado de sus impuestos y tener una idea de cu\u00e1ndo podr\u00e1 acceder realmente a su dinero. Aqu\u00ed veremos c\u00f3mo realizar un seguimiento de las declaraciones de impuestos federales y estatales de Ohio.<\/p>\n<h2>C\u00f3mo realizar un seguimiento de su reembolso de impuestos federales<\/h2>\n<p>La mejor manera de realizar un seguimiento de su reembolso de <a href=\"https:\/\/apc1040.com\/es\/declaracion-de-impuestos-federales\/\">impuestos federales<\/a> es a trav\u00e9s del sitio web del IRS. Puedes utilizar la opci\u00f3n &#8220;\u00bfD\u00f3nde est\u00e1 mi reembolso?&#8221; para ingresar su n\u00famero de seguro social, estado civil y el monto exacto de su reembolso. Luego, el sitio le brindar\u00e1 un estado actualizado de su reembolso, incluida una fecha estimada de cu\u00e1ndo puede esperar que se deposite el dinero en su cuenta.<\/p>\n<p>Si present\u00f3 sus impuestos electr\u00f3nicamente, deber\u00eda recibir su reembolso dentro de los 21 d\u00edas. Si present\u00f3 una declaraci\u00f3n en papel, pueden pasar hasta seis semanas hasta que se procese su reembolso.<\/p>\n<h2>C\u00f3mo realizar un seguimiento de su reembolso de impuestos del estado de Ohio<\/h2>\n<p>Para realizar un seguimiento de su declaraci\u00f3n de <a href=\"https:\/\/apc1040.com\/es\/preparacion-de-impuestos-cerca-de-mi-akron-ohio\/\">impuestos del estado de Ohio<\/a>, puede utilizar el servicio Taxpayer First. Esta es una p\u00e1gina web mantenida por el Departamento de Ingresos de Ohio donde puede ingresar su n\u00famero de seguro social y el monto exacto de su reembolso. Luego, el sitio le brindar\u00e1 un estado actualizado de su reembolso, incluida una fecha estimada de cu\u00e1ndo puede esperar que se deposite el dinero en su cuenta.<\/p>\n<p><a href=\"https:\/\/apc1040.com\/es\/servicio-de-impuestos-cerca-de-mi\/\">Las declaraciones de impuestos<\/a> del estado de Ohio suelen tardar de cuatro a seis semanas en procesarse. Sin embargo, si present\u00f3 sus impuestos electr\u00f3nicamente e incluy\u00f3 informaci\u00f3n de dep\u00f3sito directo, es posible que reciba su reembolso antes.<\/p>\n<h2>\u00bfCu\u00e1nto tiempo tomar\u00e1 para recibir mi reembolso?<\/h2>\n<p>Si <a href=\"https:\/\/apc1040.com\/es\/presentacion-de-declaracion-de-impuestos\/\">present\u00f3 sus impuestos<\/a> electr\u00f3nicamente e incluy\u00f3 informaci\u00f3n de dep\u00f3sito directo, es posible que reciba su reembolso antes. Los <a href=\"https:\/\/apc1040.com\/es\/obtenga-el-reembolso-de-impuestos-mas-grande-legalmente\/\">reembolsos de impuestos<\/a> del estado de Ohio suelen tardar de cuatro a seis semanas en procesarse para las declaraciones en papel. Sin embargo, si present\u00f3 sus impuestos electr\u00f3nicamente e incluy\u00f3 informaci\u00f3n de dep\u00f3sito directo, es posible que reciba su reembolso antes.<\/p>\n<h2>\u00bfCu\u00e1les son algunos consejos para realizar un seguimiento de mi reembolso?<\/h2>\n<p>A continuaci\u00f3n se ofrecen algunos consejos generales que debe tener en cuenta al realizar el seguimiento de su declaraci\u00f3n de impuestos:<\/p>\n<h2>Verifique peri\u00f3dicamente el estado de su reembolso:<\/h2>\n<p>Tanto el sitio web del IRS como el de Taxpayer First le proporcionar\u00e1n actualizaciones sobre el estado de su reembolso, as\u00ed que aseg\u00farese de consultarlo con frecuencia.<\/p>\n<h2>Por favor sea paciente:<\/h2>\n<p>Su reembolso puede tardar algunas semanas en procesarse, as\u00ed que no se preocupe si no aparece de inmediato.<\/p>\n<h2>Mantenga sus datos de contacto actualizados:<\/h2>\n<p>Si se muda o cambia de cuenta bancaria, aseg\u00farese de actualizar su informaci\u00f3n con el IRS y <a href=\"https:\/\/apc1040.com\/\">Taxpayer First<\/a>. Esto asegurar\u00e1 que reciba su reembolso sin demora.<\/p>\n<h2>Mantente organizado:<\/h2>\n<p>Lleve un registro de los documentos importantes, como su declaraci\u00f3n de impuestos y cualquier correspondencia del IRS o Taxpayer First. Esto facilitar\u00e1 el seguimiento de su reembolso y resolver\u00e1 cualquier problema que pueda surgir.<\/p>\n<h2>Conclusi\u00f3n<\/h2>\n<p>Puede realizar un seguimiento de sus declaraciones de impuestos federales y estatales de Ohio a trav\u00e9s de &#8220;\u00bfD\u00f3nde est\u00e1 mi declaraci\u00f3n?&#8221; del IRS o del servicio Taxpayer First. Es de uso gratuito y le brindar\u00e1n un estado actualizado de su reembolso, incluida la fecha estimada de cu\u00e1ndo puede esperar que se deposite el dinero en su cuenta. Por lo tanto, si cree que puede haber un problema con su reembolso, puede comunicarse directamente con el IRS o el Departamento de Ingresos de Ohio.<\/p>\n<p>&nbsp;<\/p>\n<h2>Reembolso estatal<\/h2>\n<p><span style=\"vertical-align: inherit;\"><span style=\"vertical-align: inherit;\">Reembolso de seguimiento de la declaraci\u00f3n de impuestos del estado de Ohio<\/span><\/span><\/p>\n<h2>reembolso federal<\/h2>\n<p>Realice un seguimiento de su reembolso de las declaraciones de impuestos federales del IRS<\/p>\n<\/div>\n<\/div><\/div><\/div><\/div><\/div><\/div><\/div><\/section>\n","protected":false},"excerpt":{"rendered":"Seguimiento de declaraciones de impuestos federales y estatales de Ohio \u00bfAcabas de presentar tus impuestos? Seguimiento de la devoluci\u00f3n\u00a0de impuestos Si es as\u00ed, es posible que tenga que esperar algunas semanas antes de que sus reembolsos de impuestos federales y estatales de Ohio se depositen en su cuenta bancaria. Es posible que desee realizar un...","protected":false},"author":10,"featured_media":2513,"parent":2597,"menu_order":0,"comment_status":"closed","ping_status":"closed","template":"","meta":{"_lmt_disableupdate":"no","_lmt_disable":"","_monsterinsights_skip_tracking":false,"_monsterinsights_sitenote_active":false,"_monsterinsights_sitenote_note":"","_monsterinsights_sitenote_category":0,"_uf_show_specific_survey":0,"_uf_disable_surveys":false,"footnotes":""},"class_list":["post-2619","page","type-page","status-publish","has-post-thumbnail","hentry"],"yoast_head":"<!-- This site is optimized with the Yoast SEO Premium plugin v27.3 (Yoast SEO v27.5) - https:\/\/yoast.com\/product\/yoast-seo-premium-wordpress\/ -->\n<title>Seguimiento de su reembolso Akron Income Tax Co<\/title>\n<meta name=\"description\" content=\"Siga su reembolso para los ingresos federales y del Estado de Ohio. Puede confiar en que ofreceremos resultados profesionales.\" \/>\n<meta name=\"robots\" content=\"index, follow, max-snippet:-1, max-image-preview:large, max-video-preview:-1\" \/>\n<link rel=\"canonical\" href=\"https:\/\/apc1040.com\/es\/impuestos-facil\/informacion-general-enlaces-fiscales\/seguimiento-de-la-devolucion-de-impuestos\/\" \/>\n<meta property=\"og:locale\" content=\"es_ES\" \/>\n<meta property=\"og:type\" content=\"article\" \/>\n<meta property=\"og:title\" content=\"Seguimiento de la devoluci\u00f3n de impuestos\" \/>\n<meta property=\"og:description\" content=\"Siga su reembolso para los ingresos federales y del Estado de Ohio. Puede confiar en que ofreceremos resultados profesionales.\" \/>\n<meta property=\"og:url\" content=\"https:\/\/apc1040.com\/es\/impuestos-facil\/informacion-general-enlaces-fiscales\/seguimiento-de-la-devolucion-de-impuestos\/\" \/>\n<meta property=\"og:site_name\" content=\"Akron Income Tax Preparation\" \/>\n<meta property=\"article:publisher\" content=\"https:\/\/www.facebook.com\/APC1040\" \/>\n<meta property=\"article:modified_time\" content=\"2024-05-13T11:25:37+00:00\" \/>\n<meta property=\"og:image\" content=\"https:\/\/apc1040.com\/wp-content\/uploads\/2021\/02\/money3.jpg\" \/>\n\t<meta property=\"og:image:width\" content=\"800\" \/>\n\t<meta property=\"og:image:height\" content=\"640\" \/>\n\t<meta property=\"og:image:type\" content=\"image\/jpeg\" \/>\n<meta name=\"twitter:card\" content=\"summary_large_image\" \/>\n<meta name=\"twitter:label1\" content=\"Est. reading time\" \/>\n\t<meta name=\"twitter:data1\" content=\"4 minutes\" \/>\n<!-- \/ Yoast SEO Premium plugin. -->","yoast_head_json":{"title":"Seguimiento de su reembolso Akron Income Tax Co","description":"Siga su reembolso para los ingresos federales y del Estado de Ohio. Puede confiar en que ofreceremos resultados profesionales.","robots":{"index":"index","follow":"follow","max-snippet":"max-snippet:-1","max-image-preview":"max-image-preview:large","max-video-preview":"max-video-preview:-1"},"canonical":"https:\/\/apc1040.com\/es\/impuestos-facil\/informacion-general-enlaces-fiscales\/seguimiento-de-la-devolucion-de-impuestos\/","og_locale":"es_ES","og_type":"article","og_title":"Seguimiento de la devoluci\u00f3n de impuestos","og_description":"Siga su reembolso para los ingresos federales y del Estado de Ohio. Puede confiar en que ofreceremos resultados profesionales.","og_url":"https:\/\/apc1040.com\/es\/impuestos-facil\/informacion-general-enlaces-fiscales\/seguimiento-de-la-devolucion-de-impuestos\/","og_site_name":"Akron Income Tax Preparation","article_publisher":"https:\/\/www.facebook.com\/APC1040","article_modified_time":"2024-05-13T11:25:37+00:00","og_image":[{"width":800,"height":640,"url":"https:\/\/apc1040.com\/wp-content\/uploads\/2021\/02\/money3.jpg","type":"image\/jpeg"}],"twitter_card":"summary_large_image","twitter_misc":{"Est. reading time":"4 minutes"},"schema":{"@context":"https:\/\/schema.org","@graph":[{"@type":"WebPage","@id":"https:\/\/apc1040.com\/es\/impuestos-facil\/informacion-general-enlaces-fiscales\/seguimiento-de-la-devolucion-de-impuestos\/","url":"https:\/\/apc1040.com\/es\/impuestos-facil\/informacion-general-enlaces-fiscales\/seguimiento-de-la-devolucion-de-impuestos\/","name":"Seguimiento de su reembolso Akron Income Tax Co","isPartOf":{"@id":"https:\/\/apc1040.com\/es\/#website"},"primaryImageOfPage":{"@id":"https:\/\/apc1040.com\/es\/impuestos-facil\/informacion-general-enlaces-fiscales\/seguimiento-de-la-devolucion-de-impuestos\/#primaryimage"},"image":{"@id":"https:\/\/apc1040.com\/es\/impuestos-facil\/informacion-general-enlaces-fiscales\/seguimiento-de-la-devolucion-de-impuestos\/#primaryimage"},"thumbnailUrl":"https:\/\/apc1040.com\/wp-content\/uploads\/2021\/02\/money3.jpg","datePublished":"2020-09-06T07:36:17+00:00","dateModified":"2024-05-13T11:25:37+00:00","description":"Siga su reembolso para los ingresos federales y del Estado de Ohio. Puede confiar en que ofreceremos resultados profesionales.","breadcrumb":{"@id":"https:\/\/apc1040.com\/es\/impuestos-facil\/informacion-general-enlaces-fiscales\/seguimiento-de-la-devolucion-de-impuestos\/#breadcrumb"},"inLanguage":"es","potentialAction":[{"@type":"ReadAction","target":["https:\/\/apc1040.com\/es\/impuestos-facil\/informacion-general-enlaces-fiscales\/seguimiento-de-la-devolucion-de-impuestos\/"]}]},{"@type":"ImageObject","inLanguage":"es","@id":"https:\/\/apc1040.com\/es\/impuestos-facil\/informacion-general-enlaces-fiscales\/seguimiento-de-la-devolucion-de-impuestos\/#primaryimage","url":"https:\/\/apc1040.com\/wp-content\/uploads\/2021\/02\/money3.jpg","contentUrl":"https:\/\/apc1040.com\/wp-content\/uploads\/2021\/02\/money3.jpg","width":800,"height":640,"caption":"money3"},{"@type":"BreadcrumbList","@id":"https:\/\/apc1040.com\/es\/impuestos-facil\/informacion-general-enlaces-fiscales\/seguimiento-de-la-devolucion-de-impuestos\/#breadcrumb","itemListElement":[{"@type":"ListItem","position":1,"name":"Home","item":"https:\/\/apc1040.com\/es\/"},{"@type":"ListItem","position":2,"name":"Encontrar f\u00e1cilmente varias p\u00e1ginas web","item":"https:\/\/apc1040.com\/es\/impuestos-facil\/"},{"@type":"ListItem","position":3,"name":"Informaci\u00f3n general Enlaces fiscales","item":"https:\/\/apc1040.com\/es\/impuestos-facil\/informacion-general-enlaces-fiscales\/"},{"@type":"ListItem","position":4,"name":"Seguimiento de la devoluci\u00f3n de impuestos"}]},{"@type":"WebSite","@id":"https:\/\/apc1040.com\/es\/#website","url":"https:\/\/apc1040.com\/es\/","name":"Akron Income Tax Preparation","description":"Income Tax Preparation Service","publisher":{"@id":"https:\/\/apc1040.com\/es\/#organization"},"potentialAction":[{"@type":"SearchAction","target":{"@type":"EntryPoint","urlTemplate":"https:\/\/apc1040.com\/es\/?s={search_term_string}"},"query-input":{"@type":"PropertyValueSpecification","valueRequired":true,"valueName":"search_term_string"}}],"inLanguage":"es"},{"@type":"Organization","@id":"https:\/\/apc1040.com\/es\/#organization","name":"Akron Income Tax Co","url":"https:\/\/apc1040.com\/es\/","logo":{"@type":"ImageObject","inLanguage":"es","@id":"https:\/\/apc1040.com\/es\/#\/schema\/logo\/image\/","url":"https:\/\/apc1040.com\/wp-content\/uploads\/2024\/11\/income-tax-service-akron.jpg","contentUrl":"https:\/\/apc1040.com\/wp-content\/uploads\/2024\/11\/income-tax-service-akron.jpg","width":800,"height":745,"caption":"Akron Income Tax Co"},"image":{"@id":"https:\/\/apc1040.com\/es\/#\/schema\/logo\/image\/"},"sameAs":["https:\/\/www.facebook.com\/APC1040"]}]}},"amp_enabled":true,"_links":{"self":[{"href":"https:\/\/apc1040.com\/es\/wp-json\/wp\/v2\/pages\/2619","targetHints":{"allow":["GET"]}}],"collection":[{"href":"https:\/\/apc1040.com\/es\/wp-json\/wp\/v2\/pages"}],"about":[{"href":"https:\/\/apc1040.com\/es\/wp-json\/wp\/v2\/types\/page"}],"author":[{"embeddable":true,"href":"https:\/\/apc1040.com\/es\/wp-json\/wp\/v2\/users\/10"}],"replies":[{"embeddable":true,"href":"https:\/\/apc1040.com\/es\/wp-json\/wp\/v2\/comments?post=2619"}],"version-history":[{"count":0,"href":"https:\/\/apc1040.com\/es\/wp-json\/wp\/v2\/pages\/2619\/revisions"}],"up":[{"embeddable":true,"href":"https:\/\/apc1040.com\/es\/wp-json\/wp\/v2\/pages\/2597"}],"wp:featuredmedia":[{"embeddable":true,"href":"https:\/\/apc1040.com\/es\/wp-json\/wp\/v2\/media\/2513"}],"wp:attachment":[{"href":"https:\/\/apc1040.com\/es\/wp-json\/wp\/v2\/media?parent=2619"}],"curies":[{"name":"wp","href":"https:\/\/api.w.org\/{rel}","templated":true}]}}