{"id":2618,"date":"2020-09-06T03:37:04","date_gmt":"2020-09-06T07:37:04","guid":{"rendered":"https:\/\/apc1040.com\/informacion-general-enlaces-fiscales\/e-file-para-acelerar-las-devoluciones\/"},"modified":"2024-05-12T21:45:16","modified_gmt":"2024-05-13T01:45:16","slug":"e-file-para-agilizar-las-devoluciones","status":"publish","type":"page","link":"https:\/\/apc1040.com\/es\/impuestos-facil\/informacion-general-enlaces-fiscales\/e-file-para-agilizar-las-devoluciones\/","title":{"rendered":"E-File para acelerar las devoluciones"},"content":{"rendered":"<section class=\"l-section wpb_row height_small\"><div class=\"l-section-h i-cf\"><div class=\"g-cols vc_row via_flex valign_top type_default stacking_default\"><div class=\"vc_col-sm-12 wpb_column vc_column_container\"><div class=\"vc_column-inner\"><div class=\"wpb_wrapper\"><div class=\"w-image us_custom_a50fc834 has_height align_center\"><div class=\"w-image-h\"><img decoding=\"async\" width=\"190\" height=\"48\" src=\"https:\/\/apc1040.com\/wp-content\/uploads\/2020\/09\/efilelogo.gif\" class=\"attachment-full size-full\" alt=\"efilelogo\" loading=\"lazy\" \/><\/div><\/div><div class=\"wpb_text_column us_custom_45274bf0\"><div class=\"wpb_wrapper\"><p><span class=\"cblue\">Si ha presentado su declaraci\u00f3n electr\u00f3nicamente: E-File para agilizar las devoluciones<\/span><\/p>\n<\/div><\/div><div class=\"wpb_text_column us_custom_45274bf0\"><div class=\"wpb_wrapper\"><p class=\"tcenter f20pt cred\"><strong>&#8220;\u00bfCu\u00e1ndo recibir\u00e1s tu devoluci\u00f3n de Hacienda?&#8221; <\/strong><\/p>\n<\/div><\/div><div class=\"wpb_text_column us_custom_45274bf0\"><div class=\"wpb_wrapper\"><h2>E-File para acelerar las devoluciones<\/h2>\n<\/div><\/div><div class=\"wpb_text_column\"><div class=\"wpb_wrapper\"><p>En Akron Income Tax E-File sus E-File para agilizar las devoluciones impuestos para un reembolso m\u00e1s r\u00e1pido Aunque podemos E-File tanto los impuestos federales y estatales. La Agencia Tributaria y el Estado no publican ninguna directriz firme sobre cu\u00e1ndo debe esperar sus reembolsos.<\/p>\n<p>La Agencia Tributaria suele publicar las <a href=\"https:\/\/apc1040.com\/es\/impuestos-facil\/informacion-general-enlaces-fiscales\/seguimiento-de-la-devolucion-de-impuestos\/\">devoluciones de impuestos<\/a> los viernes. Si le aceptan el reembolso un mi\u00e9rcoles, recibir\u00e1 su reembolso por dep\u00f3sito directo federal en unas dos semanas. Si ha solicitado un cheque en papel, el cheque se enviar\u00e1 una o dos semanas despu\u00e9s (16 d\u00edas). El plazo m\u00e1s largo para la devoluci\u00f3n de impuestos por dep\u00f3sito directo es de 22 d\u00edas.<\/p>\n<p><em>No podemos garantizar la fecha en que se emitir\u00e1 una devoluci\u00f3n de impuestos, y tampoco puede hacerlo el IRS. Si la fecha prevista para la devoluci\u00f3n de sus impuestos ha pasado, y no tiene su devoluci\u00f3n, puede <\/em>comprobar en <a href=\"https:\/\/www.irs.gov\/refunds\" target=\"_blank\" rel=\"noopener noreferrer\">www.IRS.gov\/Refunds.<\/a><\/p>\n<p>Hay m\u00faltiples razones por las que su devoluci\u00f3n de impuestos puede retrasarse. Si tu <a href=\"https:\/\/apc1040.com\/es\/lista-de-nuestros-servicios\/servicios-de-preparacion-de-la-declaracion-de-la-renta\/\">Declaraci\u00f3n de la Renta<\/a> no coincide con los registros que Hacienda o la Seguridad Social tienen en su base de datos, puedes contar con un problema. Otros problemas de informaci\u00f3n y razones comunes son las solicitudes cuestionables de Cr\u00e9dito por Ingreso del Trabajo, los dependientes utilizados en otra declaraci\u00f3n, los declarantes por primera vez, y los W2 o SS# que no coinciden.<\/p>\n<p>Entendemos que presentar la declaraci\u00f3n de la renta por v\u00eda electr\u00f3nica y que el reembolso se retrase es frustrante, pero a veces est\u00e1 fuera de nuestro control. Nuestro trabajo es completar correctamente la preparaci\u00f3n de su impuesto sobre la renta y transmitir esa informaci\u00f3n al IRS. Cuando enviamos sus impuestos a Hacienda, al d\u00eda siguiente la aceptan o la rechazan y nos dan la raz\u00f3n. En ese momento, podemos reparar el error y volver a enviar sus impuestos.<\/p>\n<h2>Correcci\u00f3n de la informaci\u00f3n<\/h2>\n<p>A veces, cuando el error est\u00e1 relacionado con la informaci\u00f3n incorrecta de la Declaraci\u00f3n de Impuestos Federales, debemos ponernos en <a href=\"https:\/\/apc1040.com\/es\/contactar-con-akron-income-tax-co\/\">contacto con<\/a> el contribuyente y revisar la Declaraci\u00f3n de Impuestos para reevaluar la informaci\u00f3n correcta. Los <a href=\"https:\/\/apc1040.com\/es\/errores-fiscales-comunes\/\">errores m\u00e1s comunes<\/a> son que los n\u00fameros de la seguridad social no coincidan con los nombres o que los nombres no coincidan con los n\u00fameros. En segundo lugar, si uno de los dependientes present\u00f3 una declaraci\u00f3n incorrecta u otra persona reclam\u00f3 al dependiente. Por \u00faltimo, si el primer a\u00f1o de matrimonio, y el nombre del c\u00f3nyuge no coincide con los registros de la seguridad social. Esta es la mayor raz\u00f3n para pedir a los contribuyentes que revisen sus impuestos federales finales y las <span style=\"color: #1a1a1a;\">declaraciones<a style=\"color: #1a1a1a;\" href=\"https:\/\/apc1040.com\/1040-tax-return\/\">1040<\/a><\/span> en busca de errores antes de presentarlo al IRS. Corregir una declaraci\u00f3n antes de presentarla es mucho m\u00e1s f\u00e1cil (y r\u00e1pido) que corregirla despu\u00e9s de que est\u00e9 en el sistema.<\/p>\n<p>Una vez que sus impuestos han sido aceptados, esa fecha de aceptaci\u00f3n determinar\u00e1 el momento en que la devoluci\u00f3n debe ser depositada en la cuenta del contribuyente. El IRS ya no publica un calendario de ciclo de reembolso para sus impuestos, pero usted debe esperar los dep\u00f3sitos directos federales dentro de 2-3 semanas. Los cheques por correo para los impuestos tardar\u00e1n m\u00e1s.<\/p>\n<p>Una vez aceptada la declaraci\u00f3n federal, si no recibe el reembolso de sus impuestos en un plazo de 22 d\u00edas, despu\u00e9s de la aceptaci\u00f3n, debe ponerse en contacto con nosotros y dejar que lo comprobemos. Tambi\u00e9n tiene la opci\u00f3n de ir a <a href=\"https:\/\/www.irs.gov\/refunds\" target=\"_blank\" rel=\"noopener noreferrer\">www.IRS.gov\/Refunds<\/a> y hacer clic en &#8220;D\u00f3nde est\u00e1 mi reembolso&#8221;<\/p>\n<\/div><\/div><\/div><\/div><\/div><\/div><\/div><\/section>\n","protected":false},"excerpt":{"rendered":"Si ha presentado su declaraci\u00f3n electr\u00f3nicamente: E-File para agilizar las devoluciones &#8220;\u00bfCu\u00e1ndo recibir\u00e1s tu devoluci\u00f3n de Hacienda?&#8221; E-File para acelerar las devoluciones En Akron Income Tax E-File sus E-File para agilizar las devoluciones impuestos para un reembolso m\u00e1s r\u00e1pido Aunque podemos E-File tanto los impuestos federales y estatales. La Agencia Tributaria y el Estado no...","protected":false},"author":10,"featured_media":2559,"parent":2597,"menu_order":0,"comment_status":"closed","ping_status":"closed","template":"","meta":{"_lmt_disableupdate":"no","_lmt_disable":"","_monsterinsights_skip_tracking":false,"_monsterinsights_sitenote_active":false,"_monsterinsights_sitenote_note":"","_monsterinsights_sitenote_category":0,"_uf_show_specific_survey":0,"_uf_disable_surveys":false,"footnotes":""},"class_list":["post-2618","page","type-page","status-publish","has-post-thumbnail","hentry"],"yoast_head":"<!-- This site is optimized with the Yoast SEO Premium plugin v27.3 (Yoast SEO v27.4) - https:\/\/yoast.com\/product\/yoast-seo-premium-wordpress\/ -->\n<title>E-File para agilizar las devoluciones- Akron Income Tax<\/title>\n<meta name=\"description\" content=\"E-File para agilizar las devoluciones. Akron Income Tax Co para todas sus necesidades de contabilidad, tenedur\u00eda de libros.\" \/>\n<meta name=\"robots\" content=\"index, follow, max-snippet:-1, max-image-preview:large, max-video-preview:-1\" \/>\n<link rel=\"canonical\" href=\"https:\/\/apc1040.com\/es\/impuestos-facil\/informacion-general-enlaces-fiscales\/e-file-para-agilizar-las-devoluciones\/\" \/>\n<meta property=\"og:locale\" content=\"es_ES\" \/>\n<meta property=\"og:type\" content=\"article\" \/>\n<meta property=\"og:title\" content=\"E-File para acelerar las devoluciones\" \/>\n<meta property=\"og:description\" content=\"E-File para agilizar las devoluciones. Akron Income Tax Co para todas sus necesidades de contabilidad, tenedur\u00eda de libros.\" \/>\n<meta property=\"og:url\" content=\"https:\/\/apc1040.com\/es\/impuestos-facil\/informacion-general-enlaces-fiscales\/e-file-para-agilizar-las-devoluciones\/\" \/>\n<meta property=\"og:site_name\" content=\"Akron Income Tax Preparation\" \/>\n<meta property=\"article:publisher\" content=\"https:\/\/www.facebook.com\/APC1040\" \/>\n<meta property=\"article:modified_time\" content=\"2024-05-13T01:45:16+00:00\" \/>\n<meta property=\"og:image\" content=\"https:\/\/apc1040.com\/wp-content\/uploads\/2021\/02\/money3.jpg\" \/>\n<meta name=\"twitter:card\" content=\"summary_large_image\" \/>\n<meta name=\"twitter:label1\" content=\"Est. reading time\" \/>\n\t<meta name=\"twitter:data1\" content=\"4 minutes\" \/>\n<!-- \/ Yoast SEO Premium plugin. -->","yoast_head_json":{"title":"E-File para agilizar las devoluciones- Akron Income Tax","description":"E-File para agilizar las devoluciones. Akron Income Tax Co para todas sus necesidades de contabilidad, tenedur\u00eda de libros.","robots":{"index":"index","follow":"follow","max-snippet":"max-snippet:-1","max-image-preview":"max-image-preview:large","max-video-preview":"max-video-preview:-1"},"canonical":"https:\/\/apc1040.com\/es\/impuestos-facil\/informacion-general-enlaces-fiscales\/e-file-para-agilizar-las-devoluciones\/","og_locale":"es_ES","og_type":"article","og_title":"E-File para acelerar las devoluciones","og_description":"E-File para agilizar las devoluciones. Akron Income Tax Co para todas sus necesidades de contabilidad, tenedur\u00eda de libros.","og_url":"https:\/\/apc1040.com\/es\/impuestos-facil\/informacion-general-enlaces-fiscales\/e-file-para-agilizar-las-devoluciones\/","og_site_name":"Akron Income Tax Preparation","article_publisher":"https:\/\/www.facebook.com\/APC1040","article_modified_time":"2024-05-13T01:45:16+00:00","og_image":[{"url":"https:\/\/apc1040.com\/wp-content\/uploads\/2021\/02\/money3.jpg","type":"","width":"","height":""}],"twitter_card":"summary_large_image","twitter_misc":{"Est. reading time":"4 minutes"},"schema":{"@context":"https:\/\/schema.org","@graph":[{"@type":"WebPage","@id":"https:\/\/apc1040.com\/es\/impuestos-facil\/informacion-general-enlaces-fiscales\/e-file-para-agilizar-las-devoluciones\/","url":"https:\/\/apc1040.com\/es\/impuestos-facil\/informacion-general-enlaces-fiscales\/e-file-para-agilizar-las-devoluciones\/","name":"E-File para agilizar las devoluciones- Akron Income Tax","isPartOf":{"@id":"https:\/\/apc1040.com\/es\/#website"},"primaryImageOfPage":{"@id":"https:\/\/apc1040.com\/es\/impuestos-facil\/informacion-general-enlaces-fiscales\/e-file-para-agilizar-las-devoluciones\/#primaryimage"},"image":{"@id":"https:\/\/apc1040.com\/es\/impuestos-facil\/informacion-general-enlaces-fiscales\/e-file-para-agilizar-las-devoluciones\/#primaryimage"},"thumbnailUrl":"https:\/\/apc1040.com\/wp-content\/uploads\/2022\/06\/istockphoto-1350239600-170667a.jpg","datePublished":"2020-09-06T07:37:04+00:00","dateModified":"2024-05-13T01:45:16+00:00","description":"E-File para agilizar las devoluciones. Akron Income Tax Co para todas sus necesidades de contabilidad, tenedur\u00eda de libros.","breadcrumb":{"@id":"https:\/\/apc1040.com\/es\/impuestos-facil\/informacion-general-enlaces-fiscales\/e-file-para-agilizar-las-devoluciones\/#breadcrumb"},"inLanguage":"es","potentialAction":[{"@type":"ReadAction","target":["https:\/\/apc1040.com\/es\/impuestos-facil\/informacion-general-enlaces-fiscales\/e-file-para-agilizar-las-devoluciones\/"]}]},{"@type":"ImageObject","inLanguage":"es","@id":"https:\/\/apc1040.com\/es\/impuestos-facil\/informacion-general-enlaces-fiscales\/e-file-para-agilizar-las-devoluciones\/#primaryimage","url":"https:\/\/apc1040.com\/wp-content\/uploads\/2022\/06\/istockphoto-1350239600-170667a.jpg","contentUrl":"https:\/\/apc1040.com\/wp-content\/uploads\/2022\/06\/istockphoto-1350239600-170667a.jpg","width":509,"height":339,"caption":"istockphoto 1350239600 170667a"},{"@type":"BreadcrumbList","@id":"https:\/\/apc1040.com\/es\/impuestos-facil\/informacion-general-enlaces-fiscales\/e-file-para-agilizar-las-devoluciones\/#breadcrumb","itemListElement":[{"@type":"ListItem","position":1,"name":"Home","item":"https:\/\/apc1040.com\/es\/"},{"@type":"ListItem","position":2,"name":"Encontrar f\u00e1cilmente varias p\u00e1ginas web","item":"https:\/\/apc1040.com\/es\/impuestos-facil\/"},{"@type":"ListItem","position":3,"name":"Informaci\u00f3n general Enlaces fiscales","item":"https:\/\/apc1040.com\/es\/impuestos-facil\/informacion-general-enlaces-fiscales\/"},{"@type":"ListItem","position":4,"name":"E-File para acelerar las devoluciones"}]},{"@type":"WebSite","@id":"https:\/\/apc1040.com\/es\/#website","url":"https:\/\/apc1040.com\/es\/","name":"Akron Income Tax Preparation","description":"Income Tax Preparation Service","publisher":{"@id":"https:\/\/apc1040.com\/es\/#organization"},"potentialAction":[{"@type":"SearchAction","target":{"@type":"EntryPoint","urlTemplate":"https:\/\/apc1040.com\/es\/?s={search_term_string}"},"query-input":{"@type":"PropertyValueSpecification","valueRequired":true,"valueName":"search_term_string"}}],"inLanguage":"es"},{"@type":"Organization","@id":"https:\/\/apc1040.com\/es\/#organization","name":"Akron Income Tax Co","url":"https:\/\/apc1040.com\/es\/","logo":{"@type":"ImageObject","inLanguage":"es","@id":"https:\/\/apc1040.com\/es\/#\/schema\/logo\/image\/","url":"https:\/\/apc1040.com\/wp-content\/uploads\/2024\/11\/income-tax-service-akron.jpg","contentUrl":"https:\/\/apc1040.com\/wp-content\/uploads\/2024\/11\/income-tax-service-akron.jpg","width":800,"height":745,"caption":"Akron Income Tax Co"},"image":{"@id":"https:\/\/apc1040.com\/es\/#\/schema\/logo\/image\/"},"sameAs":["https:\/\/www.facebook.com\/APC1040"]}]}},"amp_enabled":true,"_links":{"self":[{"href":"https:\/\/apc1040.com\/es\/wp-json\/wp\/v2\/pages\/2618","targetHints":{"allow":["GET"]}}],"collection":[{"href":"https:\/\/apc1040.com\/es\/wp-json\/wp\/v2\/pages"}],"about":[{"href":"https:\/\/apc1040.com\/es\/wp-json\/wp\/v2\/types\/page"}],"author":[{"embeddable":true,"href":"https:\/\/apc1040.com\/es\/wp-json\/wp\/v2\/users\/10"}],"replies":[{"embeddable":true,"href":"https:\/\/apc1040.com\/es\/wp-json\/wp\/v2\/comments?post=2618"}],"version-history":[{"count":0,"href":"https:\/\/apc1040.com\/es\/wp-json\/wp\/v2\/pages\/2618\/revisions"}],"up":[{"embeddable":true,"href":"https:\/\/apc1040.com\/es\/wp-json\/wp\/v2\/pages\/2597"}],"wp:featuredmedia":[{"embeddable":true,"href":"https:\/\/apc1040.com\/es\/wp-json\/wp\/v2\/media\/2559"}],"wp:attachment":[{"href":"https:\/\/apc1040.com\/es\/wp-json\/wp\/v2\/media?parent=2618"}],"curies":[{"name":"wp","href":"https:\/\/api.w.org\/{rel}","templated":true}]}}