{"id":2617,"date":"2020-09-05T14:24:01","date_gmt":"2020-09-05T18:24:01","guid":{"rendered":"https:\/\/apc1040.com\/formularios-de-preparacion-de-impuestos-disponibles\/"},"modified":"2026-01-06T23:14:56","modified_gmt":"2026-01-07T04:14:56","slug":"formularios-de-preparacion-de-impuestos-disponibles","status":"publish","type":"page","link":"https:\/\/apc1040.com\/es\/formularios-de-preparacion-de-impuestos-disponibles\/","title":{"rendered":"Gu\u00eda de formularios de preparaci\u00f3n de impuestos para los formularios de impuestos disponibles"},"content":{"rendered":"<section class=\"l-section wpb_row height_small\"><div class=\"l-section-h i-cf\"><div class=\"g-cols vc_row via_flex valign_top type_default stacking_default\"><div class=\"vc_col-sm-12 wpb_column vc_column_container\"><div class=\"vc_column-inner\"><div class=\"wpb_wrapper\"><div class=\"wpb_text_column\"><div class=\"wpb_wrapper\"><h2 class=\"tcenter f20pt\">330-733-1040<\/h2>\n<h3 class=\"tcenter f20pt cred\"><strong><em>Preciso, fiable y seguro.<\/em><\/strong><\/h3>\n<\/div><\/div><div class=\"w-image us_custom_3d9ba1f6 has_height align_center\"><div class=\"w-image-h\"><img decoding=\"async\" width=\"416\" height=\"624\" src=\"https:\/\/apc1040.com\/wp-content\/uploads\/2021\/03\/dropoff.jpg\" class=\"attachment-full size-full\" alt=\"Formularios b\u00e1sicos de preparaci\u00f3n de impuestos\" loading=\"lazy\" srcset=\"https:\/\/apc1040.com\/wp-content\/uploads\/2021\/03\/dropoff.jpg 416w, https:\/\/apc1040.com\/wp-content\/uploads\/2021\/03\/dropoff-200x300.jpg 200w\" sizes=\"auto, (max-width: 416px) 100vw, 416px\" \/><\/div><\/div><div class=\"wpb_text_column\"><div class=\"wpb_wrapper\"><h2>Formularios b\u00e1sicos de preparaci\u00f3n de impuestos disponibles<\/h2>\n<p>Estos formularios b\u00e1sicos disponibles le ayudar\u00e1n a preparar su cita para los impuestos.&nbsp;<a href=\"https:\/\/apc1040.com\/es\/preparacion-de-impuestos-cerca-de-mi-akron-ohio\/\"><strong>Preparaci\u00f3n de impuestos <\/strong><\/a>le ayudar\u00e1n a prepararse para su cita con los impuestos. Formularios b\u00e1sicos de preparaci\u00f3n de impuestos para clientes de <a href=\"https:\/\/apc1040.com\/es\/contactar-con-akron-income-tax-co\/\">Akron Income<\/a> <a href=\"https:\/\/apc1040.com\/es\/lista-de-nuestros-servicios\/servicios-de-preparacion-de-la-declaracion-de-la-renta\/\">Tax Preparation<\/a>. Especialmente cuando se planea dejar la informaci\u00f3n. En realidad, no es necesario el formulario b\u00e1sico de informaci\u00f3n fiscal cuando se tiene una cita presencial para las devoluciones, pero est\u00e1 bien, sobre todo si se trata de un cliente nuevo.<\/p>\n<h2>El formulario 1040:<\/h2>\n<p>Es el formulario b\u00e1sico para los contribuyentes individuales. Incluye sus datos personales, sus ingresos, sus deducciones y sus obligaciones fiscales.<\/p>\n<section class=\"flex flex-col\">\n<div class=\"text-func-700 dark:text-slate-300 pt-0 mt-0\">Formularios de preparaci\u00f3n de impuestos disponibles<\/div>\n<\/section>\n<p>El formulario Schedule C: Este <a href=\"https:\/\/apc1040.com\/es\/impuestos-facil\/carteles-de-empresa\/formularios-de-impuestos-para-empleados\/\">formulario es necesario<\/a> para las empresas y para las personas que reciben un formulario 1099NEC.<\/p>\n<p>El formulario Schedule E: Este <a href=\"https:\/\/apc1040.com\/es\/formulario-de-informacion-al-contribuyente\/\">formulario se utiliza para informar<\/a> de sus ingresos y gastos para los contribuyentes que poseen propiedades de alquiler.<\/p>\n<p>Estos son los formularios de Declaraci\u00f3n de Impuestos Federales m\u00e1s usados, pero hay muchos otros que pueden aplicarse a su situaci\u00f3n espec\u00edfica. Le ayudaremos a determinar qu\u00e9 formularios necesita completar para presentar sus impuestos<\/p>\n<p>La finalidad de la presentaci\u00f3n de estos formularios para los impuestos es doble. En primer lugar, para ayudarle a empezar a reunir sus documentos importantes para los impuestos. De este modo, se ayuda a iniciar el proceso de preparaci\u00f3n de los impuestos federales. En segundo sitio, al rellenar nuestro formulario, la informaci\u00f3n que proporciona reduce el tiempo de presentaci\u00f3n de sus declaraciones.<\/p>\n<h2><strong>Qu\u00e9 documentos debe llevar a su cita para los impuestos:<\/strong><\/h2>\n<p>A continuaci\u00f3n encontrar\u00e1 una lista de los documentos que deber\u00e1 llevar a su cita con Hacienda. Esta lista no es exhaustiva, pero le dar\u00e1 una idea de los tipos de documentos que necesitaremos para preparar su declaraci\u00f3n de impuestos. Formularios de preparaci\u00f3n de impuestos disponibles.<\/p>\n<ul>\n<li>Una copia de su declaraci\u00f3n de la renta del \u00faltimo a\u00f1o (si es un cliente nuevo)<\/li>\n<li>Formularios W-2 de todos los empleadores<\/li>\n<li>Formularios 1099 (si eres aut\u00f3nomo o tienes intereses o dividendos)<\/li>\n<li>Todos los registros de ingresos y gastos de su negocio (si es aut\u00f3nomo)<\/li>\n<li>Registros de cualquier otro ingreso, como la pensi\u00f3n alimenticia, la manutenci\u00f3n de los hijos o las pensiones<\/li>\n<li>Declaraciones de intereses y dividendos de bancos y otras instituciones financieras<\/li>\n<li><a href=\"https:\/\/apc1040.com\/es\/documentacion-para-deducciones-empresariales\/\">Documentaci\u00f3n de cualquier deducci\u00f3n<\/a> o cr\u00e9dito que tenga previsto solicitar, como donaciones ben\u00e9ficas, gastos m\u00e9dicos o intereses de pr\u00e9stamos estudiantiles<\/li>\n<li>Una copia de su tarjeta de la Seguridad Social u otra documentaci\u00f3n oficial de su n\u00famero de la Seguridad Social<\/li>\n<li>Un documento de identidad v\u00e1lido con fotograf\u00eda (como el carnet de conducir)<\/li>\n<li>Prueba de cualquier pago que haya realizado, como pagos de impuestos estimados o dep\u00f3sitos de impuestos federales<\/li>\n<li>Si solicita el Cr\u00e9dito Fiscal por Ingreso del Trabajo o el Cr\u00e9dito Fiscal Adicional por Hijos, tendr\u00e1 que llevar una prueba de ingresos y una identificaci\u00f3n para cada persona que figure en su declaraci\u00f3n. La documentaci\u00f3n aceptable incluye formularios W-2, formularios 1099, talones de pago o tarjetas de la seguridad social.<\/li>\n<\/ul>\n<p>Puede que no sea necesario que traiga todos estos documentos a su cita, pero es \u00fatil tenerlos a mano por si los necesitamos.<\/p>\n<p>Si tiene alguna circunstancia inusual, utilice el espacio de los formularios Basic Tax Prep para comunic\u00e1rnoslo.<\/p>\n<p class=\"tcenter\">Ll\u00e1menos para concertar su cita<\/p>\n<p class=\"tcenter\">O utilice nuestra opci\u00f3n Remote <a href=\"https:\/\/apc1040.com\/es\/archivo-en-casa\/\">File@Home<\/a> para archivadores b\u00e1sicos<\/p>\n<p class=\"tcenter\">O simplemente, deje sus impuestos y nosotros los archivaremos.<\/p>\n<\/div><\/div><div class=\"wpb_text_column\"><div class=\"wpb_wrapper\"><p class=\"tcenter cblue\"><strong><a href=\"https:\/\/apc1040.com\/wp-content\/uploads\/2021\/12\/dropoffform.pdf\" target=\"_blank\" rel=\"noopener\">Formulario de informaci\u00f3n fiscal<\/a><\/strong><\/p>\n<\/div><\/div><div class=\"wpb_text_column\"><div class=\"wpb_wrapper\"><p class=\"tcenter cblue\"><strong><a href=\"https:\/\/apc1040.com\/wp-content\/uploads\/2020\/09\/taxbusinessform.pdf\" target=\"_blank\" rel=\"noopener noreferrer\">Forma de negocio<\/a> <\/strong><\/p>\n<\/div><\/div><div class=\"wpb_text_column\"><div class=\"wpb_wrapper\"><p class=\"tcenter cblue\"><strong><a href=\"https:\/\/apc1040.com\/wp-content\/uploads\/2020\/09\/taxrentalform.pdf\" target=\"_blank\" rel=\"noopener noreferrer\">Formulario de alquiler<\/a> <\/strong><\/p>\n<\/div><\/div><div class=\"wpb_text_column\"><div class=\"wpb_wrapper\"><p class=\"tcenter cblue\"><strong><a href=\"https:\/\/apc1040.com\/es\/impuestos-facil\/informacion-general-enlaces-fiscales\/e-file-para-agilizar-las-devoluciones\/\" rel=\"noopener noreferrer\">Preguntas sobre el E-Filing<\/a><\/strong><\/p>\n<\/div><\/div><\/div><\/div><\/div><\/div><\/div><\/section>\n","protected":false},"excerpt":{"rendered":"330-733-1040 Preciso, fiable y seguro. Formularios b\u00e1sicos de preparaci\u00f3n de impuestos disponibles Estos formularios b\u00e1sicos disponibles le ayudar\u00e1n a preparar su cita para los impuestos.&nbsp;Preparaci\u00f3n de impuestos le ayudar\u00e1n a prepararse para su cita con los impuestos. Formularios b\u00e1sicos de preparaci\u00f3n de impuestos para clientes de Akron Income Tax Preparation. Especialmente cuando se planea dejar...","protected":false},"author":10,"featured_media":2516,"parent":0,"menu_order":0,"comment_status":"closed","ping_status":"closed","template":"","meta":{"_lmt_disableupdate":"no","_lmt_disable":"","_monsterinsights_skip_tracking":false,"_monsterinsights_sitenote_active":false,"_monsterinsights_sitenote_note":"","_monsterinsights_sitenote_category":0,"_uf_show_specific_survey":0,"_uf_disable_surveys":false,"footnotes":""},"class_list":["post-2617","page","type-page","status-publish","has-post-thumbnail","hentry"],"yoast_head":"<!-- This site is optimized with the Yoast SEO Premium plugin v27.3 (Yoast SEO v27.4) - https:\/\/yoast.com\/product\/yoast-seo-premium-wordpress\/ -->\n<title>Formularios de preparaci\u00f3n de impuestos disponibles<\/title>\n<meta name=\"description\" content=\"Formularios b\u00e1sicos de preparaci\u00f3n de impuestos disponibles para en Akron Income Tax. Puede confiar para obtener resultados profesionales.\" \/>\n<meta name=\"robots\" content=\"index, follow, max-snippet:-1, max-image-preview:large, max-video-preview:-1\" \/>\n<link rel=\"canonical\" href=\"https:\/\/apc1040.com\/es\/formularios-de-preparacion-de-impuestos-disponibles\/\" \/>\n<meta property=\"og:locale\" content=\"es_ES\" \/>\n<meta property=\"og:type\" content=\"article\" \/>\n<meta property=\"og:title\" content=\"Gu\u00eda de formularios de preparaci\u00f3n de impuestos para los formularios de impuestos disponibles\" \/>\n<meta property=\"og:description\" content=\"Formularios b\u00e1sicos de preparaci\u00f3n de impuestos disponibles para en Akron Income Tax. Puede confiar para obtener resultados profesionales.\" \/>\n<meta property=\"og:url\" content=\"https:\/\/apc1040.com\/es\/formularios-de-preparacion-de-impuestos-disponibles\/\" \/>\n<meta property=\"og:site_name\" content=\"Akron Income Tax Preparation\" \/>\n<meta property=\"article:publisher\" content=\"https:\/\/www.facebook.com\/APC1040\" \/>\n<meta property=\"article:modified_time\" content=\"2026-01-07T04:14:56+00:00\" \/>\n<meta property=\"og:image\" content=\"https:\/\/apc1040.com\/wp-content\/uploads\/2021\/03\/dropoff.jpg\" \/>\n<meta name=\"twitter:card\" content=\"summary_large_image\" \/>\n<meta name=\"twitter:label1\" content=\"Est. reading time\" \/>\n\t<meta name=\"twitter:data1\" content=\"3 minutes\" \/>\n<!-- \/ Yoast SEO Premium plugin. -->","yoast_head_json":{"title":"Formularios de preparaci\u00f3n de impuestos disponibles","description":"Formularios b\u00e1sicos de preparaci\u00f3n de impuestos disponibles para en Akron Income Tax. Puede confiar para obtener resultados profesionales.","robots":{"index":"index","follow":"follow","max-snippet":"max-snippet:-1","max-image-preview":"max-image-preview:large","max-video-preview":"max-video-preview:-1"},"canonical":"https:\/\/apc1040.com\/es\/formularios-de-preparacion-de-impuestos-disponibles\/","og_locale":"es_ES","og_type":"article","og_title":"Gu\u00eda de formularios de preparaci\u00f3n de impuestos para los formularios de impuestos disponibles","og_description":"Formularios b\u00e1sicos de preparaci\u00f3n de impuestos disponibles para en Akron Income Tax. Puede confiar para obtener resultados profesionales.","og_url":"https:\/\/apc1040.com\/es\/formularios-de-preparacion-de-impuestos-disponibles\/","og_site_name":"Akron Income Tax Preparation","article_publisher":"https:\/\/www.facebook.com\/APC1040","article_modified_time":"2026-01-07T04:14:56+00:00","og_image":[{"url":"https:\/\/apc1040.com\/wp-content\/uploads\/2021\/03\/dropoff.jpg","type":"","width":"","height":""}],"twitter_card":"summary_large_image","twitter_misc":{"Est. reading time":"3 minutes"},"schema":{"@context":"https:\/\/schema.org","@graph":[{"@type":"WebPage","@id":"https:\/\/apc1040.com\/es\/formularios-de-preparacion-de-impuestos-disponibles\/","url":"https:\/\/apc1040.com\/es\/formularios-de-preparacion-de-impuestos-disponibles\/","name":"Formularios de preparaci\u00f3n de impuestos disponibles","isPartOf":{"@id":"https:\/\/apc1040.com\/es\/#website"},"primaryImageOfPage":{"@id":"https:\/\/apc1040.com\/es\/formularios-de-preparacion-de-impuestos-disponibles\/#primaryimage"},"image":{"@id":"https:\/\/apc1040.com\/es\/formularios-de-preparacion-de-impuestos-disponibles\/#primaryimage"},"thumbnailUrl":"https:\/\/apc1040.com\/wp-content\/uploads\/2021\/03\/dropoff.jpg","datePublished":"2020-09-05T18:24:01+00:00","dateModified":"2026-01-07T04:14:56+00:00","description":"Formularios b\u00e1sicos de preparaci\u00f3n de impuestos disponibles para en Akron Income Tax. Puede confiar para obtener resultados profesionales.","breadcrumb":{"@id":"https:\/\/apc1040.com\/es\/formularios-de-preparacion-de-impuestos-disponibles\/#breadcrumb"},"inLanguage":"es","potentialAction":[{"@type":"ReadAction","target":["https:\/\/apc1040.com\/es\/formularios-de-preparacion-de-impuestos-disponibles\/"]}]},{"@type":"ImageObject","inLanguage":"es","@id":"https:\/\/apc1040.com\/es\/formularios-de-preparacion-de-impuestos-disponibles\/#primaryimage","url":"https:\/\/apc1040.com\/wp-content\/uploads\/2021\/03\/dropoff.jpg","contentUrl":"https:\/\/apc1040.com\/wp-content\/uploads\/2021\/03\/dropoff.jpg","width":416,"height":624,"caption":"dropoff"},{"@type":"BreadcrumbList","@id":"https:\/\/apc1040.com\/es\/formularios-de-preparacion-de-impuestos-disponibles\/#breadcrumb","itemListElement":[{"@type":"ListItem","position":1,"name":"Home","item":"https:\/\/apc1040.com\/es\/"},{"@type":"ListItem","position":2,"name":"Gu\u00eda de formularios de preparaci\u00f3n de impuestos para los formularios de impuestos disponibles"}]},{"@type":"WebSite","@id":"https:\/\/apc1040.com\/es\/#website","url":"https:\/\/apc1040.com\/es\/","name":"Akron Income Tax Preparation","description":"Income Tax Preparation Service","publisher":{"@id":"https:\/\/apc1040.com\/es\/#organization"},"potentialAction":[{"@type":"SearchAction","target":{"@type":"EntryPoint","urlTemplate":"https:\/\/apc1040.com\/es\/?s={search_term_string}"},"query-input":{"@type":"PropertyValueSpecification","valueRequired":true,"valueName":"search_term_string"}}],"inLanguage":"es"},{"@type":"Organization","@id":"https:\/\/apc1040.com\/es\/#organization","name":"Akron Income Tax Co","url":"https:\/\/apc1040.com\/es\/","logo":{"@type":"ImageObject","inLanguage":"es","@id":"https:\/\/apc1040.com\/es\/#\/schema\/logo\/image\/","url":"https:\/\/apc1040.com\/wp-content\/uploads\/2024\/11\/income-tax-service-akron.jpg","contentUrl":"https:\/\/apc1040.com\/wp-content\/uploads\/2024\/11\/income-tax-service-akron.jpg","width":800,"height":745,"caption":"Akron Income Tax Co"},"image":{"@id":"https:\/\/apc1040.com\/es\/#\/schema\/logo\/image\/"},"sameAs":["https:\/\/www.facebook.com\/APC1040"]}]}},"amp_enabled":true,"_links":{"self":[{"href":"https:\/\/apc1040.com\/es\/wp-json\/wp\/v2\/pages\/2617","targetHints":{"allow":["GET"]}}],"collection":[{"href":"https:\/\/apc1040.com\/es\/wp-json\/wp\/v2\/pages"}],"about":[{"href":"https:\/\/apc1040.com\/es\/wp-json\/wp\/v2\/types\/page"}],"author":[{"embeddable":true,"href":"https:\/\/apc1040.com\/es\/wp-json\/wp\/v2\/users\/10"}],"replies":[{"embeddable":true,"href":"https:\/\/apc1040.com\/es\/wp-json\/wp\/v2\/comments?post=2617"}],"version-history":[{"count":1,"href":"https:\/\/apc1040.com\/es\/wp-json\/wp\/v2\/pages\/2617\/revisions"}],"predecessor-version":[{"id":11356,"href":"https:\/\/apc1040.com\/es\/wp-json\/wp\/v2\/pages\/2617\/revisions\/11356"}],"wp:featuredmedia":[{"embeddable":true,"href":"https:\/\/apc1040.com\/es\/wp-json\/wp\/v2\/media\/2516"}],"wp:attachment":[{"href":"https:\/\/apc1040.com\/es\/wp-json\/wp\/v2\/media?parent=2617"}],"curies":[{"name":"wp","href":"https:\/\/api.w.org\/{rel}","templated":true}]}}