{"id":2614,"date":"2020-09-05T14:40:03","date_gmt":"2020-09-05T18:40:03","guid":{"rendered":"https:\/\/apc1040.com\/obtenga-indicaciones-para-llegar-a-nuestra-oficina-de-waterloo-rd\/"},"modified":"2024-05-13T07:46:03","modified_gmt":"2024-05-13T11:46:03","slug":"oficina-de-waterloo-rd","status":"publish","type":"page","link":"https:\/\/apc1040.com\/es\/oficina-de-waterloo-rd\/","title":{"rendered":"Obtenga indicaciones para llegar a nuestra oficina de Waterloo Rd."},"content":{"rendered":"<section class=\"l-section wpb_row height_small\"><div class=\"l-section-h i-cf\"><div class=\"g-cols vc_row via_flex valign_top type_default stacking_default\"><div class=\"vc_col-sm-12 wpb_column vc_column_container\"><div class=\"vc_column-inner\"><div class=\"wpb_wrapper\">[vc_raw_html css=&#8221;%7B%22default%22%3A%7B%22text-align%22%3A%22center%22%7D%7D&#8221;]JTNDaWZyYW1lJTIwc3JjJTNEJTIyaHR0cHMlM0ElMkYlMkZ3d3cuZ29vZ2xlLmNvbSUyRm1hcHMlMkZlbWJlZCUzRnBiJTNEJTIxMW0xNCUyMTFtOCUyMTFtMyUyMTFkMTIwMzguNjA2ODgyMTE3ODYzJTIxMmQtODEuNDUyOTA3OCUyMTNkNDEuMDMyODc1JTIxM20yJTIxMWkxMDI0JTIxMmk3NjglMjE0ZjEzLjElMjEzbTMlMjExbTIlMjExczB4MCUyNTNBMHhmNmQxM2E1Zjg5ZGMzMDkwJTIxMnNBa3JvbiUyNTIwSW5jb21lJTI1MjBUYXglMjUyMENvLiUyMTVlMCUyMTNtMiUyMTFzZW4lMjEyc2JkJTIxNHYxNjU2NDI0Mjg2MDcxJTIxNW0yJTIxMXNlbiUyMTJzYmQlMjIlMjB3aWR0aCUzRCUyMjgwMCUyMiUyMGhlaWdodCUzRCUyMjQwMCUyMiUyMHN0eWxlJTNEJTIyYm9yZGVyJTNBMCUzQiUyMiUyMGFsbG93ZnVsbHNjcmVlbiUzRCUyMiUyMiUyMGxvYWRpbmclM0QlMjJsYXp5JTIyJTIwcmVmZXJyZXJwb2xpY3klM0QlMjJuby1yZWZlcnJlci13aGVuLWRvd25ncmFkZSUyMiUzRSUzQyUyRmlmcmFtZSUzRQ==[\/vc_raw_html]<div class=\"wpb_text_column\"><div class=\"wpb_wrapper\"><h2><\/h2>\n<h2>C\u00f3mo llegar a nuestra oficina de preparaci\u00f3n de impuestos<\/h2>\n<p>Obtenga las indicaciones para llegar a nuestra oficina de Waterloo Rd. Estamos en 2215 E. Waterloo Rd cerca de Hilbish Ave. aproximadamente a 1.5 millas de la intersecci\u00f3n de Canton Rd (RT 91) y Waterloo Rd (RT 224). Pase por aqu\u00ed, estaremos encantados de <a href=\"https:\/\/apc1040.com\/es\/ron-el-recaudador-de-impuestos-completando-impuestos-desde-1982\/\">completar sus impuestos<\/a>.<\/p>\n<p>Indicaciones: Desde el intercambiador central de Akron, vaya hacia el sur por la I77 hasta la US RT 224, luego vaya hacia el este aproximadamente 2 millas y media por la US RT 224. En la 77 sur utilice el carril izquierdo. Pase 2 sem\u00e1foros y gire a la izquierda en la siguiente calle (Gala Commons est\u00e1 en el lado norte de la US RT 224 justo antes de Springfield Lake)<\/p>\n<p>Nuestra oficina de preparaci\u00f3n de impuestos se encuentra en el mapa de abajo. \u00a1Usted puede encontrar su camino a nuestra ubicaci\u00f3n de <a href=\"https:\/\/apc1040.com\/es\/\">preparaci\u00f3n de impuestos<\/a>, r\u00e1pido y f\u00e1cil!<\/p>\n<p>Gracias por su continuo apoyo. Nos comprometemos a ofrecerle el <a href=\"https:\/\/apc1040.com\/es\/servicio-de-impuestos-cerca-de-mi\/\">servicio<\/a> que se merece y a proporcionarle una preparaci\u00f3n de la declaraci\u00f3n de impuestos precisa y oportuna. Esperamos que esta temporada de <a href=\"https:\/\/apc1040.com\/es\/como-evitar-problemas-de-impuestos-del-irs-alquilando-a-su-familia-o-amigos\/\">impuestos el IRS<\/a> se ponga al d\u00eda. Entonces esperamos que los retornos pasen por el sistema mucho m\u00e1s r\u00e1pido que el a\u00f1o pasado. Cuanto antes complete sus impuestos, m\u00e1s r\u00e1pido llegar\u00e1 su reembolso.<\/p>\n<h2>Nuestra misi\u00f3n<\/h2>\n<p>Nuestra misi\u00f3n es proporcionar servicios de impuestos sobre la renta de alta calidad cerca de usted a un costo razonable. A menudo me pregunto por qu\u00e9 alguien ir\u00eda a una de las cadenas nacionales. En primer lugar, contratan activamente a personas despu\u00e9s de completar un curso de formaci\u00f3n de 8 semanas para completar sus impuestos. Contamos con profesionales con m\u00e1s de 38 a\u00f1os de experiencia. En segundo lugar, estamos abiertos y disponibles todo el a\u00f1o. Por \u00faltimo, y lo m\u00e1s importante, nuestros honorarios son realmente razonables: 120 d\u00f3lares. Entonces, \u00bfpor qu\u00e9 pagar m\u00e1s?<\/p>\n<p>Akron Income Tax, Co. se compromete a proporcionar servicios precisos, fiables y seguros. Nos esforzamos por ofrecer excelencia, respeto e integridad en todos <a href=\"https:\/\/apc1040.com\/es\/profesional-de-los-impuestos-cerca-de-mi\/\">los aspectos de nuestras operaciones y nuestra conducta profesional<\/a> y empresarial. Nos esforzamos por reflejar los m\u00e1s altos est\u00e1ndares \u00e9ticos en las relaciones con nuestros clientes. Obtenga indicaciones para llegar a nuestra oficina de Waterloo Rd.<\/p>\n<\/div><\/div><div class=\"w-html us_custom_eb849559\"><iframe src=\"https:\/\/www.google.com\/maps\/embed?pb=!1m14!1m8!1m3!1d12038.606882117863!2d-81.4529078!3d41.032875!3m2!1i1024!2i768!4f13.1!3m3!1m2!1s0x0%3A0xf6d13a5f89dc3090!2sAkron%20Income%20Tax%20Co.!5e0!3m2!1sen!2sbd!4v1656424286071!5m2!1sen!2sbd\" width=\"800\" height=\"400\" style=\"border:0;\" allowfullscreen=\"\" loading=\"lazy\" referrerpolicy=\"no-referrer-when-downgrade\"><\/iframe><\/div><\/div><\/div><\/div><\/div><\/div><\/section>\n","protected":false},"excerpt":{"rendered":"[vc_raw_html css=\"%7B%22default%22%3A%7B%22text-align%22%3A%22center%22%7D%7D\"]JTNDaWZyYW1lJTIwc3JjJTNEJTIyaHR0cHMlM0ElMkYlMkZ3d3cuZ29vZ2xlLmNvbSUyRm1hcHMlMkZlbWJlZCUzRnBiJTNEJTIxMW0xNCUyMTFtOCUyMTFtMyUyMTFkMTIwMzguNjA2ODgyMTE3ODYzJTIxMmQtODEuNDUyOTA3OCUyMTNkNDEuMDMyODc1JTIxM20yJTIxMWkxMDI0JTIxMmk3NjglMjE0ZjEzLjElMjEzbTMlMjExbTIlMjExczB4MCUyNTNBMHhmNmQxM2E1Zjg5ZGMzMDkwJTIxMnNBa3JvbiUyNTIwSW5jb21lJTI1MjBUYXglMjUyMENvLiUyMTVlMCUyMTNtMiUyMTFzZW4lMjEyc2JkJTIxNHYxNjU2NDI0Mjg2MDcxJTIxNW0yJTIxMXNlbiUyMTJzYmQlMjIlMjB3aWR0aCUzRCUyMjgwMCUyMiUyMGhlaWdodCUzRCUyMjQwMCUyMiUyMHN0eWxlJTNEJTIyYm9yZGVyJTNBMCUzQiUyMiUyMGFsbG93ZnVsbHNjcmVlbiUzRCUyMiUyMiUyMGxvYWRpbmclM0QlMjJsYXp5JTIyJTIwcmVmZXJyZXJwb2xpY3klM0QlMjJuby1yZWZlcnJlci13aGVuLWRvd25ncmFkZSUyMiUzRSUzQyUyRmlmcmFtZSUzRQ==[\/vc_raw_html] C\u00f3mo llegar a nuestra oficina de preparaci\u00f3n de impuestos Obtenga las indicaciones para llegar a nuestra oficina de Waterloo Rd. Estamos en 2215 E. Waterloo Rd cerca de Hilbish Ave. aproximadamente a 1.5 millas de la intersecci\u00f3n de Canton Rd (RT 91) y Waterloo Rd (RT 224). Pase por aqu\u00ed, estaremos encantados de...","protected":false},"author":10,"featured_media":4664,"parent":0,"menu_order":0,"comment_status":"closed","ping_status":"closed","template":"","meta":{"_lmt_disableupdate":"no","_lmt_disable":"","_monsterinsights_skip_tracking":false,"_monsterinsights_sitenote_active":false,"_monsterinsights_sitenote_note":"","_monsterinsights_sitenote_category":0,"_uf_show_specific_survey":0,"_uf_disable_surveys":false,"footnotes":""},"class_list":["post-2614","page","type-page","status-publish","has-post-thumbnail","hentry"],"yoast_head":"<!-- This site is optimized with the Yoast SEO Premium plugin v27.3 (Yoast SEO v27.4) - https:\/\/yoast.com\/product\/yoast-seo-premium-wordpress\/ -->\n<title>Oficina de Impuestos Direcciones en RT 224 | Akron Income Tax<\/title>\n<meta name=\"description\" content=\"Obtenga direcciones de la Oficina de Preparaci\u00f3n de Impuestos. En 2215 E. Waterloo Rd cerca de Hilbish Ave. Aprox. 1.5 millas de Canton Rd.\" \/>\n<meta name=\"robots\" content=\"index, follow, max-snippet:-1, max-image-preview:large, max-video-preview:-1\" \/>\n<link rel=\"canonical\" href=\"https:\/\/apc1040.com\/es\/oficina-de-waterloo-rd\/\" \/>\n<meta property=\"og:locale\" content=\"es_ES\" \/>\n<meta property=\"og:type\" content=\"article\" \/>\n<meta property=\"og:title\" content=\"Obtenga indicaciones para llegar a nuestra oficina de Waterloo Rd.\" \/>\n<meta property=\"og:description\" content=\"Obtenga direcciones de la Oficina de Preparaci\u00f3n de Impuestos. En 2215 E. Waterloo Rd cerca de Hilbish Ave. Aprox. 1.5 millas de Canton Rd.\" \/>\n<meta property=\"og:url\" content=\"https:\/\/apc1040.com\/es\/oficina-de-waterloo-rd\/\" \/>\n<meta property=\"og:site_name\" content=\"Akron Income Tax Preparation\" \/>\n<meta property=\"article:publisher\" content=\"https:\/\/www.facebook.com\/APC1040\" \/>\n<meta property=\"article:modified_time\" content=\"2024-05-13T11:46:03+00:00\" \/>\n<meta property=\"og:image\" content=\"https:\/\/apc1040.com\/wp-content\/uploads\/2023\/10\/Office-Pic-no-prices-scaled.jpg\" \/>\n\t<meta property=\"og:image:width\" content=\"2560\" \/>\n\t<meta property=\"og:image:height\" content=\"2385\" \/>\n\t<meta property=\"og:image:type\" content=\"image\/jpeg\" \/>\n<meta name=\"twitter:card\" content=\"summary_large_image\" \/>\n<meta name=\"twitter:label1\" content=\"Est. reading time\" \/>\n\t<meta name=\"twitter:data1\" content=\"2 minutes\" \/>\n<!-- \/ Yoast SEO Premium plugin. -->","yoast_head_json":{"title":"Oficina de Impuestos Direcciones en RT 224 | Akron Income Tax","description":"Obtenga direcciones de la Oficina de Preparaci\u00f3n de Impuestos. En 2215 E. Waterloo Rd cerca de Hilbish Ave. Aprox. 1.5 millas de Canton Rd.","robots":{"index":"index","follow":"follow","max-snippet":"max-snippet:-1","max-image-preview":"max-image-preview:large","max-video-preview":"max-video-preview:-1"},"canonical":"https:\/\/apc1040.com\/es\/oficina-de-waterloo-rd\/","og_locale":"es_ES","og_type":"article","og_title":"Obtenga indicaciones para llegar a nuestra oficina de Waterloo Rd.","og_description":"Obtenga direcciones de la Oficina de Preparaci\u00f3n de Impuestos. En 2215 E. Waterloo Rd cerca de Hilbish Ave. Aprox. 1.5 millas de Canton Rd.","og_url":"https:\/\/apc1040.com\/es\/oficina-de-waterloo-rd\/","og_site_name":"Akron Income Tax Preparation","article_publisher":"https:\/\/www.facebook.com\/APC1040","article_modified_time":"2024-05-13T11:46:03+00:00","og_image":[{"width":2560,"height":2385,"url":"https:\/\/apc1040.com\/wp-content\/uploads\/2023\/10\/Office-Pic-no-prices-scaled.jpg","type":"image\/jpeg"}],"twitter_card":"summary_large_image","twitter_misc":{"Est. reading time":"2 minutes"},"schema":{"@context":"https:\/\/schema.org","@graph":[{"@type":"WebPage","@id":"https:\/\/apc1040.com\/es\/oficina-de-waterloo-rd\/","url":"https:\/\/apc1040.com\/es\/oficina-de-waterloo-rd\/","name":"Oficina de Impuestos Direcciones en RT 224 | Akron Income Tax","isPartOf":{"@id":"https:\/\/apc1040.com\/es\/#website"},"primaryImageOfPage":{"@id":"https:\/\/apc1040.com\/es\/oficina-de-waterloo-rd\/#primaryimage"},"image":{"@id":"https:\/\/apc1040.com\/es\/oficina-de-waterloo-rd\/#primaryimage"},"thumbnailUrl":"https:\/\/apc1040.com\/wp-content\/uploads\/2023\/10\/Office-Pic-no-prices-scaled.jpg","datePublished":"2020-09-05T18:40:03+00:00","dateModified":"2024-05-13T11:46:03+00:00","description":"Obtenga direcciones de la Oficina de Preparaci\u00f3n de Impuestos. En 2215 E. Waterloo Rd cerca de Hilbish Ave. Aprox. 1.5 millas de Canton Rd.","breadcrumb":{"@id":"https:\/\/apc1040.com\/es\/oficina-de-waterloo-rd\/#breadcrumb"},"inLanguage":"es","potentialAction":[{"@type":"ReadAction","target":["https:\/\/apc1040.com\/es\/oficina-de-waterloo-rd\/"]}]},{"@type":"ImageObject","inLanguage":"es","@id":"https:\/\/apc1040.com\/es\/oficina-de-waterloo-rd\/#primaryimage","url":"https:\/\/apc1040.com\/wp-content\/uploads\/2023\/10\/Office-Pic-no-prices-scaled.jpg","contentUrl":"https:\/\/apc1040.com\/wp-content\/uploads\/2023\/10\/Office-Pic-no-prices-scaled.jpg","width":2560,"height":2385,"caption":"Ellet Tax Office"},{"@type":"BreadcrumbList","@id":"https:\/\/apc1040.com\/es\/oficina-de-waterloo-rd\/#breadcrumb","itemListElement":[{"@type":"ListItem","position":1,"name":"Home","item":"https:\/\/apc1040.com\/es\/"},{"@type":"ListItem","position":2,"name":"Obtenga indicaciones para llegar a nuestra oficina de Waterloo Rd."}]},{"@type":"WebSite","@id":"https:\/\/apc1040.com\/es\/#website","url":"https:\/\/apc1040.com\/es\/","name":"Akron Income Tax Preparation","description":"Income Tax Preparation Service","publisher":{"@id":"https:\/\/apc1040.com\/es\/#organization"},"potentialAction":[{"@type":"SearchAction","target":{"@type":"EntryPoint","urlTemplate":"https:\/\/apc1040.com\/es\/?s={search_term_string}"},"query-input":{"@type":"PropertyValueSpecification","valueRequired":true,"valueName":"search_term_string"}}],"inLanguage":"es"},{"@type":"Organization","@id":"https:\/\/apc1040.com\/es\/#organization","name":"Akron Income Tax Co","url":"https:\/\/apc1040.com\/es\/","logo":{"@type":"ImageObject","inLanguage":"es","@id":"https:\/\/apc1040.com\/es\/#\/schema\/logo\/image\/","url":"https:\/\/apc1040.com\/wp-content\/uploads\/2024\/11\/income-tax-service-akron.jpg","contentUrl":"https:\/\/apc1040.com\/wp-content\/uploads\/2024\/11\/income-tax-service-akron.jpg","width":800,"height":745,"caption":"Akron Income Tax Co"},"image":{"@id":"https:\/\/apc1040.com\/es\/#\/schema\/logo\/image\/"},"sameAs":["https:\/\/www.facebook.com\/APC1040"]}]}},"amp_enabled":true,"_links":{"self":[{"href":"https:\/\/apc1040.com\/es\/wp-json\/wp\/v2\/pages\/2614","targetHints":{"allow":["GET"]}}],"collection":[{"href":"https:\/\/apc1040.com\/es\/wp-json\/wp\/v2\/pages"}],"about":[{"href":"https:\/\/apc1040.com\/es\/wp-json\/wp\/v2\/types\/page"}],"author":[{"embeddable":true,"href":"https:\/\/apc1040.com\/es\/wp-json\/wp\/v2\/users\/10"}],"replies":[{"embeddable":true,"href":"https:\/\/apc1040.com\/es\/wp-json\/wp\/v2\/comments?post=2614"}],"version-history":[{"count":0,"href":"https:\/\/apc1040.com\/es\/wp-json\/wp\/v2\/pages\/2614\/revisions"}],"wp:featuredmedia":[{"embeddable":true,"href":"https:\/\/apc1040.com\/es\/wp-json\/wp\/v2\/media\/4664"}],"wp:attachment":[{"href":"https:\/\/apc1040.com\/es\/wp-json\/wp\/v2\/media?parent=2614"}],"curies":[{"name":"wp","href":"https:\/\/api.w.org\/{rel}","templated":true}]}}