{"id":2613,"date":"2020-09-06T05:04:22","date_gmt":"2020-09-06T09:04:22","guid":{"rendered":"https:\/\/apc1040.com\/contactar-con-akron-income-tax-co\/cita-para-una-consulta-fiscal-gratuita\/"},"modified":"2024-05-13T05:58:42","modified_gmt":"2024-05-13T09:58:42","slug":"cita-para-una-consulta-fiscal-gratuita","status":"publish","type":"page","link":"https:\/\/apc1040.com\/es\/contactar-con-akron-income-tax-co\/cita-para-una-consulta-fiscal-gratuita\/","title":{"rendered":"Cita para una consulta fiscal gratuita"},"content":{"rendered":"<section class=\"l-section wpb_row height_small\"><div class=\"l-section-h i-cf\"><div class=\"g-cols vc_row via_flex valign_top type_default stacking_default\"><div class=\"vc_col-sm-12 wpb_column vc_column_container\"><div class=\"vc_column-inner\"><div class=\"wpb_wrapper\"><div class=\"w-image us_custom_b796d98a has_height align_center\"><div class=\"w-image-h\"><img decoding=\"async\" width=\"780\" height=\"520\" src=\"https:\/\/apc1040.com\/wp-content\/uploads\/2021\/12\/Best-Tax-Professional-1-1024x683.jpg\" class=\"attachment-large size-large\" alt=\"Best Tax Professional 1\" loading=\"lazy\" srcset=\"https:\/\/apc1040.com\/wp-content\/uploads\/2021\/12\/Best-Tax-Professional-1-1024x683.jpg 1024w, https:\/\/apc1040.com\/wp-content\/uploads\/2021\/12\/Best-Tax-Professional-1-300x200.jpg 300w, https:\/\/apc1040.com\/wp-content\/uploads\/2021\/12\/Best-Tax-Professional-1.jpg 1125w\" sizes=\"auto, (max-width: 780px) 100vw, 780px\" \/><\/div><\/div><div class=\"wpb_text_column\"><div class=\"wpb_wrapper\"><p>Consulta gratuita para la <a href=\"https:\/\/apc1040.com\/es\/lista-de-nuestros-servicios\/servicios-de-preparacion-de-la-declaracion-de-la-renta\/\">preparaci\u00f3n de impuestos<\/a>. Ofrecemos una cita de consulta de impuestos gratis para que pueda reunirse con nosotros y hacer preguntas sobre sus impuestos. Pregunte c\u00f3mo podemos ayudarle con sus impuestos o necesidades de contabilidad empresarial. Gracias por su inter\u00e9s en nuestros servicios. Por favor, haga clic en el enlace de abajo para enviar un correo electr\u00f3nico, por lo que nos ayudar\u00e1 a servir mejor a usted o puede ponerse en <a href=\"https:\/\/apc1040.com\/es\/contactar-con-akron-income-tax-co\/\">contacto con<\/a> nosotros en 330-733-1040 para establecer su consulta gratuita sobre la contabilidad o los impuestos.<\/p>\n<h2>Consulta fiscal gratuita<\/h2>\n<p>\u00bfEst\u00e1 deseando presentar su declaraci\u00f3n de la renta? Entonces necesitar\u00e1 la ayuda de un experto. De lo contrario, existe una alta posibilidad de que muchas cosas salgan mal. Ah\u00ed es donde podemos ayudar.<\/p>\n<p>Somos un equipo de especialistas, que puede ayudarle con todas las necesidades fiscales que tenga. Si necesita ayuda con la preparaci\u00f3n de los impuestos o para sacar el m\u00e1ximo provecho de las declaraciones de impuestos, puede consultarnos. Ofrecemos consultas gratuitas, en las que puede confiar para obtener la mayor informaci\u00f3n que necesita para conocer los impuestos. Tambi\u00e9n puede esperar que le ofrezcamos una variedad de servicios, que le ayudar\u00e1n a preparar sus impuestos sin ning\u00fan problema.<\/p>\n<h2>\u00bfPor qu\u00e9 deber\u00eda elegirnos para las consultas fiscales?<\/h2>\n<p>Estamos especializados en ofrecer <a href=\"https:\/\/apc1040.com\/es\/servicios-de-impuestos-baratos\/\">servicios de asesoramiento fiscal<\/a>. Nuestro equipo est\u00e1 formado por abogados fiscales, agentes matriculados, contadores p\u00fablicos y negociadores capacitados, que tienen una clara comprensi\u00f3n de c\u00f3mo tratar los impuestos. Los amplios conocimientos que tenemos en relaci\u00f3n con las autoridades fiscales estatales y con el IRS le ayudar\u00e1n a obtener informaci\u00f3n fiable y confiable a petici\u00f3n.<\/p>\n<p>No tendr\u00e1 que preocuparse por nada al <a href=\"https:\/\/apc1040.com\/es\/declaraciones-de-impuestos-sobre-la-renta-akron\/\">presentar su declaraci\u00f3n de impuestos<\/a> con nosotros. Estamos preparados para ofrecerle servicios de consulta personalizados y mantenerle alejado de los problemas. Todo lo que tiene que hacer es trabajar junto con nuestros experimentados profesionales delos impuestos y sacar el m\u00e1ximo provecho de los servicios fiscales que ofrecen.<\/p>\n<p>Estamos m\u00e1s que encantados de ayudar a nuestros clientes a superar los problemas que tienen con los impuestos. Independientemente del problema que tenga, puede aprovechar los servicios de consulta gratuitos que ofrecemos. P\u00f3ngase en contacto con nosotros para saber m\u00e1s sobre nuestros servicios.<\/p>\n<p>\u00bfC\u00f3mo podemos ayudar?<\/p>\n<p>Adem\u00e1s de las consultas fiscales gratuitas, tambi\u00e9n le ofrecemos otros numerosos servicios. A continuaci\u00f3n le ofrecemos una visi\u00f3n general de algunos de los servicios m\u00e1s destacados que podemos ofrecerle.<\/p>\n<ul>\n<li>\n<h3>Preparaci\u00f3n de impuestos<\/h3>\n<\/li>\n<\/ul>\n<p>Cuando necesite ayuda con la preparaci\u00f3n de impuestos, s\u00f3lo tiene que ponerse en contacto con nosotros. Podremos proporcionarle toda la ayuda que desee mientras trata de <a href=\"https:\/\/apc1040.com\/es\/servicios-de-presentacion-de-impuestos-sobre-la-renta-cerca-de-mi\/\">presentar los impuestos<\/a> personales o los impuestos de la empresa para obtener las declaraciones de impuestos. Nuestra experiencia le ayudar\u00e1 a pasar por el proceso sin problemas. Adem\u00e1s, le ofreceremos un servicio personalizado y atenderemos sus expectativas.<\/p>\n<ul>\n<li>\n<h3>Resoluci\u00f3n fiscal<\/h3>\n<\/li>\n<\/ul>\n<p>Nuestro equipo podr\u00e1 ayudarle a descubrir las mejores soluciones para superar la deuda que tiene que afrontar. Lo \u00fanico que tiene que hacer es ponerse en contacto con nosotros a trav\u00e9s de nuestros servicios de consulta fiscal gratuita y comunicarnos sus problemas. Entonces podremos crear un plan personalizado para usted y guiarle durante todo el proceso. Estamos al tanto de todas las estrategias probadas disponibles para seguir con el fin de ayudarle a superar los problemas de impuestos del IRS que se enfrentan.<\/p>\n<ul>\n<li>\n<h3>Contabilidad<\/h3>\n<\/li>\n<\/ul>\n<p>Si gestiona su propio negocio, puede pensar en contratar tambi\u00e9n los <a href=\"https:\/\/apc1040.com\/es\/lista-de-nuestros-servicios\/servicios-de-contabilidad-en-akron-oh\/\">servicios de contabilidad<\/a> que ofrecemos. S\u00f3lo tiene que subcontratarnos todos los servicios de contabilidad y podr\u00e1 centrarse en la gesti\u00f3n de las dem\u00e1s responsabilidades principales de su empresa. Nuestros servicios mensuales de contabilidad pueden ayudarle a sacar el m\u00e1ximo partido a las declaraciones del impuesto de sociedades. Los servicios que le ofrecemos son flexibles y est\u00e1n disponibles a un coste fijo. No hay necesidad de preocuparse demasiado por las facturas ocultas o los honorarios al obtener los servicios de contabilidad que ofrecemos.<\/p>\n<p><span id=\"cloak36522c0c566cf434c9a477c14b7acf14\">Obtenga su consulta<\/span><span id=\"cloak36522c0c566cf434c9a477c14b7acf14\"> consulta fiscal gratuita<\/span><span id=\"cloak36522c0c566cf434c9a477c14b7acf14\"><\/span><span id=\"cloak36522c0c566cf434c9a477c14b7acf14\"> empezar, ll\u00e1menos al 330-733-1040 o <a href=\"mailto:APC1040@aol.com\">env\u00edenos un correo electr\u00f3nico<\/a> con su solicitud. <\/span><\/p>\n<\/div><\/div><\/div><\/div><\/div><\/div><\/div><\/section>\n","protected":false},"excerpt":{"rendered":"Consulta gratuita para la preparaci\u00f3n de impuestos. Ofrecemos una cita de consulta de impuestos gratis para que pueda reunirse con nosotros y hacer preguntas sobre sus impuestos. Pregunte c\u00f3mo podemos ayudarle con sus impuestos o necesidades de contabilidad empresarial. Gracias por su inter\u00e9s en nuestros servicios. Por favor, haga clic en el enlace de abajo...","protected":false},"author":10,"featured_media":2510,"parent":2602,"menu_order":0,"comment_status":"closed","ping_status":"closed","template":"","meta":{"_lmt_disableupdate":"no","_lmt_disable":"","_monsterinsights_skip_tracking":false,"_monsterinsights_sitenote_active":false,"_monsterinsights_sitenote_note":"","_monsterinsights_sitenote_category":0,"_uf_show_specific_survey":0,"_uf_disable_surveys":false,"footnotes":""},"class_list":["post-2613","page","type-page","status-publish","has-post-thumbnail","hentry"],"yoast_head":"<!-- This site is optimized with the Yoast SEO Premium plugin v27.3 (Yoast SEO v27.4) - https:\/\/yoast.com\/product\/yoast-seo-premium-wordpress\/ -->\n<title>Cita Gratuita de Asesor\u00eda Fiscal o Contable<\/title>\n<meta name=\"description\" content=\"Ofrecemos una cita de consulta de impuestos gratuita para que pueda preguntar c\u00f3mo podemos ayudarlo con sus problemas.\" \/>\n<meta name=\"robots\" content=\"index, follow, max-snippet:-1, max-image-preview:large, max-video-preview:-1\" \/>\n<link rel=\"canonical\" href=\"https:\/\/apc1040.com\/es\/contactar-con-akron-income-tax-co\/cita-para-una-consulta-fiscal-gratuita\/\" \/>\n<meta property=\"og:locale\" content=\"es_ES\" \/>\n<meta property=\"og:type\" content=\"article\" \/>\n<meta property=\"og:title\" content=\"Cita para una consulta fiscal gratuita\" \/>\n<meta property=\"og:description\" content=\"Ofrecemos una cita de consulta de impuestos gratuita para que pueda preguntar c\u00f3mo podemos ayudarlo con sus problemas.\" \/>\n<meta property=\"og:url\" content=\"https:\/\/apc1040.com\/es\/contactar-con-akron-income-tax-co\/cita-para-una-consulta-fiscal-gratuita\/\" \/>\n<meta property=\"og:site_name\" content=\"Akron Income Tax Preparation\" \/>\n<meta property=\"article:publisher\" content=\"https:\/\/www.facebook.com\/APC1040\" \/>\n<meta property=\"article:modified_time\" content=\"2024-05-13T09:58:42+00:00\" \/>\n<meta property=\"og:image\" content=\"https:\/\/apc1040.com\/wp-content\/uploads\/2021\/01\/business-consulting.jpg\" \/>\n\t<meta property=\"og:image:width\" content=\"1200\" \/>\n\t<meta property=\"og:image:height\" content=\"574\" \/>\n\t<meta property=\"og:image:type\" content=\"image\/jpeg\" \/>\n<meta name=\"twitter:card\" content=\"summary_large_image\" \/>\n<meta name=\"twitter:label1\" content=\"Est. reading time\" \/>\n\t<meta name=\"twitter:data1\" content=\"4 minutes\" \/>\n<!-- \/ Yoast SEO Premium plugin. -->","yoast_head_json":{"title":"Cita Gratuita de Asesor\u00eda Fiscal o Contable","description":"Ofrecemos una cita de consulta de impuestos gratuita para que pueda preguntar c\u00f3mo podemos ayudarlo con sus problemas.","robots":{"index":"index","follow":"follow","max-snippet":"max-snippet:-1","max-image-preview":"max-image-preview:large","max-video-preview":"max-video-preview:-1"},"canonical":"https:\/\/apc1040.com\/es\/contactar-con-akron-income-tax-co\/cita-para-una-consulta-fiscal-gratuita\/","og_locale":"es_ES","og_type":"article","og_title":"Cita para una consulta fiscal gratuita","og_description":"Ofrecemos una cita de consulta de impuestos gratuita para que pueda preguntar c\u00f3mo podemos ayudarlo con sus problemas.","og_url":"https:\/\/apc1040.com\/es\/contactar-con-akron-income-tax-co\/cita-para-una-consulta-fiscal-gratuita\/","og_site_name":"Akron Income Tax Preparation","article_publisher":"https:\/\/www.facebook.com\/APC1040","article_modified_time":"2024-05-13T09:58:42+00:00","og_image":[{"width":1200,"height":574,"url":"https:\/\/apc1040.com\/wp-content\/uploads\/2021\/01\/business-consulting.jpg","type":"image\/jpeg"}],"twitter_card":"summary_large_image","twitter_misc":{"Est. reading time":"4 minutes"},"schema":{"@context":"https:\/\/schema.org","@graph":[{"@type":"WebPage","@id":"https:\/\/apc1040.com\/es\/contactar-con-akron-income-tax-co\/cita-para-una-consulta-fiscal-gratuita\/","url":"https:\/\/apc1040.com\/es\/contactar-con-akron-income-tax-co\/cita-para-una-consulta-fiscal-gratuita\/","name":"Cita Gratuita de Asesor\u00eda Fiscal o Contable","isPartOf":{"@id":"https:\/\/apc1040.com\/es\/#website"},"primaryImageOfPage":{"@id":"https:\/\/apc1040.com\/es\/contactar-con-akron-income-tax-co\/cita-para-una-consulta-fiscal-gratuita\/#primaryimage"},"image":{"@id":"https:\/\/apc1040.com\/es\/contactar-con-akron-income-tax-co\/cita-para-una-consulta-fiscal-gratuita\/#primaryimage"},"thumbnailUrl":"https:\/\/apc1040.com\/wp-content\/uploads\/2021\/01\/business-consulting.jpg","datePublished":"2020-09-06T09:04:22+00:00","dateModified":"2024-05-13T09:58:42+00:00","description":"Ofrecemos una cita de consulta de impuestos gratuita para que pueda preguntar c\u00f3mo podemos ayudarlo con sus problemas.","breadcrumb":{"@id":"https:\/\/apc1040.com\/es\/contactar-con-akron-income-tax-co\/cita-para-una-consulta-fiscal-gratuita\/#breadcrumb"},"inLanguage":"es","potentialAction":[{"@type":"ReadAction","target":["https:\/\/apc1040.com\/es\/contactar-con-akron-income-tax-co\/cita-para-una-consulta-fiscal-gratuita\/"]}]},{"@type":"ImageObject","inLanguage":"es","@id":"https:\/\/apc1040.com\/es\/contactar-con-akron-income-tax-co\/cita-para-una-consulta-fiscal-gratuita\/#primaryimage","url":"https:\/\/apc1040.com\/wp-content\/uploads\/2021\/01\/business-consulting.jpg","contentUrl":"https:\/\/apc1040.com\/wp-content\/uploads\/2021\/01\/business-consulting.jpg","width":1200,"height":574,"caption":"business consulting"},{"@type":"BreadcrumbList","@id":"https:\/\/apc1040.com\/es\/contactar-con-akron-income-tax-co\/cita-para-una-consulta-fiscal-gratuita\/#breadcrumb","itemListElement":[{"@type":"ListItem","position":1,"name":"Home","item":"https:\/\/apc1040.com\/es\/"},{"@type":"ListItem","position":2,"name":"Contactar con Akron Income Tax Co","item":"https:\/\/apc1040.com\/es\/contactar-con-akron-income-tax-co\/"},{"@type":"ListItem","position":3,"name":"Cita para una consulta fiscal gratuita"}]},{"@type":"WebSite","@id":"https:\/\/apc1040.com\/es\/#website","url":"https:\/\/apc1040.com\/es\/","name":"Akron Income Tax Preparation","description":"Income Tax Preparation Service","publisher":{"@id":"https:\/\/apc1040.com\/es\/#organization"},"potentialAction":[{"@type":"SearchAction","target":{"@type":"EntryPoint","urlTemplate":"https:\/\/apc1040.com\/es\/?s={search_term_string}"},"query-input":{"@type":"PropertyValueSpecification","valueRequired":true,"valueName":"search_term_string"}}],"inLanguage":"es"},{"@type":"Organization","@id":"https:\/\/apc1040.com\/es\/#organization","name":"Akron Income Tax Co","url":"https:\/\/apc1040.com\/es\/","logo":{"@type":"ImageObject","inLanguage":"es","@id":"https:\/\/apc1040.com\/es\/#\/schema\/logo\/image\/","url":"https:\/\/apc1040.com\/wp-content\/uploads\/2024\/11\/income-tax-service-akron.jpg","contentUrl":"https:\/\/apc1040.com\/wp-content\/uploads\/2024\/11\/income-tax-service-akron.jpg","width":800,"height":745,"caption":"Akron Income Tax Co"},"image":{"@id":"https:\/\/apc1040.com\/es\/#\/schema\/logo\/image\/"},"sameAs":["https:\/\/www.facebook.com\/APC1040"]}]}},"amp_enabled":true,"_links":{"self":[{"href":"https:\/\/apc1040.com\/es\/wp-json\/wp\/v2\/pages\/2613","targetHints":{"allow":["GET"]}}],"collection":[{"href":"https:\/\/apc1040.com\/es\/wp-json\/wp\/v2\/pages"}],"about":[{"href":"https:\/\/apc1040.com\/es\/wp-json\/wp\/v2\/types\/page"}],"author":[{"embeddable":true,"href":"https:\/\/apc1040.com\/es\/wp-json\/wp\/v2\/users\/10"}],"replies":[{"embeddable":true,"href":"https:\/\/apc1040.com\/es\/wp-json\/wp\/v2\/comments?post=2613"}],"version-history":[{"count":0,"href":"https:\/\/apc1040.com\/es\/wp-json\/wp\/v2\/pages\/2613\/revisions"}],"up":[{"embeddable":true,"href":"https:\/\/apc1040.com\/es\/wp-json\/wp\/v2\/pages\/2602"}],"wp:featuredmedia":[{"embeddable":true,"href":"https:\/\/apc1040.com\/es\/wp-json\/wp\/v2\/media\/2510"}],"wp:attachment":[{"href":"https:\/\/apc1040.com\/es\/wp-json\/wp\/v2\/media?parent=2613"}],"curies":[{"name":"wp","href":"https:\/\/api.w.org\/{rel}","templated":true}]}}