{"id":2612,"date":"2020-09-05T14:22:30","date_gmt":"2020-09-05T18:22:30","guid":{"rendered":"https:\/\/apc1040.com\/servicios-de-contabilidad-en-akron-oh-2\/"},"modified":"2026-01-06T22:43:36","modified_gmt":"2026-01-07T03:43:36","slug":"servicios-de-contabilidad-en-akron-oh-2","status":"publish","type":"page","link":"https:\/\/apc1040.com\/es\/lista-de-nuestros-servicios\/servicios-de-contabilidad-en-akron-oh-2\/","title":{"rendered":"Servicios de contabilidad en Akron"},"content":{"rendered":"<section class=\"l-section wpb_row height_small\"><div class=\"l-section-h i-cf\"><div class=\"g-cols vc_row via_flex valign_top type_default stacking_default\"><div class=\"vc_col-sm-12 wpb_column vc_column_container\"><div class=\"vc_column-inner\"><div class=\"wpb_wrapper\"><div class=\"wpb_text_column\"><div class=\"wpb_wrapper\"><p><span style=\"font-size: 16px;\"><\/p>\n<\/div><\/div><\/div><\/div><\/div><\/div><\/div><\/section><section class=\"l-section wpb_row height_small\"><div class=\"l-section-h i-cf\"><div class=\"g-cols vc_row via_flex valign_top type_default stacking_default\"><div class=\"vc_col-sm-12 wpb_column vc_column_container\"><div class=\"vc_column-inner\"><div class=\"wpb_wrapper\"><div class=\"wpb_text_column\"><div class=\"wpb_wrapper\"><p><\/span><\/p>\n<h3 class=\"tcenter cred f18pt\"><span style=\"font-size: 16px;\"><em><b>Preciso, fiable y seguro.<\/b><\/em><\/span><\/h3>\n<p><span style=\"font-size: 16px;\"><\/p>\n<\/div><\/div><div class=\"wpb_text_column\"><div class=\"wpb_wrapper\"><p><\/span><\/p>\n<h2 class=\"tcenter cblue f22pt tdunderline\"><span style=\"font-size: 16px;\"><b>Contabilidad para su peque\u00f1a empresa<\/b><\/span><\/h2>\n<p><span style=\"font-size: 16px;\"><\/p>\n<\/div><\/div><div class=\"w-image us_custom_4bc3827d has_height align_center\"><div class=\"w-image-h\"><img decoding=\"async\" width=\"1200\" height=\"505\" src=\"https:\/\/apc1040.com\/wp-content\/uploads\/2021\/01\/accounting.jpg\" class=\"attachment-full size-full\" alt=\"accounting\" loading=\"lazy\" srcset=\"https:\/\/apc1040.com\/wp-content\/uploads\/2021\/01\/accounting.jpg 1200w, https:\/\/apc1040.com\/wp-content\/uploads\/2021\/01\/accounting-300x126.jpg 300w, https:\/\/apc1040.com\/wp-content\/uploads\/2021\/01\/accounting-1024x431.jpg 1024w\" sizes=\"auto, (max-width: 1200px) 100vw, 1200px\" \/><\/div><\/div><div class=\"wpb_text_column\"><div class=\"wpb_wrapper\"><p><span style=\"font-size: 16px;\">Los profesionales experimentados de Akron Income Tax Co pueden ayudarle. Hemos estado sirviendo a las empresas en todo Akron, OH, y las \u00e1reas circundantes. Tenemos la experiencia y los recursos necesarios para satisfacer sus necesidades de contabilidad fiscal y <a href=\"https:\/\/apc1040.com\/es\/lista-de-nuestros-servicios\/servicios-de-contabilidad-en-akron-oh\/\">contable<\/a>.<\/span><\/p>\n<p><span style=\"font-size: 16px;\">Las empresas necesitan mantener sus registros contables al d\u00eda para presentar <a href=\"https:\/\/apc1040.com\/es\/oferta-de-preparacion-de-impuestos-sobre-la-renta\/\">las declaraciones de impuestos<\/a> federales. En Akron Income Tax Co, nuestros <strong>servicios de contabilidad<\/strong> Akron son adecuados para todo tipo de empresas. Adem\u00e1s, es un placer para nosotros ayudar a adaptar una soluci\u00f3n que se ajuste a sus necesidades y a su presupuesto. Entendemos que su negocio es \u00fanico. Por ello, estamos dispuestos a dise\u00f1ar nuestros servicios para que funcionen como usted desea. Adem\u00e1s, le proporcionaremos el servicio de Contabilidad y <a href=\"https:\/\/apc1040.com\/es\/lista-de-nuestros-servicios\/servicios-de-preparacion-de-la-declaracion-de-la-renta\/\">Preparaci\u00f3n de Impuestos<\/a> oportuno y eficiente que necesita y la atenci\u00f3n personal que se merece.<\/span><\/p>\n<h3>Contabilidad y registro de libros<\/h3>\n<p><span style=\"font-size: 16px;\">En Akron Income Tax Co, tenemos contadores de impuestos profesionales experimentados que se adaptar\u00e1n a sus necesidades de contabilidad o <a href=\"https:\/\/apc1040.com\/es\/lista-de-nuestros-servicios\/servicios-de-contabilidad-en-akron-oh\/\">tenedur\u00eda de libros<\/a>. Puede contar con nosotros para que le proporcionemos un conjunto completo de estados financieros. Esto le ayudar\u00e1 a tomar decisiones informadas y a prepararse para sus <a href=\"https:\/\/apc1040.com\/es\/declaracion-de-impuestos-federales-sobre-la-renta\/\">impuestos federales<\/a> al final del a\u00f1o.<\/span><\/p>\n<p><span style=\"font-size: 16px;\">Adem\u00e1s, le proporcionamos las soluciones de impuestos empresariales que necesita para agilizar su operaci\u00f3n. Por lo tanto, con nosotros tendr\u00e1 la seguridad de disfrutar de unos estados financieros precisos y actualizados. Entendemos que usted quiere mantener bajos sus costes de explotaci\u00f3n y mejorar sus resultados.<\/span><\/p>\n<p><span style=\"font-size: 16px;\">En <a href=\"https:\/\/apc1040.com\/es\/\">Akron Income Tax Co<\/a>, nos especializamos en el manejo de problemas dif\u00edciles, y damos la bienvenida a sus preguntas. P\u00f3ngase en contacto con nosotros hoy mismo para empezar. Hable con nuestro excelente equipo de profesionales para que podamos personalizar un servicio a su medida. Tomamos sus registros de negocios y podemos hacer todo el trabajo necesario para obtener sus impuestos federales completados.<\/span><\/p>\n<\/div><\/div><div class=\"wpb_text_column\"><div class=\"wpb_wrapper\"><p>La contabilidad es una parte integral de la empresa en todos los sectores. Lo m\u00e1s importante es que los servicios de contabilidad de Akron le ayudan a construir su negocio. Le proporcionamos registros eficientes y precisos que mantienen contenta a la Hacienda Federal. Para mantener bajos los costes de funcionamiento de su empresa, necesita externalizar los servicios de contabilidad. Le ahorramos tiempo, que puede dedicar a concentrar sus efectos en la captaci\u00f3n de nuevos clientes.<\/p>\n<\/div><\/div><\/div><\/div><\/div><\/div><\/div><\/section><section class=\"l-section wpb_row height_small\"><div class=\"l-section-h i-cf\"><div class=\"g-cols vc_row via_flex valign_top type_default stacking_default\"><div class=\"vc_col-sm-12 wpb_column vc_column_container\"><div class=\"vc_column-inner\"><div class=\"wpb_wrapper\"><div class=\"wpb_text_column\"><div class=\"wpb_wrapper\"><h2><span style=\"font-size: 16px;\">Las empresas modernas requieren soluciones modernas<\/span><\/h2>\n<p><span style=\"font-size: 16px;\">Si su peque\u00f1a empresa va por buen camino, creemos que es seguro asumir que apenas tiene tiempo para ocuparse de la contabilidad o de las tareas de preparaci\u00f3n del impuesto sobre la renta. Los propietarios de peque\u00f1as empresas tienen las manos llenas con un mont\u00f3n de \u00e1reas que gestionar. Adem\u00e1s, a menudo carecen tanto del tiempo como de los conocimientos necesarios para llevar la contabilidad de la empresa. Si usted es uno de esos empresarios, no est\u00e1 solo. Entendemos que ustedes son empresarios pero no necesariamente contables, y la contabilidad no tiene por qu\u00e9 ser su fuerte.<\/span><\/p>\n<p><span style=\"font-size: 16px;\">Aqu\u00ed es donde entramos a ayudar. Akron Income Tax Co ofrece servicios profesionales de contabilidad a las empresas en todo Akron, Ohio, y las \u00e1reas vecinas. Si su empresa necesita servicios de <a href=\"https:\/\/apc1040.com\/es\/impuestos-facil\/otra-informacion-importante\/una-correcta-contabilidad-fiscal\/\">contabilidad fiscal<\/a> y contable eficientes y sin errores, estamos aqu\u00ed para encargarnos de todo.<\/span><\/p>\n<h2><span style=\"font-size: 16px;\">Por qu\u00e9 su empresa necesita soluciones contables sistem\u00e1ticas<\/span><\/h2>\n<p><span style=\"font-size: 16px;\">Aunque puede que est\u00e9 haciendo un gran trabajo dirigiendo su negocio, \u00bfc\u00f3mo puede saber si sus esfuerzos le est\u00e1n reportando beneficios? Por supuesto, a trav\u00e9s de la contabilidad. Toda empresa, grande o peque\u00f1a, necesita una soluci\u00f3n de contabilidad y tenedur\u00eda de libros s\u00f3lida que garantice el registro de todas las transacciones y la identificaci\u00f3n de las discrepancias a tiempo.<\/span><\/p>\n<p><span style=\"font-size: 16px;\">Con un servicio de contabilidad fiable para el seguimiento y la gesti\u00f3n de sus finanzas, podr\u00e1<\/span><\/p>\n<ul>\n<li><span style=\"font-size: 16px;\">Haga un seguimiento de sus ingresos, gastos y beneficios para los impuestos.<\/span><\/li>\n<li><span style=\"font-size: 16px;\">Garantizar el cumplimiento de las directrices legales.<\/span><\/li>\n<li><span style=\"font-size: 16px;\">Presentar todos los registros de sus finanzas a las partes interesadas y a los organismos gubernamentales, siempre y cuando sea necesario.<\/span><\/li>\n<li><span style=\"font-size: 16px;\">Est\u00e9 preparado para las auditor\u00edas.<\/span><\/li>\n<li><span style=\"font-size: 16px;\">Alivie la carga durante la temporada de impuestos con la Preparaci\u00f3n de impuestos ordenada a tiempo.<\/span><\/li>\n<li><span style=\"font-size: 16px;\">Tome decisiones empresariales informadas con toda la informaci\u00f3n financiera a su disposici\u00f3n.<\/span><\/li>\n<\/ul>\n<h2><span style=\"font-size: 16px;\">Mida sus resultados financieros<\/span><\/h2>\n<ul>\n<li><span style=\"font-size: 16px;\">Sepa de qu\u00e9 forma fluye el dinero.<\/span><\/li>\n<li><span style=\"font-size: 16px;\">Conozca cu\u00e1les son sus ingresos y gastos.<\/span><\/li>\n<li><span style=\"font-size: 16px;\">Calcule sus ganancias y p\u00e9rdidas con precisi\u00f3n.<\/span><\/li>\n<\/ul>\n<p><span style=\"font-size: 16px;\">Al llevar los libros de contabilidad de forma eficiente en su empresa, tambi\u00e9n estar\u00e1 en mejor posici\u00f3n para medir su rendimiento. Sus registros financieros reflejar\u00e1n qu\u00e9 operaciones le generan ingresos y qu\u00e9 \u00e1reas necesitan mejorar.<\/span><\/p>\n<p><span style=\"font-size: 16px;\">Los profesionales de Akron Income Tax Co se aseguran de que todos sus registros financieros est\u00e9n en orden y al d\u00eda para que pueda tener m\u00e1s visibilidad en el rendimiento financiero de su negocio.<\/span><\/p>\n<h2><span style=\"font-size: 16px;\">Crear presupuestos precisos y proyecciones futuras<\/span><\/h2>\n<ul>\n<li><span style=\"font-size: 16px;\">Formular presupuestos precisos.<\/span><\/li>\n<li><span style=\"font-size: 16px;\">Identificar patrones hist\u00f3ricos para identificar las tendencias del negocio.<\/span><\/li>\n<li><span style=\"font-size: 16px;\">Hacer proyecciones futuras bien informadas.<\/span><\/li>\n<\/ul>\n<p><span style=\"font-size: 16px;\">La elaboraci\u00f3n de un presupuesto es una actividad importante en la gesti\u00f3n de una empresa. Es importante que tu presupuesto est\u00e9 en su punto si quieres asegurar un uso adecuado y \u00f3ptimo de tus recursos financieros. Pero sin un presupuesto preciso, es probable que se produzcan gastos excesivos en ciertas \u00e1reas mientras se descuidan otras importantes. Para que su presupuesto sea eficaz y adecuado, es imprescindible una contabilidad sin errores.<\/span><\/p>\n<p><span style=\"font-size: 16px;\">Le ayuda a ver claramente a qu\u00e9 destin\u00f3 sus recursos en el pasado y a realizar los ajustes necesarios en el presupuesto.<\/span><\/p>\n<p><span style=\"font-size: 16px;\">Una buena contabilidad es tambi\u00e9n la clave para hacer predicciones y proyecciones precisas de las tendencias empresariales para los pr\u00f3ximos a\u00f1os. Tener acceso a datos hist\u00f3ricos estructurados y organizados le sit\u00faa en una mejor posici\u00f3n para detectar patrones y le proporciona la tan necesaria previsi\u00f3n.<\/span><\/p>\n<p><span style=\"font-size: 16px;\">Los profesionales experimentados de Akron Income Tax Co le proporcionan un conjunto completo y preciso de estados financieros para todas las necesidades de su negocio. Con nuestros servicios de contabilidad y tenedur\u00eda de libros, tendr\u00e1 todos sus datos financieros organizados y listos para su uso.<\/span><\/p>\n<h2><span style=\"font-size: 16px;\">Disfrute de la preparaci\u00f3n de la declaraci\u00f3n de la renta sin problemas y est\u00e9 preparado para el cumplimiento de la normativa<\/span><\/h2>\n<ul>\n<li><span style=\"font-size: 16px;\">Tenga preparadas sus declaraciones de impuestos.<\/span><\/li>\n<li><span style=\"font-size: 16px;\">Comprenda sus requisitos de cumplimiento.<\/span><\/li>\n<li><span style=\"font-size: 16px;\">Disfrute de un negocio sin problemas a trav\u00e9s de las fronteras.<\/span><\/li>\n<\/ul>\n<p><span style=\"font-size: 16px;\">Una gran responsabilidad para las empresas es cumplir con las diversas leyes y reglamentos federales relacionados con las finanzas. Por si fuera poco, cuando llega la temporada de impuestos, la carga adicional de presentar las declaraciones de la renta aumenta la presi\u00f3n sobre los propietarios de las empresas. La preparaci\u00f3n de la contabilidad y del impuesto sobre la renta por parte de contables profesionales puede aliviar esta carga.<\/span><\/p>\n<p><span style=\"font-size: 16px;\">Independientemente de la ubicaci\u00f3n de su empresa, un contable profesional puede garantizar que siga cumpliendo la normativa. Pueden ayudarle a cumplir las diferentes leyes y reglamentos federales que var\u00edan de un Estado a otro.<\/span><\/p>\n<p><span style=\"font-size: 16px;\">Los servicios de contabilidad gestionada tambi\u00e9n le ayudan a comprender mejor sus diferentes obligaciones fiscales. Entre ellos se encuentran los impuestos sobre los servicios, el IVA y los impuestos sobre la renta, entre otros. La presentaci\u00f3n de sus impuestos sobre la renta se vuelve extremadamente f\u00e1cil cuando la preparaci\u00f3n de sus impuestos es manejada por expertos.<\/span><\/p>\n<p><span style=\"font-size: 16px;\">Akron Income Tax Co tambi\u00e9n ofrece servicios de presentaci\u00f3n de <a href=\"https:\/\/apc1040.com\/es\/small-business-income-tax-service\/\">impuestos de peque\u00f1as empresas <\/a>. A medida que su empresa crezca, sus obligaciones seguir\u00e1n aumentando. Nuestros <a href=\"https:\/\/apc1040.com\/es\/servicios-de-impuestos-contabilidad-en-ohio\/\">servicios de Contabilidad y Preparaci\u00f3n de impuestos<\/a> garantizan la escalabilidad, para que no tenga que comprometerse con el cumplimiento en ninguna etapa.<\/span><\/p>\n<h2><span style=\"font-size: 16px;\">Acceda a estados financieros listos para usar<\/span><\/h2>\n<ul>\n<li><span style=\"font-size: 16px;\">Ponga en orden todos sus estados financieros.<\/span><\/li>\n<li><span style=\"font-size: 16px;\">Obtenga visibilidad de las finanzas de su empresa.<\/span><\/li>\n<li><span style=\"font-size: 16px;\">Est\u00e9 preparado para las auditor\u00edas y evaluaciones.<\/span><\/li>\n<li><span style=\"font-size: 16px;\">Prep\u00e1rese para los impuestos de fin de a\u00f1o<\/span><\/li>\n<\/ul>\n<p><span style=\"font-size: 16px;\">La contrataci\u00f3n de un servicio de contabilidad ofrece grandes ventajas en la elaboraci\u00f3n de informes financieros para una peque\u00f1a empresa. Puede tener acceso a todos sus estados financieros al final de cada mes. Con cero esfuerzo y muy poca inversi\u00f3n, puede tener todos sus estados financieros preparados. Entre ellos se encuentran los balances, las cuentas de resultados, los c\u00e1lculos fiscales, los estados de tesorer\u00eda, los estados de ingresos y gastos, etc.<\/span><\/p>\n<p><span style=\"font-size: 16px;\">Con todos estos datos a su disposici\u00f3n, nuestros servicios de contabilidad le permitir\u00e1n mejorar sus resultados a\u00f1o tras a\u00f1o.<\/span><\/p>\n<h2><span style=\"font-size: 16px;\">Maximizar el ahorro de costes y las deducciones<\/span><\/h2>\n<ul>\n<li><span style=\"font-size: 16px;\">Disfruta de exenciones fiscales.<\/span><\/li>\n<li><span style=\"font-size: 16px;\">Ahorre en costes operativos.<\/span><\/li>\n<li><span style=\"font-size: 16px;\">Disponga de soluciones contables asequibles.<\/span><\/li>\n<\/ul>\n<p><span style=\"font-size: 16px;\">Un servicio profesional de contabilidad en Akron Ohio, como Akron Income Tax Co, puede ayudarle a aprovechar las exenciones y deducciones fiscales que puede desconocer. En las empresas, hay varios medios para <a href=\"https:\/\/apc1040.com\/es\/como-utilizar-un-plan-responsable-para-reducir-impuestos\/\">reducir los impuestos<\/a> hasta cierto punto, que s\u00f3lo conocen los contables profesionales. Encargar la gesti\u00f3n de sus cuentas a un profesional con experiencia le ayudar\u00e1 a comprender estos matices. As\u00ed, podr\u00e1 disfrutar de los beneficios a los que tiene derecho por los Impuestos Federales.<\/span><\/p>\n<p>&nbsp;<\/p>\n<p><span style=\"font-size: 16px;\"><img decoding=\"async\" class=\"aligncenter wp-image-1466\" src=\"https:\/\/apc1040.com\/wp-content\/uploads\/2021\/12\/CutTaxes-300x205.jpg\" alt=\"Servicios contables\" width=\"273\" height=\"186\" srcset=\"https:\/\/apc1040.com\/wp-content\/uploads\/2021\/12\/CutTaxes-300x205.jpg 300w, https:\/\/apc1040.com\/wp-content\/uploads\/2021\/12\/CutTaxes.jpg 800w\" sizes=\"(max-width: 273px) 100vw, 273px\" \/><\/span><\/p>\n<p>&nbsp;<\/p>\n<p><span style=\"font-size: 16px;\">Pero no s\u00f3lo el ahorro de costes en impuestos, nuestros servicios profesionales de contabilidad en Akron tambi\u00e9n pueden ayudar a reducir sus costes operativos. Finalmente, al externalizar sus tareas de contabilidad y tenedur\u00eda de libros, gastar\u00e1 mucho menos de lo que gastar\u00eda en la contrataci\u00f3n de un contable interno.<\/span><\/p>\n<h2><span style=\"font-size: 16px;\">Por qu\u00e9 elegir Akron Income Tax Co para sus necesidades de contabilidad<\/span><\/h2>\n<p><span style=\"font-size: 16px;\">Para su negocio en Ohio, Akron Income Tax Co proporciona los servicios de contabilidad m\u00e1s fiables y completos Akron. En Akron Income Tax Co podemos gestionar la contabilidad de su negocio de principio a fin. Desde el manejo de problemas dif\u00edciles de Contabilidad sin problemas hasta proporcionar respuestas a todas sus consultas relacionadas con las finanzas con recursos \u00fatiles.<\/span><\/p>\n<p><span style=\"font-size: 16px;\">No importa si es una peque\u00f1a empresa que acaba de empezar en su sector en medio de todos los peces gordos o una empresa establecida con una amplia base de clientes, tenemos una soluci\u00f3n personalizada para usted. Mientras nuestro equipo de contables profesionales experimentados en Ohio se encarga de sus libros de contabilidad, usted puede dedicar su tiempo a la creaci\u00f3n de estrategias y al crecimiento. Nuestros servicios de contabilidad a medida son lo que las empresas necesitan para alcanzar mayores cotas.<\/p>\n<\/div><\/div><\/div><\/div><\/div><\/div><\/div><\/section><section class=\"l-section wpb_row height_small\"><div class=\"l-section-h i-cf\"><div class=\"g-cols vc_row via_flex valign_top type_default stacking_default\"><div class=\"vc_col-sm-12 wpb_column vc_column_container\"><div class=\"vc_column-inner\"><div class=\"wpb_wrapper\"><div class=\"wpb_text_column\"><div class=\"wpb_wrapper\"><p><\/span><\/p>\n<\/div><\/div><\/div><\/div><\/div><\/div><\/div><\/section>\n","protected":false},"excerpt":{"rendered":"Preciso, fiable y seguro. Contabilidad para su peque\u00f1a empresa Los profesionales experimentados de Akron Income Tax Co pueden ayudarle. Hemos estado sirviendo a las empresas en todo Akron, OH, y las \u00e1reas circundantes. Tenemos la experiencia y los recursos necesarios para satisfacer sus necesidades de contabilidad fiscal y contable. Las empresas necesitan mantener sus registros...","protected":false},"author":10,"featured_media":2505,"parent":2609,"menu_order":0,"comment_status":"closed","ping_status":"closed","template":"","meta":{"_lmt_disableupdate":"no","_lmt_disable":"","_monsterinsights_skip_tracking":false,"_monsterinsights_sitenote_active":false,"_monsterinsights_sitenote_note":"","_monsterinsights_sitenote_category":0,"_uf_show_specific_survey":0,"_uf_disable_surveys":false,"footnotes":""},"class_list":["post-2612","page","type-page","status-publish","has-post-thumbnail","hentry"],"yoast_head":"<!-- This site is optimized with the Yoast SEO Premium plugin v27.3 (Yoast SEO v27.4) - https:\/\/yoast.com\/product\/yoast-seo-premium-wordpress\/ -->\n<title>Servicios de contabilidad en Akron, Oh-2<\/title>\n<meta name=\"description\" content=\"\u00bfBusca servicios de contabilidad y preparaci\u00f3n de impuestos para peque\u00f1as empresas?Akron Income Tax Co ofrece servicios de contabilidad fiscal\" \/>\n<meta name=\"robots\" content=\"index, follow, max-snippet:-1, max-image-preview:large, max-video-preview:-1\" \/>\n<link rel=\"canonical\" href=\"https:\/\/apc1040.com\/es\/lista-de-nuestros-servicios\/servicios-de-contabilidad-en-akron-oh-2\/\" \/>\n<meta property=\"og:locale\" content=\"es_ES\" \/>\n<meta property=\"og:type\" content=\"article\" \/>\n<meta property=\"og:title\" content=\"Servicios de contabilidad en Akron\" \/>\n<meta property=\"og:description\" content=\"\u00bfBusca servicios de contabilidad y preparaci\u00f3n de impuestos para peque\u00f1as empresas?Akron Income Tax Co ofrece servicios de contabilidad fiscal\" \/>\n<meta property=\"og:url\" content=\"https:\/\/apc1040.com\/es\/lista-de-nuestros-servicios\/servicios-de-contabilidad-en-akron-oh-2\/\" \/>\n<meta property=\"og:site_name\" content=\"Akron Income Tax Preparation\" \/>\n<meta property=\"article:publisher\" content=\"https:\/\/www.facebook.com\/APC1040\" \/>\n<meta property=\"article:modified_time\" content=\"2026-01-07T03:43:36+00:00\" \/>\n<meta property=\"og:image\" content=\"https:\/\/apc1040.com\/wp-content\/uploads\/2021\/01\/accounting.jpg\" \/>\n\t<meta property=\"og:image:width\" content=\"1200\" \/>\n\t<meta property=\"og:image:height\" content=\"505\" \/>\n\t<meta property=\"og:image:type\" content=\"image\/jpeg\" \/>\n<meta name=\"twitter:card\" content=\"summary_large_image\" \/>\n<meta name=\"twitter:label1\" content=\"Est. reading time\" \/>\n\t<meta name=\"twitter:data1\" content=\"10 minutes\" \/>\n<!-- \/ Yoast SEO Premium plugin. -->","yoast_head_json":{"title":"Servicios de contabilidad en Akron, Oh-2","description":"\u00bfBusca servicios de contabilidad y preparaci\u00f3n de impuestos para peque\u00f1as empresas?Akron Income Tax Co ofrece servicios de contabilidad fiscal","robots":{"index":"index","follow":"follow","max-snippet":"max-snippet:-1","max-image-preview":"max-image-preview:large","max-video-preview":"max-video-preview:-1"},"canonical":"https:\/\/apc1040.com\/es\/lista-de-nuestros-servicios\/servicios-de-contabilidad-en-akron-oh-2\/","og_locale":"es_ES","og_type":"article","og_title":"Servicios de contabilidad en Akron","og_description":"\u00bfBusca servicios de contabilidad y preparaci\u00f3n de impuestos para peque\u00f1as empresas?Akron Income Tax Co ofrece servicios de contabilidad fiscal","og_url":"https:\/\/apc1040.com\/es\/lista-de-nuestros-servicios\/servicios-de-contabilidad-en-akron-oh-2\/","og_site_name":"Akron Income Tax Preparation","article_publisher":"https:\/\/www.facebook.com\/APC1040","article_modified_time":"2026-01-07T03:43:36+00:00","og_image":[{"width":1200,"height":505,"url":"https:\/\/apc1040.com\/wp-content\/uploads\/2021\/01\/accounting.jpg","type":"image\/jpeg"}],"twitter_card":"summary_large_image","twitter_misc":{"Est. reading time":"10 minutes"},"schema":{"@context":"https:\/\/schema.org","@graph":[{"@type":"WebPage","@id":"https:\/\/apc1040.com\/es\/lista-de-nuestros-servicios\/servicios-de-contabilidad-en-akron-oh-2\/","url":"https:\/\/apc1040.com\/es\/lista-de-nuestros-servicios\/servicios-de-contabilidad-en-akron-oh-2\/","name":"Servicios de contabilidad en Akron, Oh-2","isPartOf":{"@id":"https:\/\/apc1040.com\/es\/#website"},"primaryImageOfPage":{"@id":"https:\/\/apc1040.com\/es\/lista-de-nuestros-servicios\/servicios-de-contabilidad-en-akron-oh-2\/#primaryimage"},"image":{"@id":"https:\/\/apc1040.com\/es\/lista-de-nuestros-servicios\/servicios-de-contabilidad-en-akron-oh-2\/#primaryimage"},"thumbnailUrl":"https:\/\/apc1040.com\/wp-content\/uploads\/2021\/01\/accounting.jpg","datePublished":"2020-09-05T18:22:30+00:00","dateModified":"2026-01-07T03:43:36+00:00","description":"\u00bfBusca servicios de contabilidad y preparaci\u00f3n de impuestos para peque\u00f1as empresas?Akron Income Tax Co ofrece servicios de contabilidad fiscal","breadcrumb":{"@id":"https:\/\/apc1040.com\/es\/lista-de-nuestros-servicios\/servicios-de-contabilidad-en-akron-oh-2\/#breadcrumb"},"inLanguage":"es","potentialAction":[{"@type":"ReadAction","target":["https:\/\/apc1040.com\/es\/lista-de-nuestros-servicios\/servicios-de-contabilidad-en-akron-oh-2\/"]}]},{"@type":"ImageObject","inLanguage":"es","@id":"https:\/\/apc1040.com\/es\/lista-de-nuestros-servicios\/servicios-de-contabilidad-en-akron-oh-2\/#primaryimage","url":"https:\/\/apc1040.com\/wp-content\/uploads\/2021\/01\/accounting.jpg","contentUrl":"https:\/\/apc1040.com\/wp-content\/uploads\/2021\/01\/accounting.jpg","width":1200,"height":505,"caption":"accounting"},{"@type":"BreadcrumbList","@id":"https:\/\/apc1040.com\/es\/lista-de-nuestros-servicios\/servicios-de-contabilidad-en-akron-oh-2\/#breadcrumb","itemListElement":[{"@type":"ListItem","position":1,"name":"Home","item":"https:\/\/apc1040.com\/es\/"},{"@type":"ListItem","position":2,"name":"Lista de nuestros servicios","item":"https:\/\/apc1040.com\/es\/lista-de-nuestros-servicios\/"},{"@type":"ListItem","position":3,"name":"Servicios de contabilidad en Akron"}]},{"@type":"WebSite","@id":"https:\/\/apc1040.com\/es\/#website","url":"https:\/\/apc1040.com\/es\/","name":"Akron Income Tax Preparation","description":"Income Tax Preparation Service","publisher":{"@id":"https:\/\/apc1040.com\/es\/#organization"},"potentialAction":[{"@type":"SearchAction","target":{"@type":"EntryPoint","urlTemplate":"https:\/\/apc1040.com\/es\/?s={search_term_string}"},"query-input":{"@type":"PropertyValueSpecification","valueRequired":true,"valueName":"search_term_string"}}],"inLanguage":"es"},{"@type":"Organization","@id":"https:\/\/apc1040.com\/es\/#organization","name":"Akron Income Tax Co","url":"https:\/\/apc1040.com\/es\/","logo":{"@type":"ImageObject","inLanguage":"es","@id":"https:\/\/apc1040.com\/es\/#\/schema\/logo\/image\/","url":"https:\/\/apc1040.com\/wp-content\/uploads\/2024\/11\/income-tax-service-akron.jpg","contentUrl":"https:\/\/apc1040.com\/wp-content\/uploads\/2024\/11\/income-tax-service-akron.jpg","width":800,"height":745,"caption":"Akron Income Tax Co"},"image":{"@id":"https:\/\/apc1040.com\/es\/#\/schema\/logo\/image\/"},"sameAs":["https:\/\/www.facebook.com\/APC1040"]}]}},"amp_enabled":true,"_links":{"self":[{"href":"https:\/\/apc1040.com\/es\/wp-json\/wp\/v2\/pages\/2612","targetHints":{"allow":["GET"]}}],"collection":[{"href":"https:\/\/apc1040.com\/es\/wp-json\/wp\/v2\/pages"}],"about":[{"href":"https:\/\/apc1040.com\/es\/wp-json\/wp\/v2\/types\/page"}],"author":[{"embeddable":true,"href":"https:\/\/apc1040.com\/es\/wp-json\/wp\/v2\/users\/10"}],"replies":[{"embeddable":true,"href":"https:\/\/apc1040.com\/es\/wp-json\/wp\/v2\/comments?post=2612"}],"version-history":[{"count":4,"href":"https:\/\/apc1040.com\/es\/wp-json\/wp\/v2\/pages\/2612\/revisions"}],"predecessor-version":[{"id":11347,"href":"https:\/\/apc1040.com\/es\/wp-json\/wp\/v2\/pages\/2612\/revisions\/11347"}],"up":[{"embeddable":true,"href":"https:\/\/apc1040.com\/es\/wp-json\/wp\/v2\/pages\/2609"}],"wp:featuredmedia":[{"embeddable":true,"href":"https:\/\/apc1040.com\/es\/wp-json\/wp\/v2\/media\/2505"}],"wp:attachment":[{"href":"https:\/\/apc1040.com\/es\/wp-json\/wp\/v2\/media?parent=2612"}],"curies":[{"name":"wp","href":"https:\/\/api.w.org\/{rel}","templated":true}]}}