{"id":2611,"date":"2020-09-06T03:37:34","date_gmt":"2020-09-06T07:37:34","guid":{"rendered":"https:\/\/apc1040.com\/encontrar-facilmente-varias-paginas-web\/carteles-de-empresa-y-formularios-de-impuestos-para-los-empleados-requeridos\/"},"modified":"2024-05-13T18:56:31","modified_gmt":"2024-05-13T22:56:31","slug":"carteles-de-empresa","status":"publish","type":"page","link":"https:\/\/apc1040.com\/es\/impuestos-facil\/carteles-de-empresa\/","title":{"rendered":"Carteles de empresa y formularios de impuestos para los empleados requeridos"},"content":{"rendered":"<section class=\"l-section wpb_row height_small\"><div class=\"l-section-h i-cf\"><div class=\"g-cols vc_row via_flex valign_top type_default stacking_default\"><div class=\"vc_col-sm-12 wpb_column vc_column_container\"><div class=\"vc_column-inner\"><div class=\"wpb_wrapper\"><div class=\"w-image us_custom_4949cf44 has_height align_center\"><div class=\"w-image-h\"><img decoding=\"async\" width=\"352\" height=\"384\" src=\"https:\/\/apc1040.com\/wp-content\/uploads\/2021\/12\/BusinessPosters-1.jpg\" class=\"attachment-large size-large\" alt=\"BusinessPosters 1\" loading=\"lazy\" srcset=\"https:\/\/apc1040.com\/wp-content\/uploads\/2021\/12\/BusinessPosters-1.jpg 352w, https:\/\/apc1040.com\/wp-content\/uploads\/2021\/12\/BusinessPosters-1-275x300.jpg 275w\" sizes=\"auto, (max-width: 352px) 100vw, 352px\" \/><\/div><\/div><div class=\"wpb_text_column\"><div class=\"wpb_wrapper\"><p>Carteles de negocios requeridos y formularios de empleados para los impuestos que deben ser utilizados en su negocio. Puede confiar en nosotros para obtener resultados profesionales.<\/p>\n<h2><strong>Carteles de empresa y formularios de impuestos para los empleados requeridos<\/strong><\/h2>\n<p>Las empresas est\u00e1n obligadas a exhibir determinados carteles en sus centros de trabajo. Estos carteles proporcionan a los empleados informaci\u00f3n sobre sus derechos y responsabilidades en virtud de las diferentes leyes laborales. Adem\u00e1s, las <a href=\"https:\/\/apc1040.com\/es\/preparacion-de-impuestos-para-pequenas-empresas\/\">empresas deben retener impuestos<\/a> de las n\u00f3minas de sus empleados y presentarlos al gobierno. Los empleados tambi\u00e9n deben rellenar los formularios de impuestos para presentarlos correctamente.<\/p>\n<h2><strong>Carteles comerciales requeridos:<\/strong><\/h2>\n<p>Varias leyes federales y estatales obligan a las empresas a exhibir determinados carteles en el lugar de trabajo. Estas leyes incluyen la Ley de Normas Laborales Justas (FLSA), la Ley Nacional de Relaciones Laborales (NLRA) y la Ley de Seguridad y Salud Ocupacional (OSHA). La FLSA obliga a las empresas a exhibir un cartel que explique los requisitos federales de salario m\u00ednimo y pago de horas extraordinarias. La NLRA obliga a las empresas a exhibir un cartel que explique los derechos de los empleados a afiliarse a sindicatos y a participar en la negociaci\u00f3n colectiva. La OSHA exige a las empresas que exhiban un cartel que explique los derechos de los empleados a un lugar de trabajo seguro y saludable.<\/p>\n<h2><strong>Formularios de impuestos para empleados:<\/strong><\/h2>\n<p>Los empleados est\u00e1n obligados a rellenar los formularios fiscales para poder presentar sus impuestos correctamente. El formulario de impuestos m\u00e1s com\u00fan es el W-4, que determina la cantidad de impuestos que se deben retener del cheque de pago de un empleado. Los empleados tambi\u00e9n deben rellenar un formulario W-2 para recibir la declaraci\u00f3n de impuestos anual de su empresa. Adem\u00e1s, es posible que los empleados tengan que rellenar otros formularios fiscales, como el 1040EZ o el 1040A, para <a href=\"https:\/\/apc1040.com\/es\/servicios-de-presentacion-de-impuestos-sobre-la-renta-cerca-de-mi\/\">presentar sus impuestos<\/a>. No olvidemos los formularios 1099 NEC para los subcontratistas.<\/p>\n<h2>C\u00f3mo declarar los impuestos como propietario de un negocio:<\/h2>\n<p>Las empresas est\u00e1n obligadas a retener los impuestos de las n\u00f3minas de sus empleados y presentarlos al gobierno. Sin embargo, las empresas tambi\u00e9n deben presentar sus propios impuestos, que suelen hacerse de forma trimestral o anual. Las empresas pueden tener que presentar diferentes formularios fiscales, en funci\u00f3n de su estructura y actividades empresariales. Por ejemplo, las empresas que se consideran empresas individuales o sociedades de personas suelen presentar el formulario 1040, mientras que las empresas que son sociedades de capital suelen presentar el formulario 1120.<\/p>\n<h2><strong>Consejos para reducir la responsabilidad fiscal de su empresa:<\/strong><\/h2>\n<p>Las empresas pueden reducir sus obligaciones fiscales de varias maneras. Una forma es reclamar los gastos empresariales deducibles de impuestos. Los gastos empresariales deducibles m\u00e1s comunes son la publicidad, el material de oficina y los gastos de viaje. Otra forma de reducir la responsabilidad fiscal de su empresa es aprovechar los cr\u00e9ditos fiscales. Por ejemplo, el gobierno federal ofrece un <a href=\"https:\/\/apc1040.com\/es\/credito-fiscal-para-vehiculos-electricos\/\">cr\u00e9dito fiscal<\/a> por investigaci\u00f3n y desarrollo para las empresas que realizan actividades de investigaci\u00f3n y desarrollo. Adem\u00e1s, muchos estados ofrecen incentivos <a href=\"https:\/\/apc1040.com\/es\/lista-de-nuestros-servicios\/servicios-de-consultoria-fiscal-para-empresas\/\">fiscales para que las empresas<\/a> se instalen en su territorio.<\/p>\n<h2><strong>Conclusi\u00f3n<\/strong><\/h2>\n<p>Como propietario de una empresa, es su responsabilidad asegurarse de que su lugar de trabajo cumple todas las leyes y reglamentos aplicables. Esto incluye la colocaci\u00f3n de los carteles comerciales necesarios y la recogida de los formularios fiscales necesarios de sus empleados. El incumplimiento de estos requisitos puede dar lugar a importantes sanciones, incluidas multas y penas de c\u00e1rcel. Por lo tanto, si tiene alguna pregunta sobre los carteles de empresa requeridos o los formularios fiscales de los empleados, p\u00f3ngase en contacto con un abogado experto en derecho laboral para que le ayude. Pero recuerde que el contenido anterior no es un consejo legal. Para obtener informaci\u00f3n espec\u00edfica sobre su situaci\u00f3n, consulte a un abogado.<\/p>\n<h2 class=\"top-side\" style=\"text-align: center;\"><a href=\"https:\/\/apc1040.com\/es\/impuestos-facil\/carteles-de-empresa\/carteles-de-empresa-en-el-lugar-de-trabajo\/\">Carteles de empresa <\/a><\/h2>\n<h2 style=\"text-align: center;\"><a href=\"https:\/\/apc1040.com\/es\/impuestos-facil\/carteles-de-empresa\/formularios-de-impuestos-para-empleados\/\">Formularios de impuestos para empleados <\/a><\/h2>\n<h2 style=\"text-align: center;\"><a href=\"https:\/\/apc1040.com\/es\/impuestos-facil\/carteles-de-empresa\/formularios-fiscales-para-subcontratistas\/\">Formularios fiscales para subcontratistas <\/a><\/h2>\n<\/div><\/div><\/div><\/div><\/div><\/div><\/div><\/section>\n","protected":false},"excerpt":{"rendered":"Carteles de negocios requeridos y formularios de empleados para los impuestos que deben ser utilizados en su negocio. Puede confiar en nosotros para obtener resultados profesionales. Carteles de empresa y formularios de impuestos para los empleados requeridos Las empresas est\u00e1n obligadas a exhibir determinados carteles en sus centros de trabajo. Estos carteles proporcionan a los...","protected":false},"author":10,"featured_media":0,"parent":2599,"menu_order":0,"comment_status":"closed","ping_status":"closed","template":"","meta":{"_lmt_disableupdate":"no","_lmt_disable":"","_monsterinsights_skip_tracking":false,"_monsterinsights_sitenote_active":false,"_monsterinsights_sitenote_note":"","_monsterinsights_sitenote_category":0,"_uf_show_specific_survey":0,"_uf_disable_surveys":false,"footnotes":""},"class_list":["post-2611","page","type-page","status-publish","hentry"],"yoast_head":"<!-- This site is optimized with the Yoast SEO Premium plugin v27.3 (Yoast SEO v27.4) - https:\/\/yoast.com\/product\/yoast-seo-premium-wordpress\/ -->\n<title>Carteles de negocios requeridos<\/title>\n<meta name=\"description\" content=\"Carteles de negocios requeridos Carteles de la empresa y formularios de impuestos obligatorios que deben usarse en su empresa.\" \/>\n<meta name=\"robots\" content=\"index, follow, max-snippet:-1, max-image-preview:large, max-video-preview:-1\" \/>\n<link rel=\"canonical\" href=\"https:\/\/apc1040.com\/es\/impuestos-facil\/carteles-de-empresa\/\" \/>\n<meta property=\"og:locale\" content=\"es_ES\" \/>\n<meta property=\"og:type\" content=\"article\" \/>\n<meta property=\"og:title\" content=\"Carteles de empresa y formularios de impuestos para los empleados requeridos\" \/>\n<meta property=\"og:description\" content=\"Carteles de negocios requeridos Carteles de la empresa y formularios de impuestos obligatorios que deben usarse en su empresa.\" \/>\n<meta property=\"og:url\" content=\"https:\/\/apc1040.com\/es\/impuestos-facil\/carteles-de-empresa\/\" \/>\n<meta property=\"og:site_name\" content=\"Akron Income Tax Preparation\" \/>\n<meta property=\"article:publisher\" content=\"https:\/\/www.facebook.com\/APC1040\" \/>\n<meta property=\"article:modified_time\" content=\"2024-05-13T22:56:31+00:00\" \/>\n<meta property=\"og:image\" content=\"https:\/\/apc1040.com\/wp-content\/uploads\/2024\/02\/Office-Pic-no-prices.jpg\" \/>\n\t<meta property=\"og:image:width\" content=\"2560\" \/>\n\t<meta property=\"og:image:height\" content=\"2385\" \/>\n\t<meta property=\"og:image:type\" content=\"image\/jpeg\" \/>\n<meta name=\"twitter:card\" content=\"summary_large_image\" \/>\n<meta name=\"twitter:label1\" content=\"Est. reading time\" \/>\n\t<meta name=\"twitter:data1\" content=\"4 minutes\" \/>\n<!-- \/ Yoast SEO Premium plugin. -->","yoast_head_json":{"title":"Carteles de negocios requeridos","description":"Carteles de negocios requeridos Carteles de la empresa y formularios de impuestos obligatorios que deben usarse en su empresa.","robots":{"index":"index","follow":"follow","max-snippet":"max-snippet:-1","max-image-preview":"max-image-preview:large","max-video-preview":"max-video-preview:-1"},"canonical":"https:\/\/apc1040.com\/es\/impuestos-facil\/carteles-de-empresa\/","og_locale":"es_ES","og_type":"article","og_title":"Carteles de empresa y formularios de impuestos para los empleados requeridos","og_description":"Carteles de negocios requeridos Carteles de la empresa y formularios de impuestos obligatorios que deben usarse en su empresa.","og_url":"https:\/\/apc1040.com\/es\/impuestos-facil\/carteles-de-empresa\/","og_site_name":"Akron Income Tax Preparation","article_publisher":"https:\/\/www.facebook.com\/APC1040","article_modified_time":"2024-05-13T22:56:31+00:00","og_image":[{"width":2560,"height":2385,"url":"https:\/\/apc1040.com\/wp-content\/uploads\/2024\/02\/Office-Pic-no-prices.jpg","type":"image\/jpeg"}],"twitter_card":"summary_large_image","twitter_misc":{"Est. reading time":"4 minutes"},"schema":{"@context":"https:\/\/schema.org","@graph":[{"@type":"WebPage","@id":"https:\/\/apc1040.com\/es\/impuestos-facil\/carteles-de-empresa\/","url":"https:\/\/apc1040.com\/es\/impuestos-facil\/carteles-de-empresa\/","name":"Carteles de negocios requeridos","isPartOf":{"@id":"https:\/\/apc1040.com\/es\/#website"},"datePublished":"2020-09-06T07:37:34+00:00","dateModified":"2024-05-13T22:56:31+00:00","description":"Carteles de negocios requeridos Carteles de la empresa y formularios de impuestos obligatorios que deben usarse en su empresa.","breadcrumb":{"@id":"https:\/\/apc1040.com\/es\/impuestos-facil\/carteles-de-empresa\/#breadcrumb"},"inLanguage":"es","potentialAction":[{"@type":"ReadAction","target":["https:\/\/apc1040.com\/es\/impuestos-facil\/carteles-de-empresa\/"]}]},{"@type":"BreadcrumbList","@id":"https:\/\/apc1040.com\/es\/impuestos-facil\/carteles-de-empresa\/#breadcrumb","itemListElement":[{"@type":"ListItem","position":1,"name":"Home","item":"https:\/\/apc1040.com\/es\/"},{"@type":"ListItem","position":2,"name":"Encontrar f\u00e1cilmente varias p\u00e1ginas web","item":"https:\/\/apc1040.com\/es\/impuestos-facil\/"},{"@type":"ListItem","position":3,"name":"Carteles de empresa y formularios de impuestos para los empleados requeridos"}]},{"@type":"WebSite","@id":"https:\/\/apc1040.com\/es\/#website","url":"https:\/\/apc1040.com\/es\/","name":"Akron Income Tax Preparation","description":"Income Tax Preparation Service","publisher":{"@id":"https:\/\/apc1040.com\/es\/#organization"},"potentialAction":[{"@type":"SearchAction","target":{"@type":"EntryPoint","urlTemplate":"https:\/\/apc1040.com\/es\/?s={search_term_string}"},"query-input":{"@type":"PropertyValueSpecification","valueRequired":true,"valueName":"search_term_string"}}],"inLanguage":"es"},{"@type":"Organization","@id":"https:\/\/apc1040.com\/es\/#organization","name":"Akron Income Tax Co","url":"https:\/\/apc1040.com\/es\/","logo":{"@type":"ImageObject","inLanguage":"es","@id":"https:\/\/apc1040.com\/es\/#\/schema\/logo\/image\/","url":"https:\/\/apc1040.com\/wp-content\/uploads\/2024\/11\/income-tax-service-akron.jpg","contentUrl":"https:\/\/apc1040.com\/wp-content\/uploads\/2024\/11\/income-tax-service-akron.jpg","width":800,"height":745,"caption":"Akron Income Tax Co"},"image":{"@id":"https:\/\/apc1040.com\/es\/#\/schema\/logo\/image\/"},"sameAs":["https:\/\/www.facebook.com\/APC1040"]}]}},"amp_enabled":true,"_links":{"self":[{"href":"https:\/\/apc1040.com\/es\/wp-json\/wp\/v2\/pages\/2611","targetHints":{"allow":["GET"]}}],"collection":[{"href":"https:\/\/apc1040.com\/es\/wp-json\/wp\/v2\/pages"}],"about":[{"href":"https:\/\/apc1040.com\/es\/wp-json\/wp\/v2\/types\/page"}],"author":[{"embeddable":true,"href":"https:\/\/apc1040.com\/es\/wp-json\/wp\/v2\/users\/10"}],"replies":[{"embeddable":true,"href":"https:\/\/apc1040.com\/es\/wp-json\/wp\/v2\/comments?post=2611"}],"version-history":[{"count":0,"href":"https:\/\/apc1040.com\/es\/wp-json\/wp\/v2\/pages\/2611\/revisions"}],"up":[{"embeddable":true,"href":"https:\/\/apc1040.com\/es\/wp-json\/wp\/v2\/pages\/2599"}],"wp:attachment":[{"href":"https:\/\/apc1040.com\/es\/wp-json\/wp\/v2\/media?parent=2611"}],"curies":[{"name":"wp","href":"https:\/\/api.w.org\/{rel}","templated":true}]}}