{"id":2610,"date":"2020-09-06T03:38:43","date_gmt":"2020-09-06T07:38:43","guid":{"rendered":"https:\/\/apc1040.com\/formularios-de-impuestos-para-empleados-necesarios-para-su-negocio\/"},"modified":"2024-05-13T12:44:06","modified_gmt":"2024-05-13T16:44:06","slug":"formularios-de-impuestos-para-empleados","status":"publish","type":"page","link":"https:\/\/apc1040.com\/es\/impuestos-facil\/carteles-de-empresa\/formularios-de-impuestos-para-empleados\/","title":{"rendered":"Formularios de impuestos para empleados necesarios para su negocio"},"content":{"rendered":"<section class=\"l-section wpb_row height_small\"><div class=\"l-section-h i-cf\"><div class=\"g-cols vc_row via_flex valign_top type_default stacking_default\"><div class=\"vc_col-sm-12 wpb_column vc_column_container\"><div class=\"vc_column-inner\"><div class=\"wpb_wrapper\"><div class=\"w-image us_custom_8c2bfe4d has_height align_none\"><div class=\"w-image-h\"><img decoding=\"async\" width=\"640\" height=\"426\" src=\"https:\/\/apc1040.com\/wp-content\/uploads\/2021\/12\/income-tax-gb4271ae05_640.jpg\" class=\"attachment-large size-large\" alt=\"Impuestos F\u00e1cil Encontrar\" loading=\"lazy\" srcset=\"https:\/\/apc1040.com\/wp-content\/uploads\/2021\/12\/income-tax-gb4271ae05_640.jpg 640w, https:\/\/apc1040.com\/wp-content\/uploads\/2021\/12\/income-tax-gb4271ae05_640-300x200.jpg 300w\" sizes=\"auto, (max-width: 640px) 100vw, 640px\" \/><\/div><\/div><div class=\"wpb_text_column\"><div class=\"wpb_wrapper\"><h2 class=\"top-side cred mb15\"><\/h2>\n<h2 class=\"top-side cred mb15\">Se necesitan formularios de impuestos para los empleados<\/h2>\n<p class=\"tcenter\">Formularios de impuestos para empleados I-9 y <a href=\"https:\/\/apc1040.com\/es\/impuestos-facil\/carteles-de-empresa\/formularios-de-impuestos-para-empleados\/w4-para-modificar-las-retenciones\/\">W4<\/a> disponibles. Rellene un nuevo formulario <a href=\"https:\/\/apc1040.com\/taxes-easy-find\/required-business-posters\/employee-tax-forms\/w4\/\">W4<\/a> para ajustar sus impuestos.<\/p>\n<p class=\"tcenter\">Formularios de impuestos de los empleados que todos los empleados deben rellenar.<\/p>\n<h2><strong>Formularios de impuestos de los empleados necesarios para su negocio<\/strong><\/h2>\n<p>Como propietario de un negocio, hay algunos formularios fiscales con los que deber\u00e1 estar familiarizado. Dependiendo de su situaci\u00f3n y del tipo de negocio que tenga, se aplicar\u00e1n diferentes formas. El <a href=\"https:\/\/apc1040.com\/es\/formularios-de-preparacion-de-impuestos-disponibles\/\">formulario de impuestos<\/a> m\u00e1s com\u00fan para las empresas es el W-2, que los empleados rellenan para informar de sus salarios y de los impuestos retenidos. Este formulario se utiliza para declarar los impuestos de la Seguridad Social y Medicare y los impuestos sobre la renta retenidos. Otros formularios que pueden ser necesarios son el W-3, el 1099-MISC, el 1099-INT y el 1099-R.<\/p>\n<p>El formulario W-2 se utiliza para declarar el salario anual de un empleado y los impuestos retenidos. Este formulario es necesario para todas las <a href=\"https:\/\/apc1040.com\/es\/impuestos-facil\/carteles-de-empresa\/\">empresas que retienen impuestos<\/a> de las n\u00f3minas de sus empleados. El formulario W-3 es un formulario de transmisi\u00f3n que debe presentarse junto con los formularios W-2. Formulario 1099-MISC se utiliza para informar de los ingresos diversos, como c\u00e1nones o comisiones, que no est\u00e1n sujetos a retenci\u00f3n. El formulario 1099-INT se utiliza para declarar los ingresos por intereses, como los procedentes de cuentas de ahorro o inversiones. El formulario 1099-R informa de las distribuciones de los planes de jubilaci\u00f3n, como los 401(k) o las cuentas IRA.<\/p>\n<p>Las empresas est\u00e1n obligadas a retener los <a href=\"https:\/\/apc1040.com\/es\/declaracion-de-impuestos-federales\/\">impuestos federales<\/a> y estatales sobre la renta, as\u00ed como los impuestos de la Seguridad Social y Medicare, de las n\u00f3minas de sus empleados. La cantidad de impuestos retenidos depende del tramo impositivo del trabajador y del n\u00famero de desgravaciones solicitadas en su formulario <a href=\"https:\/\/apc1040.com\/es\/declaracion-de-impuestos-federales-sobre-la-renta\/\">W-4<\/a>. Los empleados pueden solicitar prestaciones adicionales para s\u00ed mismos, para sus dependientes y <a href=\"https:\/\/apc1040.com\/es\/documentacion-para-deducciones-empresariales\/\">para determinadas deducciones<\/a>, como las correspondientes a las contribuciones ben\u00e9ficas o a los intereses de los pr\u00e9stamos estudiantiles.<\/p>\n<h2><strong>Por qu\u00e9 debe preocuparse por las retenciones fiscales<\/strong><\/h2>\n<p>Como empresario, es importante retener la cantidad correcta de impuestos de las n\u00f3minas de sus empleados. Puede estar sujeto a sanciones e intereses si retiene demasiado poco. Si retiene demasiado, estar\u00e1 dando al gobierno un pr\u00e9stamo sin intereses. Retener la cantidad correcta de impuestos garantiza que sus empleados s\u00f3lo paguen los impuestos que deben y nada m\u00e1s.<\/p>\n<p>Tambi\u00e9n es importante presentar los formularios de impuestos sobre la n\u00f3mina a tiempo. El <a href=\"https:\/\/apc1040.com\/taxes-easy-find\/other-important-information\/irs-tax-publications\/\">IRS<\/a> impone plazos estrictos para la presentaci\u00f3n de estos formularios, y su incumplimiento puede dar lugar a sanciones. La mejor manera de evitar problemas es utilizar un servicio de n\u00f3minas para que se encargue de todo el papeleo necesario.<\/p>\n<p><strong>Conclusi\u00f3n<\/strong><\/p>\n<p>Existen diferentes formularios fiscales que las empresas deben conocer. Se aplicar\u00e1n diferentes formas en funci\u00f3n del tipo de empresa, la ubicaci\u00f3n y los empleados. Como propietario de una empresa, usted es responsable de retener los impuestos de las n\u00f3minas de sus empleados y remitirlos a las autoridades competentes. Tambi\u00e9n tendr\u00e1 que presentar las declaraciones de impuestos trimestrales y anuales, as\u00ed como cualquier otro formulario requerido. Aseg\u00farese de llevar un registro exacto de sus ingresos y gastos para preparar correctamente sus declaraciones de impuestos.<\/p>\n<p>Si tiene <a href=\"https:\/\/apc1040.com\/es\/preguntas-frecuentes-sobre-el-servicio-de-impuestos-preguntas-mas-frecuentes\/\">preguntas sobre los formularios de impuestos<\/a> que necesita para su empresa o sobre c\u00f3mo presentarlos correctamente, aseg\u00farese de consultar con un profesional de los impuestos.<\/p>\n<div class=\"top-side\">\n<h2 style=\"text-align: center;\"><a href=\"https:\/\/www.irs.gov\/pub\/irs-pdf\/fw4.pdf\" target=\"_blank\" rel=\"noopener noreferrer\">W4<\/a><\/h2>\n<h2 style=\"text-align: center;\"><a href=\"https:\/\/apc1040.com\/wp-content\/uploads\/2022\/02\/i-9-paper-version.pdf\" target=\"_blank\" rel=\"noopener\">I9<\/a><\/h2>\n<\/div>\n<\/div><\/div><\/div><\/div><\/div><\/div><\/div><\/section>\n","protected":false},"excerpt":{"rendered":"Se necesitan formularios de impuestos para los empleados Formularios de impuestos para empleados I-9 y W4 disponibles. Rellene un nuevo formulario W4 para ajustar sus impuestos. Formularios de impuestos de los empleados que todos los empleados deben rellenar. Formularios de impuestos de los empleados necesarios para su negocio Como propietario de un negocio, hay algunos...","protected":false},"author":10,"featured_media":2535,"parent":2611,"menu_order":0,"comment_status":"closed","ping_status":"closed","template":"","meta":{"_lmt_disableupdate":"no","_lmt_disable":"","_monsterinsights_skip_tracking":false,"_monsterinsights_sitenote_active":false,"_monsterinsights_sitenote_note":"","_monsterinsights_sitenote_category":0,"_uf_show_specific_survey":0,"_uf_disable_surveys":false,"footnotes":""},"class_list":["post-2610","page","type-page","status-publish","has-post-thumbnail","hentry"],"yoast_head":"<!-- This site is optimized with the Yoast SEO Premium plugin v27.3 (Yoast SEO v27.4) - https:\/\/yoast.com\/product\/yoast-seo-premium-wordpress\/ -->\n<title>formularios de impuestos para empleados I-9 W2 disponibles<\/title>\n<meta name=\"description\" content=\"Formularios de impuestos para empleados I-9 y W2 para cambiar sus impuestos de retenci\u00f3n cuando lo necesite.\" \/>\n<meta name=\"robots\" content=\"index, follow, max-snippet:-1, max-image-preview:large, max-video-preview:-1\" \/>\n<link rel=\"canonical\" href=\"https:\/\/apc1040.com\/es\/impuestos-facil\/carteles-de-empresa\/formularios-de-impuestos-para-empleados\/\" \/>\n<meta property=\"og:locale\" content=\"es_ES\" \/>\n<meta property=\"og:type\" content=\"article\" \/>\n<meta property=\"og:title\" content=\"Formularios de impuestos para empleados necesarios para su negocio\" \/>\n<meta property=\"og:description\" content=\"Formularios de impuestos para empleados I-9 y W2 para cambiar sus impuestos de retenci\u00f3n cuando lo necesite.\" \/>\n<meta property=\"og:url\" content=\"https:\/\/apc1040.com\/es\/impuestos-facil\/carteles-de-empresa\/formularios-de-impuestos-para-empleados\/\" \/>\n<meta property=\"og:site_name\" content=\"Akron Income Tax Preparation\" \/>\n<meta property=\"article:publisher\" content=\"https:\/\/www.facebook.com\/APC1040\" \/>\n<meta property=\"article:modified_time\" content=\"2024-05-13T16:44:06+00:00\" \/>\n<meta property=\"og:image\" content=\"https:\/\/apc1040.com\/wp-content\/uploads\/2021\/12\/income-tax-gb4271ae05_640.jpg\" \/>\n\t<meta property=\"og:image:width\" content=\"640\" \/>\n\t<meta property=\"og:image:height\" content=\"426\" \/>\n\t<meta property=\"og:image:type\" content=\"image\/jpeg\" \/>\n<meta name=\"twitter:card\" content=\"summary_large_image\" \/>\n<meta name=\"twitter:label1\" content=\"Est. reading time\" \/>\n\t<meta name=\"twitter:data1\" content=\"3 minutes\" \/>\n<!-- \/ Yoast SEO Premium plugin. -->","yoast_head_json":{"title":"formularios de impuestos para empleados I-9 W2 disponibles","description":"Formularios de impuestos para empleados I-9 y W2 para cambiar sus impuestos de retenci\u00f3n cuando lo necesite.","robots":{"index":"index","follow":"follow","max-snippet":"max-snippet:-1","max-image-preview":"max-image-preview:large","max-video-preview":"max-video-preview:-1"},"canonical":"https:\/\/apc1040.com\/es\/impuestos-facil\/carteles-de-empresa\/formularios-de-impuestos-para-empleados\/","og_locale":"es_ES","og_type":"article","og_title":"Formularios de impuestos para empleados necesarios para su negocio","og_description":"Formularios de impuestos para empleados I-9 y W2 para cambiar sus impuestos de retenci\u00f3n cuando lo necesite.","og_url":"https:\/\/apc1040.com\/es\/impuestos-facil\/carteles-de-empresa\/formularios-de-impuestos-para-empleados\/","og_site_name":"Akron Income Tax Preparation","article_publisher":"https:\/\/www.facebook.com\/APC1040","article_modified_time":"2024-05-13T16:44:06+00:00","og_image":[{"width":640,"height":426,"url":"https:\/\/apc1040.com\/wp-content\/uploads\/2021\/12\/income-tax-gb4271ae05_640.jpg","type":"image\/jpeg"}],"twitter_card":"summary_large_image","twitter_misc":{"Est. reading time":"3 minutes"},"schema":{"@context":"https:\/\/schema.org","@graph":[{"@type":"WebPage","@id":"https:\/\/apc1040.com\/es\/impuestos-facil\/carteles-de-empresa\/formularios-de-impuestos-para-empleados\/","url":"https:\/\/apc1040.com\/es\/impuestos-facil\/carteles-de-empresa\/formularios-de-impuestos-para-empleados\/","name":"formularios de impuestos para empleados I-9 W2 disponibles","isPartOf":{"@id":"https:\/\/apc1040.com\/es\/#website"},"primaryImageOfPage":{"@id":"https:\/\/apc1040.com\/es\/impuestos-facil\/carteles-de-empresa\/formularios-de-impuestos-para-empleados\/#primaryimage"},"image":{"@id":"https:\/\/apc1040.com\/es\/impuestos-facil\/carteles-de-empresa\/formularios-de-impuestos-para-empleados\/#primaryimage"},"thumbnailUrl":"https:\/\/apc1040.com\/wp-content\/uploads\/2021\/12\/income-tax-gb4271ae05_640.jpg","datePublished":"2020-09-06T07:38:43+00:00","dateModified":"2024-05-13T16:44:06+00:00","description":"Formularios de impuestos para empleados I-9 y W2 para cambiar sus impuestos de retenci\u00f3n cuando lo necesite.","breadcrumb":{"@id":"https:\/\/apc1040.com\/es\/impuestos-facil\/carteles-de-empresa\/formularios-de-impuestos-para-empleados\/#breadcrumb"},"inLanguage":"es","potentialAction":[{"@type":"ReadAction","target":["https:\/\/apc1040.com\/es\/impuestos-facil\/carteles-de-empresa\/formularios-de-impuestos-para-empleados\/"]}]},{"@type":"ImageObject","inLanguage":"es","@id":"https:\/\/apc1040.com\/es\/impuestos-facil\/carteles-de-empresa\/formularios-de-impuestos-para-empleados\/#primaryimage","url":"https:\/\/apc1040.com\/wp-content\/uploads\/2021\/12\/income-tax-gb4271ae05_640.jpg","contentUrl":"https:\/\/apc1040.com\/wp-content\/uploads\/2021\/12\/income-tax-gb4271ae05_640.jpg","width":640,"height":426,"caption":"income tax gb4271ae05 640"},{"@type":"BreadcrumbList","@id":"https:\/\/apc1040.com\/es\/impuestos-facil\/carteles-de-empresa\/formularios-de-impuestos-para-empleados\/#breadcrumb","itemListElement":[{"@type":"ListItem","position":1,"name":"Home","item":"https:\/\/apc1040.com\/es\/"},{"@type":"ListItem","position":2,"name":"Encontrar f\u00e1cilmente varias p\u00e1ginas web","item":"https:\/\/apc1040.com\/es\/impuestos-facil\/"},{"@type":"ListItem","position":3,"name":"Carteles de empresa y formularios de impuestos para los empleados requeridos","item":"https:\/\/apc1040.com\/es\/impuestos-facil\/carteles-de-empresa\/"},{"@type":"ListItem","position":4,"name":"Formularios de impuestos para empleados necesarios para su negocio"}]},{"@type":"WebSite","@id":"https:\/\/apc1040.com\/es\/#website","url":"https:\/\/apc1040.com\/es\/","name":"Akron Income Tax Preparation","description":"Income Tax Preparation Service","publisher":{"@id":"https:\/\/apc1040.com\/es\/#organization"},"potentialAction":[{"@type":"SearchAction","target":{"@type":"EntryPoint","urlTemplate":"https:\/\/apc1040.com\/es\/?s={search_term_string}"},"query-input":{"@type":"PropertyValueSpecification","valueRequired":true,"valueName":"search_term_string"}}],"inLanguage":"es"},{"@type":"Organization","@id":"https:\/\/apc1040.com\/es\/#organization","name":"Akron Income Tax Co","url":"https:\/\/apc1040.com\/es\/","logo":{"@type":"ImageObject","inLanguage":"es","@id":"https:\/\/apc1040.com\/es\/#\/schema\/logo\/image\/","url":"https:\/\/apc1040.com\/wp-content\/uploads\/2024\/11\/income-tax-service-akron.jpg","contentUrl":"https:\/\/apc1040.com\/wp-content\/uploads\/2024\/11\/income-tax-service-akron.jpg","width":800,"height":745,"caption":"Akron Income Tax Co"},"image":{"@id":"https:\/\/apc1040.com\/es\/#\/schema\/logo\/image\/"},"sameAs":["https:\/\/www.facebook.com\/APC1040"]}]}},"amp_enabled":true,"_links":{"self":[{"href":"https:\/\/apc1040.com\/es\/wp-json\/wp\/v2\/pages\/2610","targetHints":{"allow":["GET"]}}],"collection":[{"href":"https:\/\/apc1040.com\/es\/wp-json\/wp\/v2\/pages"}],"about":[{"href":"https:\/\/apc1040.com\/es\/wp-json\/wp\/v2\/types\/page"}],"author":[{"embeddable":true,"href":"https:\/\/apc1040.com\/es\/wp-json\/wp\/v2\/users\/10"}],"replies":[{"embeddable":true,"href":"https:\/\/apc1040.com\/es\/wp-json\/wp\/v2\/comments?post=2610"}],"version-history":[{"count":0,"href":"https:\/\/apc1040.com\/es\/wp-json\/wp\/v2\/pages\/2610\/revisions"}],"up":[{"embeddable":true,"href":"https:\/\/apc1040.com\/es\/wp-json\/wp\/v2\/pages\/2611"}],"wp:featuredmedia":[{"embeddable":true,"href":"https:\/\/apc1040.com\/es\/wp-json\/wp\/v2\/media\/2535"}],"wp:attachment":[{"href":"https:\/\/apc1040.com\/es\/wp-json\/wp\/v2\/media?parent=2610"}],"curies":[{"name":"wp","href":"https:\/\/api.w.org\/{rel}","templated":true}]}}