{"id":2609,"date":"2020-09-05T14:22:06","date_gmt":"2020-09-05T18:22:06","guid":{"rendered":"https:\/\/apc1040.com\/lista-de-nuestros-servicios\/"},"modified":"2024-08-11T13:15:14","modified_gmt":"2024-08-11T17:15:14","slug":"lista-de-nuestros-servicios","status":"publish","type":"page","link":"https:\/\/apc1040.com\/es\/lista-de-nuestros-servicios\/","title":{"rendered":"Lista de nuestros servicios"},"content":{"rendered":"<section class=\"l-section wpb_row height_small\"><div class=\"l-section-h i-cf\"><div class=\"g-cols vc_row via_flex valign_top type_default stacking_default\"><div class=\"vc_col-sm-12 wpb_column vc_column_container\"><div class=\"vc_column-inner\"><div class=\"wpb_wrapper\"><div class=\"wpb_text_column\"><div class=\"wpb_wrapper\"><p class=\"tcenter credx\" style=\"text-align: left;\">Lista de nuestros servicios en Akron Income Return Co. Presentaci\u00f3n de impuestos a una tarifa razonable. Por lo tanto, puede confiar en que le ofreceremos resultados profesionales.<\/p>\n<p class=\"tcenter credx\" style=\"text-align: left;\">Preparaci\u00f3n del impuesto sobre la renta $120 \u00bfPOR QU\u00c9 PAGAR M\u00c1S? Completamos sus declaraciones de impuestos federales, estatales, municipales y E-File para usted.<\/p>\n<p>Entra&#8230; D\u00e9jese caer&#8230; o concierte una cita. Tambi\u00e9n tenemos opciones de Remote File@Home. 330-733-1040<\/p>\n<div class=\"top-side\">\n<h2><img decoding=\"async\" class=\"aligncenter wp-image-454 \" title=\"Nuestros servicios\" src=\"https:\/\/apc1040.com\/wp-content\/uploads\/2020\/09\/Remote-Income-Taxes-300x194.jpg\" alt=\"Nuestros servicios\" width=\"393\" height=\"254\" \/><\/h2>\n<h2 style=\"text-align: left;\"><a href=\"https:\/\/apc1040.com\/es\/lista-de-nuestros-servicios\/servicios-de-contabilidad-en-akron-oh-2\/\">Servicios contables<\/a><\/h2>\n<p style=\"text-align: left;\">La contabilidad es una parte integral de la empresa en todos los sectores. Y lo que es m\u00e1s importante, la contabilidad le ayuda a construir su negocio. Le proporcionamos registros eficientes y precisos que mantienen contenta a la Hacienda Federal. <a href=\"https:\/\/apc1040.com\/es\/formularios-de-preparacion-de-impuestos-disponibles\/\">Para mantener bajos los<\/a> costes de funcionamiento de su empresa, necesita externalizar el servicio de contabilidad. Le ahorramos tiempo, que puede dedicar a concentrar sus efectos en la captaci\u00f3n de nuevos clientes.<\/p>\n<h2 style=\"text-align: left;\"><a href=\"https:\/\/apc1040.com\/es\/lista-de-nuestros-servicios\/servicios-de-contabilidad-en-akron-oh\/\">Servicios de contabilidad<\/a><\/h2>\n<p style=\"text-align: left;\">La funci\u00f3n contable comienza con la contabilidad. Manejar tus ingresos y gastos y meterlos en las categor\u00edas correctas para generar informaci\u00f3n que te sirva para tus Impuestos es una necesidad. La documentaci\u00f3n de apoyo producida es igual de importante. Por cierto, adivinar no es una opci\u00f3n legal viable para los <a href=\"https:\/\/apc1040.com\/es\/declaracion-de-impuestos-federales\/\">impuestos federales<\/a> del IRS.<\/p>\n<h2 style=\"text-align: left;\"><a href=\"https:\/\/apc1040.com\/es\/lista-de-nuestros-servicios\/servicios-de-consultoria-fiscal-para-empresas\/\">Servicios de consultor\u00eda<\/a><\/h2>\n<p style=\"text-align: left;\">Hay dos formas de adquirir experiencia empresarial. Puedes aprender por ensayo y error, y eso puede ser costoso. O puedes buscar a ciegas en Internet o pedir consejo a tus amigos. Tenemos la experiencia para ofrecerle opciones que ya hemos aprendido de nuestros clientes que tuvieron experiencias similares. En el caso de los proyectos que podemos remitir a otras fuentes externas, no hay ning\u00fan coste para usted. Si podemos proporcionarle sus necesidades, podemos presupuestar por adelantado. Nuestro objetivo es ayudar a su empresa a adelantarse a la competencia.<\/p>\n<h2 style=\"text-align: left;\"><a href=\"https:\/\/apc1040.com\/es\/oferta-de-preparacion-de-impuestos-sobre-la-renta\/\">Declaraciones de impuestos<\/a><\/h2>\n<p style=\"text-align: left;\">Ya sea que est\u00e9 preparando sus impuestos personales individuales o si tiene rentas o tiene una peque\u00f1a empresa, completar los impuestos usted mismo puede ser una carga seria y ponerlo en riesgo de perder deducciones y cr\u00e9ditos fiscales. Por lo tanto, ofrecemos servicios de preparaci\u00f3n de la declaraci\u00f3n de impuestos en Akron, OH a un costo razonable. Ofrecemos <strong>servicios de impuestos<\/strong> personales federales individuales (1040s), impuestos corporativos (1120s), impuestos de sociedades (1065s) y preparaci\u00f3n de impuestos de LLC. Consulte nuestro blog sobre impuestos para obtener mucha informaci\u00f3n.<\/p>\n<h2 style=\"text-align: left;\"><a href=\"https:\/\/apc1040.com\/es\/archivo-en-casa\/\">Opci\u00f3n de File@Home remoto<\/a><\/h2>\n<p style=\"text-align: left;\">S\u00cd, tenemos la preparaci\u00f3n de la declaraci\u00f3n de impuestos a distancia sin contacto con nuestra opci\u00f3n <a href=\"https:\/\/apc1040.com\/es\/archivo-en-casa\/\">File@Home<\/a>. Utilice nuestro <a href=\"https:\/\/apc1040.com\/es\/portal-seguro\/\">portal seguro<\/a> en l\u00ednea con Verifyle. S\u00f3lo tiene que visitar <a href=\"https:\/\/apc1040.com\/es\/oficina-de-waterloo-rd\/\">nuestro sitio web para<\/a> iniciar el proceso. Env\u00edenos sus documentos fiscales de forma segura a trav\u00e9s de la web. Tambi\u00e9n ofrecemos un servicio de entrega en la acera, o podemos ir a su casa para recogerlo. \u00a1Llame para programar su cita o deje sus impuestos pronto! 330-733-1040<\/p>\n<\/div>\n<\/div><\/div><\/div><\/div><\/div><\/div><\/div><\/section>\n","protected":false},"excerpt":{"rendered":"Lista de nuestros servicios en Akron Income Return Co. Presentaci\u00f3n de impuestos a una tarifa razonable. Por lo tanto, puede confiar en que le ofreceremos resultados profesionales. Preparaci\u00f3n del impuesto sobre la renta $120 \u00bfPOR QU\u00c9 PAGAR M\u00c1S? Completamos sus declaraciones de impuestos federales, estatales, municipales y E-File para usted. Entra&#8230; D\u00e9jese caer&#8230; o concierte...","protected":false},"author":10,"featured_media":6000,"parent":0,"menu_order":0,"comment_status":"closed","ping_status":"closed","template":"","meta":{"_lmt_disableupdate":"no","_lmt_disable":"","_monsterinsights_skip_tracking":false,"_monsterinsights_sitenote_active":false,"_monsterinsights_sitenote_note":"","_monsterinsights_sitenote_category":0,"_uf_show_specific_survey":0,"_uf_disable_surveys":false,"footnotes":""},"class_list":["post-2609","page","type-page","status-publish","has-post-thumbnail","hentry"],"yoast_head":"<!-- This site is optimized with the Yoast SEO Premium plugin v27.3 (Yoast SEO v27.4) - https:\/\/yoast.com\/product\/yoast-seo-premium-wordpress\/ -->\n<title>Lista de nuestros servicios en Akron Income Tax Return Co.<\/title>\n<meta name=\"description\" content=\"Lista de nuestros servicios en Akron Income Tax Return Co. Puede confiar en que ofreceremos resultados profesionales a precios razonables.\" \/>\n<meta name=\"robots\" content=\"index, follow, max-snippet:-1, max-image-preview:large, max-video-preview:-1\" \/>\n<link rel=\"canonical\" href=\"https:\/\/apc1040.com\/es\/lista-de-nuestros-servicios\/\" \/>\n<meta property=\"og:locale\" content=\"es_ES\" \/>\n<meta property=\"og:type\" content=\"article\" \/>\n<meta property=\"og:title\" content=\"Lista de nuestros servicios\" \/>\n<meta property=\"og:description\" content=\"Lista de nuestros servicios en Akron Income Tax Return Co. Puede confiar en que ofreceremos resultados profesionales a precios razonables.\" \/>\n<meta property=\"og:url\" content=\"https:\/\/apc1040.com\/es\/lista-de-nuestros-servicios\/\" \/>\n<meta property=\"og:site_name\" content=\"Akron Income Tax Preparation\" \/>\n<meta property=\"article:publisher\" content=\"https:\/\/www.facebook.com\/APC1040\" \/>\n<meta property=\"article:modified_time\" content=\"2024-08-11T17:15:14+00:00\" \/>\n<meta property=\"og:image\" content=\"https:\/\/apc1040.com\/wp-content\/uploads\/2021\/01\/income_tax_form.jpg\" \/>\n<meta name=\"twitter:card\" content=\"summary_large_image\" \/>\n<meta name=\"twitter:label1\" content=\"Est. reading time\" \/>\n\t<meta name=\"twitter:data1\" content=\"3 minutes\" \/>\n<!-- \/ Yoast SEO Premium plugin. -->","yoast_head_json":{"title":"Lista de nuestros servicios en Akron Income Tax Return Co.","description":"Lista de nuestros servicios en Akron Income Tax Return Co. Puede confiar en que ofreceremos resultados profesionales a precios razonables.","robots":{"index":"index","follow":"follow","max-snippet":"max-snippet:-1","max-image-preview":"max-image-preview:large","max-video-preview":"max-video-preview:-1"},"canonical":"https:\/\/apc1040.com\/es\/lista-de-nuestros-servicios\/","og_locale":"es_ES","og_type":"article","og_title":"Lista de nuestros servicios","og_description":"Lista de nuestros servicios en Akron Income Tax Return Co. Puede confiar en que ofreceremos resultados profesionales a precios razonables.","og_url":"https:\/\/apc1040.com\/es\/lista-de-nuestros-servicios\/","og_site_name":"Akron Income Tax Preparation","article_publisher":"https:\/\/www.facebook.com\/APC1040","article_modified_time":"2024-08-11T17:15:14+00:00","og_image":[{"url":"https:\/\/apc1040.com\/wp-content\/uploads\/2021\/01\/income_tax_form.jpg","type":"","width":"","height":""}],"twitter_card":"summary_large_image","twitter_misc":{"Est. reading time":"3 minutes"},"schema":{"@context":"https:\/\/schema.org","@graph":[{"@type":"WebPage","@id":"https:\/\/apc1040.com\/es\/lista-de-nuestros-servicios\/","url":"https:\/\/apc1040.com\/es\/lista-de-nuestros-servicios\/","name":"Lista de nuestros servicios en Akron Income Tax Return Co.","isPartOf":{"@id":"https:\/\/apc1040.com\/es\/#website"},"primaryImageOfPage":{"@id":"https:\/\/apc1040.com\/es\/lista-de-nuestros-servicios\/#primaryimage"},"image":{"@id":"https:\/\/apc1040.com\/es\/lista-de-nuestros-servicios\/#primaryimage"},"thumbnailUrl":"https:\/\/apc1040.com\/wp-content\/uploads\/2024\/01\/3kwGEO_tax_service.jpg","datePublished":"2020-09-05T18:22:06+00:00","dateModified":"2024-08-11T17:15:14+00:00","description":"Lista de nuestros servicios en Akron Income Tax Return Co. Puede confiar en que ofreceremos resultados profesionales a precios razonables.","breadcrumb":{"@id":"https:\/\/apc1040.com\/es\/lista-de-nuestros-servicios\/#breadcrumb"},"inLanguage":"es","potentialAction":[{"@type":"ReadAction","target":["https:\/\/apc1040.com\/es\/lista-de-nuestros-servicios\/"]}]},{"@type":"ImageObject","inLanguage":"es","@id":"https:\/\/apc1040.com\/es\/lista-de-nuestros-servicios\/#primaryimage","url":"https:\/\/apc1040.com\/wp-content\/uploads\/2024\/01\/3kwGEO_tax_service.jpg","contentUrl":"https:\/\/apc1040.com\/wp-content\/uploads\/2024\/01\/3kwGEO_tax_service.jpg","width":480,"height":270,"caption":"Income Tax Preparation Akron Ohio"},{"@type":"BreadcrumbList","@id":"https:\/\/apc1040.com\/es\/lista-de-nuestros-servicios\/#breadcrumb","itemListElement":[{"@type":"ListItem","position":1,"name":"Home","item":"https:\/\/apc1040.com\/es\/"},{"@type":"ListItem","position":2,"name":"Lista de nuestros servicios"}]},{"@type":"WebSite","@id":"https:\/\/apc1040.com\/es\/#website","url":"https:\/\/apc1040.com\/es\/","name":"Akron Income Tax Preparation","description":"Income Tax Preparation Service","publisher":{"@id":"https:\/\/apc1040.com\/es\/#organization"},"potentialAction":[{"@type":"SearchAction","target":{"@type":"EntryPoint","urlTemplate":"https:\/\/apc1040.com\/es\/?s={search_term_string}"},"query-input":{"@type":"PropertyValueSpecification","valueRequired":true,"valueName":"search_term_string"}}],"inLanguage":"es"},{"@type":"Organization","@id":"https:\/\/apc1040.com\/es\/#organization","name":"Akron Income Tax Co","url":"https:\/\/apc1040.com\/es\/","logo":{"@type":"ImageObject","inLanguage":"es","@id":"https:\/\/apc1040.com\/es\/#\/schema\/logo\/image\/","url":"https:\/\/apc1040.com\/wp-content\/uploads\/2024\/11\/income-tax-service-akron.jpg","contentUrl":"https:\/\/apc1040.com\/wp-content\/uploads\/2024\/11\/income-tax-service-akron.jpg","width":800,"height":745,"caption":"Akron Income Tax Co"},"image":{"@id":"https:\/\/apc1040.com\/es\/#\/schema\/logo\/image\/"},"sameAs":["https:\/\/www.facebook.com\/APC1040"]}]}},"amp_enabled":true,"_links":{"self":[{"href":"https:\/\/apc1040.com\/es\/wp-json\/wp\/v2\/pages\/2609","targetHints":{"allow":["GET"]}}],"collection":[{"href":"https:\/\/apc1040.com\/es\/wp-json\/wp\/v2\/pages"}],"about":[{"href":"https:\/\/apc1040.com\/es\/wp-json\/wp\/v2\/types\/page"}],"author":[{"embeddable":true,"href":"https:\/\/apc1040.com\/es\/wp-json\/wp\/v2\/users\/10"}],"replies":[{"embeddable":true,"href":"https:\/\/apc1040.com\/es\/wp-json\/wp\/v2\/comments?post=2609"}],"version-history":[{"count":0,"href":"https:\/\/apc1040.com\/es\/wp-json\/wp\/v2\/pages\/2609\/revisions"}],"wp:featuredmedia":[{"embeddable":true,"href":"https:\/\/apc1040.com\/es\/wp-json\/wp\/v2\/media\/6000"}],"wp:attachment":[{"href":"https:\/\/apc1040.com\/es\/wp-json\/wp\/v2\/media?parent=2609"}],"curies":[{"name":"wp","href":"https:\/\/api.w.org\/{rel}","templated":true}]}}