{"id":2602,"date":"2020-09-05T14:25:04","date_gmt":"2020-09-05T18:25:04","guid":{"rendered":"https:\/\/apc1040.com\/contactar-con-akron-income-tax-co\/"},"modified":"2024-10-10T17:27:27","modified_gmt":"2024-10-10T21:27:27","slug":"contactar-con-akron-income-tax-co","status":"publish","type":"page","link":"https:\/\/apc1040.com\/es\/contactar-con-akron-income-tax-co\/","title":{"rendered":"Contactar con Akron Income Tax Co"},"content":{"rendered":"<section class=\"l-section wpb_row height_small\"><div class=\"l-section-h i-cf\"><div class=\"g-cols vc_row via_flex valign_top type_default stacking_default\"><div class=\"vc_col-sm-12 wpb_column vc_column_container\"><div class=\"vc_column-inner\"><div class=\"wpb_wrapper\"><div class=\"wpb_text_column us_custom_eb849559\"><div class=\"wpb_wrapper\"><h2 class=\"cred tcenter\"><strong>P\u00f3ngase en contacto con Akron Income Tax Co. para el servicio<\/strong><\/h2>\n<\/div><\/div>[vc_custom_heading text=&#8221;Contacto&#8221; font_container=&#8221;tag:h3|text_align:left&#8221; use_theme_fonts=&#8221;yes&#8221; el_class=&#8221;mb15&#8243;]<div class=\"wpb_text_column\"><div class=\"wpb_wrapper\"><div class='fluentform ff-default fluentform_wrapper_10 ffs_default_wrap'><form data-form_id=\"10\" id=\"fluentform_10\" class=\"frm-fluent-form fluent_form_10 ff-el-form-top ff_form_instance_10_1 ff-form-loading ffs_default\" data-form_instance=\"ff_form_instance_10_1\" method=\"POST\" ><fieldset  style=\"border: none!important;margin: 0!important;padding: 0!important;background-color: transparent!important;box-shadow: none!important;outline: none!important; min-inline-size: 100%;\">\n                    <legend class=\"ff_screen_reader_title\" style=\"display: block; margin: 0!important;padding: 0!important;height: 0!important;text-indent: -999999px;width: 0!important;overflow:hidden;\">Formulario de contacto (#10)<\/legend><input type='hidden' name='__fluent_form_embded_post_id' value='2602' \/><input type=\"hidden\" id=\"_fluentform_10_fluentformnonce\" name=\"_fluentform_10_fluentformnonce\" value=\"052306940c\" \/><input type=\"hidden\" name=\"_wp_http_referer\" value=\"\/es\/wp-json\/wp\/v2\/pages\/2602\" \/><div data-type=\"name-element\" data-name=\"names\" class=\" ff-field_container ff-name-field-wrapper\" ><div class='ff-t-container'><div class='ff-t-cell '><div class='ff-el-group'><div class=\"ff-el-input--label ff-el-is-required asterisk-right\"><label for='ff_10_names_first_name_' id='label_ff_10_names_first_name_' >Nombre<\/label><\/div><div class='ff-el-input--content'><input type=\"text\" name=\"names[first_name]\" id=\"ff_10_names_first_name_\" class=\"ff-el-form-control\" placeholder=\"Su nombre\" aria-invalid=\"false\" aria-required=true><\/div><\/div><\/div><\/div><\/div><div class='ff-el-group'><div class=\"ff-el-input--label ff-el-is-required asterisk-right\"><label for='ff_10_email' id='label_ff_10_email' aria-label=\"Correo electr\u00f3nico\">Correo electr\u00f3nico<\/label><\/div><div class='ff-el-input--content'><input type=\"email\" name=\"email\" id=\"ff_10_email\" class=\"ff-el-form-control\" placeholder=\"Su direcci\u00f3n de correo electr\u00f3nico\" data-name=\"email\"  aria-invalid=\"false\" aria-required=true><\/div><\/div><div class='ff-el-group'><div class=\"ff-el-input--label asterisk-right\"><label for='ff_10_phone' id='label_ff_10_phone' aria-label=\"Tel\u00e9fono\">Tel\u00e9fono<\/label><\/div><div class='ff-el-input--content'><input name=\"phone\" class=\"ff-el-form-control ff-el-phone\" type=\"tel\" placeholder=\"Su tel\u00e9fono\" data-name=\"phone\" id=\"ff_10_phone\" inputmode=\"tel\"  aria-invalid='false' aria-required=false><\/div><\/div><div class='ff-el-group'><div class=\"ff-el-input--label ff-el-is-required asterisk-right\"><label for='ff_10_message' id='label_ff_10_message' aria-label=\"Mensaje\">Mensaje<\/label><\/div><div class='ff-el-input--content'><textarea aria-required=\"true\" aria-labelledby=\"label_ff_10_message\" name=\"message\" id=\"ff_10_message\" class=\"ff-el-form-control\" placeholder=\"Tu mensaje\" rows=\"4\" cols=\"2\" data-name=\"message\" ><\/textarea><\/div><\/div><div class='ff-el-group ' ><div class='ff-el-input--content'><div data-fluent_id='10' name='g-recaptcha-response'><div\n\t\tdata-sitekey='6Le2050rAAAAAFpg8XZWZtmR4xatI2Nrmz-N8obX'\n\t\tid='fluentform-recaptcha-10-1'\n\t\tclass='ff-el-recaptcha g-recaptcha'\n\t\tdata-callback='fluentFormrecaptchaSuccessCallback'><\/div><\/div><\/div><\/div><div class='ff-el-group ff-text-left ff_submit_btn_wrapper'><button type=\"submit\" class=\"ff-btn ff-btn-submit ff-btn-md ff_btn_style\"  aria-label=\"Enviar\">Enviar<\/button><\/div><\/fieldset><\/form><div id='fluentform_10_errors' class='ff-errors-in-stack ff_form_instance_10_1 ff-form-loading_errors ff_form_instance_10_1_errors'><\/div><\/div>            <script type=\"text\/javascript\">\n                window.fluent_form_ff_form_instance_10_1 = {\"id\":\"10\",\"ajaxUrl\":\"https:\\\/\\\/apc1040.com\\\/wp-admin\\\/admin-ajax.php\",\"settings\":{\"layout\":{\"labelPlacement\":\"top\",\"helpMessagePlacement\":\"with_label\",\"errorMessagePlacement\":\"inline\",\"asteriskPlacement\":\"asterisk-right\"},\"id\":\"39\",\"restrictions\":{\"denyEmptySubmission\":{\"enabled\":false}}},\"form_instance\":\"ff_form_instance_10_1\",\"form_id_selector\":\"fluentform_10\",\"rules\":{\"names[first_name]\":{\"required\":{\"value\":true,\"message\":\"This field is required\"}},\"names[middle_name]\":{\"required\":{\"value\":false,\"message\":\"This field is required\"}},\"names[last_name]\":{\"required\":{\"value\":false,\"message\":\"This field is required\"}},\"email\":{\"required\":{\"value\":true,\"message\":\"Este campo es obligatorio\"},\"email\":{\"value\":true,\"message\":\"Este campo debe contener un correo electr\\u00f3nico v\\u00e1lido\"}},\"phone\":{\"required\":{\"value\":false,\"message\":\"This field is required\"},\"valid_phone_number\":{\"value\":false,\"message\":\"Phone number is not valid\"}},\"message\":{\"required\":{\"value\":true,\"message\":\"This field is required\"}},\"recaptcha\":[]},\"debounce_time\":300};\n                            <\/script>\n            \n<\/div><\/div><div class=\"w-image us_custom_1c223836 has_height align_center\"><div class=\"w-image-h\"><img decoding=\"async\" width=\"397\" height=\"336\" src=\"https:\/\/apc1040.com\/wp-content\/uploads\/2020\/09\/income_tax_preparation.jpg\" class=\"attachment-large size-large\" alt=\"income tax preparation\" loading=\"lazy\" srcset=\"https:\/\/apc1040.com\/wp-content\/uploads\/2020\/09\/income_tax_preparation.jpg 397w, https:\/\/apc1040.com\/wp-content\/uploads\/2020\/09\/income_tax_preparation-300x254.jpg 300w\" sizes=\"auto, (max-width: 397px) 100vw, 397px\" \/><\/div><\/div><div class=\"wpb_text_column us_custom_eb849559\"><div class=\"wpb_wrapper\"><h3><a href=\"https:\/\/apc1040.com\/es\/oficina-de-waterloo-rd\/\">C\u00f3mo llegar<\/a><\/h3>\n<p style=\"text-align: left;\">Contacte con Akron Income Tax para el servicio de devoluci\u00f3n de impuestos. Nuestras oficinas de preparaci\u00f3n de impuestos m\u00e1s cercanas est\u00e1n ubicadas en 2215 E <a href=\"https:\/\/www.google.com\/maps\/place\/US-224+%26+E+Waterloo+Rd,+Akron,+OH+44306,+USA\/data=!4m2!3m1!1s0x88312a482bd23fcd:0x2a8116caaba56625?sa=X&amp;ved=2ahUKEwirsMr598j-AhXjN-wKHUt-AJcQ8gF6BAgeEAI\">Waterloo Rd (RT 224)<\/a> en el Gala Commons Plaza.<\/p>\n<h3><a href=\"https:\/\/apc1040.com\/es\/contactar-con-akron-income-tax-co\/cita-para-una-consulta-fiscal-gratuita\/\">\u00a1Obtenga una consulta personal o de negocios GRATIS!<\/a><\/h3>\n<p style=\"text-align: left;\">P\u00f3ngase en contacto con nosotros para sus impuestos personales o de negocios. Ofrecemos una consulta gratuita para la preparaci\u00f3n de impuestos o la contabilidad, para repasar sus preocupaciones. Estaremos encantados de revisar sus declaraciones de impuestos anteriores y proporcionarle respuestas a cualquier pregunta de preparaci\u00f3n de impuestos que tenga de forma gratuita. Tambi\u00e9n podemos revisar su sistema de contabilidad y ayudarle a enderezarlo. Tanto si lleva a\u00f1os en el negocio como si acaba de empezar, hay cambios que se pueden hacer para facilitar que la informaci\u00f3n tenga un formato informable.<\/p>\n<h2 style=\"text-align: left;\">Contacte Akron Income Tax<\/h2>\n<p style=\"text-align: left;\">Si se trata de negocios o alquileres o tal vez alguna otra situaci\u00f3n extra\u00f1a, estaremos encantados de proporcionar un presupuesto por tel\u00e9fono. Ll\u00e1menos o vis\u00edtenos. Contactar nos.<\/p>\n<\/div><\/div><\/div><\/div><\/div><\/div><\/div><\/section><section class=\"l-section wpb_row height_small\"><div class=\"l-section-h i-cf\"><div class=\"g-cols vc_row via_flex valign_top type_default stacking_default\"><div class=\"vc_col-sm-12 wpb_column vc_column_container\"><div class=\"vc_column-inner\"><div class=\"wpb_wrapper\"><\/div><\/div><\/div><\/div><\/div><\/section>\n","protected":false},"excerpt":{"rendered":"P\u00f3ngase en contacto con Akron Income Tax Co. para el servicio [vc_custom_heading text=\"Contacto\" font_container=\"tag:h3|text_align:left\" use_theme_fonts=\"yes\" el_class=\"mb15\"] Formulario de contacto (#10)NombreCorreo electr\u00f3nicoTel\u00e9fonoMensajeEnviar C\u00f3mo llegar Contacte con Akron Income Tax para el servicio de devoluci\u00f3n de impuestos. Nuestras oficinas de preparaci\u00f3n de impuestos m\u00e1s cercanas est\u00e1n ubicadas en 2215 E Waterloo Rd (RT 224) en el Gala...","protected":false},"author":10,"featured_media":2472,"parent":0,"menu_order":0,"comment_status":"closed","ping_status":"closed","template":"","meta":{"_lmt_disableupdate":"no","_lmt_disable":"","_monsterinsights_skip_tracking":false,"_monsterinsights_sitenote_active":false,"_monsterinsights_sitenote_note":"","_monsterinsights_sitenote_category":0,"_uf_show_specific_survey":0,"_uf_disable_surveys":false,"footnotes":""},"class_list":["post-2602","page","type-page","status-publish","has-post-thumbnail","hentry"],"yoast_head":"<!-- This site is optimized with the Yoast SEO Premium plugin v27.3 (Yoast SEO v27.4) - https:\/\/yoast.com\/product\/yoast-seo-premium-wordpress\/ -->\n<title>Contacte Akron Income Tax Servicio para sus impuestos 1040<\/title>\n<meta name=\"description\" content=\"P\u00f3ngase en Contacte Akron Income Tax. para solicitar su consulta gratuita para su Servicio, impuestos personales o de negocios\" \/>\n<meta name=\"robots\" content=\"index, follow, max-snippet:-1, max-image-preview:large, max-video-preview:-1\" \/>\n<link rel=\"canonical\" href=\"https:\/\/apc1040.com\/es\/contactar-con-akron-income-tax-co\/\" \/>\n<meta property=\"og:locale\" content=\"es_ES\" \/>\n<meta property=\"og:type\" content=\"article\" \/>\n<meta property=\"og:title\" content=\"Contactar con Akron Income Tax Co\" \/>\n<meta property=\"og:description\" content=\"P\u00f3ngase en Contacte Akron Income Tax. para solicitar su consulta gratuita para su Servicio, impuestos personales o de negocios\" \/>\n<meta property=\"og:url\" content=\"https:\/\/apc1040.com\/es\/contactar-con-akron-income-tax-co\/\" \/>\n<meta property=\"og:site_name\" content=\"Akron Income Tax Preparation\" \/>\n<meta property=\"article:publisher\" content=\"https:\/\/www.facebook.com\/APC1040\" \/>\n<meta property=\"article:modified_time\" content=\"2024-10-10T21:27:27+00:00\" \/>\n<meta property=\"og:image\" content=\"https:\/\/apc1040.com\/wp-content\/uploads\/2020\/09\/akronIncomeTaxPhoto2017.jpg\" \/>\n\t<meta property=\"og:image:width\" content=\"397\" \/>\n\t<meta property=\"og:image:height\" content=\"336\" \/>\n\t<meta property=\"og:image:type\" content=\"image\/jpeg\" \/>\n<meta name=\"twitter:card\" content=\"summary_large_image\" \/>\n<meta name=\"twitter:label1\" content=\"Est. reading time\" \/>\n\t<meta name=\"twitter:data1\" content=\"2 minutes\" \/>\n<!-- \/ Yoast SEO Premium plugin. -->","yoast_head_json":{"title":"Contacte Akron Income Tax Servicio para sus impuestos 1040","description":"P\u00f3ngase en Contacte Akron Income Tax. para solicitar su consulta gratuita para su Servicio, impuestos personales o de negocios","robots":{"index":"index","follow":"follow","max-snippet":"max-snippet:-1","max-image-preview":"max-image-preview:large","max-video-preview":"max-video-preview:-1"},"canonical":"https:\/\/apc1040.com\/es\/contactar-con-akron-income-tax-co\/","og_locale":"es_ES","og_type":"article","og_title":"Contactar con Akron Income Tax Co","og_description":"P\u00f3ngase en Contacte Akron Income Tax. para solicitar su consulta gratuita para su Servicio, impuestos personales o de negocios","og_url":"https:\/\/apc1040.com\/es\/contactar-con-akron-income-tax-co\/","og_site_name":"Akron Income Tax Preparation","article_publisher":"https:\/\/www.facebook.com\/APC1040","article_modified_time":"2024-10-10T21:27:27+00:00","og_image":[{"width":397,"height":336,"url":"https:\/\/apc1040.com\/wp-content\/uploads\/2020\/09\/akronIncomeTaxPhoto2017.jpg","type":"image\/jpeg"}],"twitter_card":"summary_large_image","twitter_misc":{"Est. reading time":"2 minutes"},"schema":{"@context":"https:\/\/schema.org","@graph":[{"@type":"WebPage","@id":"https:\/\/apc1040.com\/es\/contactar-con-akron-income-tax-co\/","url":"https:\/\/apc1040.com\/es\/contactar-con-akron-income-tax-co\/","name":"Contacte Akron Income Tax Servicio para sus impuestos 1040","isPartOf":{"@id":"https:\/\/apc1040.com\/es\/#website"},"primaryImageOfPage":{"@id":"https:\/\/apc1040.com\/es\/contactar-con-akron-income-tax-co\/#primaryimage"},"image":{"@id":"https:\/\/apc1040.com\/es\/contactar-con-akron-income-tax-co\/#primaryimage"},"thumbnailUrl":"https:\/\/apc1040.com\/wp-content\/uploads\/2020\/09\/akronIncomeTaxPhoto2017.jpg","datePublished":"2020-09-05T18:25:04+00:00","dateModified":"2024-10-10T21:27:27+00:00","description":"P\u00f3ngase en Contacte Akron Income Tax. para solicitar su consulta gratuita para su Servicio, impuestos personales o de negocios","breadcrumb":{"@id":"https:\/\/apc1040.com\/es\/contactar-con-akron-income-tax-co\/#breadcrumb"},"inLanguage":"es","potentialAction":[{"@type":"ReadAction","target":["https:\/\/apc1040.com\/es\/contactar-con-akron-income-tax-co\/"]}]},{"@type":"ImageObject","inLanguage":"es","@id":"https:\/\/apc1040.com\/es\/contactar-con-akron-income-tax-co\/#primaryimage","url":"https:\/\/apc1040.com\/wp-content\/uploads\/2020\/09\/akronIncomeTaxPhoto2017.jpg","contentUrl":"https:\/\/apc1040.com\/wp-content\/uploads\/2020\/09\/akronIncomeTaxPhoto2017.jpg","width":397,"height":336,"caption":"akronIncomeTaxPhoto2017"},{"@type":"BreadcrumbList","@id":"https:\/\/apc1040.com\/es\/contactar-con-akron-income-tax-co\/#breadcrumb","itemListElement":[{"@type":"ListItem","position":1,"name":"Home","item":"https:\/\/apc1040.com\/es\/"},{"@type":"ListItem","position":2,"name":"Contactar con Akron Income Tax Co"}]},{"@type":"WebSite","@id":"https:\/\/apc1040.com\/es\/#website","url":"https:\/\/apc1040.com\/es\/","name":"Akron Income Tax Preparation","description":"Income Tax Preparation Service","publisher":{"@id":"https:\/\/apc1040.com\/es\/#organization"},"potentialAction":[{"@type":"SearchAction","target":{"@type":"EntryPoint","urlTemplate":"https:\/\/apc1040.com\/es\/?s={search_term_string}"},"query-input":{"@type":"PropertyValueSpecification","valueRequired":true,"valueName":"search_term_string"}}],"inLanguage":"es"},{"@type":"Organization","@id":"https:\/\/apc1040.com\/es\/#organization","name":"Akron Income Tax Co","url":"https:\/\/apc1040.com\/es\/","logo":{"@type":"ImageObject","inLanguage":"es","@id":"https:\/\/apc1040.com\/es\/#\/schema\/logo\/image\/","url":"https:\/\/apc1040.com\/wp-content\/uploads\/2024\/11\/income-tax-service-akron.jpg","contentUrl":"https:\/\/apc1040.com\/wp-content\/uploads\/2024\/11\/income-tax-service-akron.jpg","width":800,"height":745,"caption":"Akron Income Tax Co"},"image":{"@id":"https:\/\/apc1040.com\/es\/#\/schema\/logo\/image\/"},"sameAs":["https:\/\/www.facebook.com\/APC1040"]}]}},"amp_enabled":true,"_links":{"self":[{"href":"https:\/\/apc1040.com\/es\/wp-json\/wp\/v2\/pages\/2602","targetHints":{"allow":["GET"]}}],"collection":[{"href":"https:\/\/apc1040.com\/es\/wp-json\/wp\/v2\/pages"}],"about":[{"href":"https:\/\/apc1040.com\/es\/wp-json\/wp\/v2\/types\/page"}],"author":[{"embeddable":true,"href":"https:\/\/apc1040.com\/es\/wp-json\/wp\/v2\/users\/10"}],"replies":[{"embeddable":true,"href":"https:\/\/apc1040.com\/es\/wp-json\/wp\/v2\/comments?post=2602"}],"version-history":[{"count":1,"href":"https:\/\/apc1040.com\/es\/wp-json\/wp\/v2\/pages\/2602\/revisions"}],"predecessor-version":[{"id":8568,"href":"https:\/\/apc1040.com\/es\/wp-json\/wp\/v2\/pages\/2602\/revisions\/8568"}],"wp:featuredmedia":[{"embeddable":true,"href":"https:\/\/apc1040.com\/es\/wp-json\/wp\/v2\/media\/2472"}],"wp:attachment":[{"href":"https:\/\/apc1040.com\/es\/wp-json\/wp\/v2\/media?parent=2602"}],"curies":[{"name":"wp","href":"https:\/\/api.w.org\/{rel}","templated":true}]}}