{"id":2601,"date":"2020-09-05T14:23:23","date_gmt":"2020-09-05T18:23:23","guid":{"rendered":"https:\/\/apc1040.com\/servicios-de-contabilidad-en-akron-oh\/"},"modified":"2024-05-13T08:00:04","modified_gmt":"2024-05-13T12:00:04","slug":"servicios-de-contabilidad-en-akron-oh","status":"publish","type":"page","link":"https:\/\/apc1040.com\/es\/lista-de-nuestros-servicios\/servicios-de-contabilidad-en-akron-oh\/","title":{"rendered":"Servicios de contabilidad en Akron, Oh"},"content":{"rendered":"<p><span style=\"font-size: 16px;\"><section class=\"l-section wpb_row height_small\"><div class=\"l-section-h i-cf\"><div class=\"g-cols vc_row via_flex valign_top type_default stacking_default\"><div class=\"vc_col-sm-12 wpb_column vc_column_container\"><div class=\"vc_column-inner\"><div class=\"wpb_wrapper\"><div class=\"w-image us_custom_31ecfd88 has_height align_center\"><div class=\"w-image-h\"><img decoding=\"async\" width=\"523\" height=\"394\" src=\"https:\/\/apc1040.com\/wp-content\/uploads\/2021\/03\/DomeBook.jpg\" class=\"attachment-full size-full\" alt=\"DomeBook\" loading=\"lazy\" srcset=\"https:\/\/apc1040.com\/wp-content\/uploads\/2021\/03\/DomeBook.jpg 523w, https:\/\/apc1040.com\/wp-content\/uploads\/2021\/03\/DomeBook-300x226.jpg 300w\" sizes=\"auto, (max-width: 523px) 100vw, 523px\" \/><\/div><\/div><div class=\"wpb_text_column\"><div class=\"wpb_wrapper\"><p><\/span><\/p>\n<h2 class=\"tcenter cblue tdunderline f22pt\"><span style=\"font-size: 16px;\"><b>Servicios de contabilidad para su peque\u00f1a empresa<\/b><\/span><\/h2>\n<p><span style=\"font-size: 16px;\"><\/p>\n<\/div><\/div><div class=\"wpb_text_column\"><div class=\"wpb_wrapper\"><p>En un negocio, el servicio de contabilidad es muy importante para estar listo para presentar sus impuestos federales. El trabajo por cuenta propia exige la presentaci\u00f3n de una <a href=\"https:\/\/apc1040.com\/income-tax-returns\/\">declaraci\u00f3n de impuestos<\/a> federales al final del a\u00f1o. El formulario sirve para informar de sus ingresos y gastos. Para presentar sus impuestos, es necesario generar los totales por categor\u00edas y elaborar la documentaci\u00f3n justificativa. Adivinar no es una opci\u00f3n legal viable para la Hacienda Federal.<\/span><\/p>\n<h2><span style=\"font-size: 16px;\">Contabilidad de bricolaje<\/span><\/h2>\n<p><span style=\"font-size: 16px;\">Se trata de una excelente opci\u00f3n para las <a href=\"https:\/\/apc1040.com\/small-business-income-tax\/\">peque\u00f1as empresas<\/a> en sus inicios. Supone la utilizaci\u00f3n de un sencillo servicio de contabilidad interna.<\/span><\/p>\n<p><span style=\"font-size: 16px;\">Un libro de &#8220;Registro Contable de la C\u00fapula&#8221; es la forma m\u00e1s f\u00e1cil de hacer un seguimiento de sus ingresos y gastos para los Impuestos. El libro es muy barato. Puedes encontrarlo en cualquier tienda de material de oficina. Otro m\u00e9todo, en lugar de utilizar un libro de c\u00fapula, es utilizar nuestro informe de negocios para que usted pueda rellenar sus totales y as\u00ed poder archivar. Los registros mensuales ser\u00edan importantes para sus Impuestos Federales incluso cuando se utiliza este libro. Estaremos encantados de completar sus impuestos federales cada a\u00f1o.<\/span><\/p>\n<p><span style=\"font-size: 16px;\"> Utilizando el libro o si utiliza el <a href=\"https:\/\/apc1040.com\/es\/impuestos-facil\/carteles-de-empresa\/formularios-de-impuestos-para-empleados\/\">formulario de negocios<\/a>. Adem\u00e1s, mantenga sus registros mensuales el IRS Federal requiere que est\u00e9n disponibles para su inspecci\u00f3n. Esto garantizar\u00e1 un f\u00e1cil seguimiento.<\/p>\n<\/div><\/div><div class=\"w-image us_custom_68a1b591 has_height align_center\"><div class=\"w-image-h\"><img decoding=\"async\" width=\"329\" height=\"234\" src=\"https:\/\/apc1040.com\/wp-content\/uploads\/2020\/09\/download-1.jpg\" class=\"attachment-full size-full\" alt=\"download 1\" loading=\"lazy\" srcset=\"https:\/\/apc1040.com\/wp-content\/uploads\/2020\/09\/download-1.jpg 329w, https:\/\/apc1040.com\/wp-content\/uploads\/2020\/09\/download-1-300x213.jpg 300w\" sizes=\"auto, (max-width: 329px) 100vw, 329px\" \/><\/div><\/div><div class=\"wpb_text_column\"><div class=\"wpb_wrapper\"><p>En lugar de utilizar un libro de c\u00fapulas, podemos proporcionarle un formulario de informe comercial para que rellene sus totales. Los registros mensuales ser\u00edan importantes incluso cuando se utiliza este libro. Estaremos encantados de <a href=\"https:\/\/apc1040.com\/es\/archivo-en-casa\/\">presentar su declaraci\u00f3n de la renta<\/a> cada a\u00f1o cuando proporcione unos totales aceptables.<\/span><\/p>\n<h2><span style=\"font-size: 16px;\">Opciones de servicios de contabilidad<\/span><\/h2>\n<p><span style=\"font-size: 16px;\">A medida que su negocio crece, la contabilidad se convierte en una gran tarea. En alg\u00fan momento, necesitar\u00e1 nuestro servicio de contabilidad para presentar sus declaraciones. Nuestros <a href=\"https:\/\/apc1040.com\/es\/lista-de-nuestros-servicios\/servicios-de-contabilidad-en-akron-oh-2\/\">servicios de contabilidad<\/a> comienzan trimestralmente para ahorrarle dinero. Luego, a medida que su negocio crezca, puede pasar de la rutina trimestral a la mensual de los archivos. El coste es proporcional a la cantidad de registros que hay que manejar.<\/span><\/p>\n<h2><span style=\"font-size: 16px;\">Resultado final<\/span><\/h2>\n<p><span style=\"font-size: 16px;\">Su archivo de registros debe estar en orden y corresponder a sus extractos bancarios, recibos y cheques cancelados. Sabemos que no son contables. Por lo tanto, si se encuentra con un <a href=\"https:\/\/apc1040.com\/es\/como-evitar-problemas-de-impuestos-del-irs-alquilando-a-su-familia-o-amigos\/\">problema relacionado con los impuestos<\/a>, d\u00e9jenos ayudarle. Estaremos encantados de trabajar con usted para que se instale.<\/span><\/p>\n<h2><span style=\"font-size: 16px;\">Documentaci\u00f3n de apoyo<\/span><\/h2>\n<p><span style=\"font-size: 16px;\">El IRS ha cambiado las normas relativas a los c\u00e1lculos y la presentaci\u00f3n de las <a href=\"https:\/\/apc1040.com\/income-tax-preparation-services-offer\/\">declaraciones de impuestos<\/a> federales. Ahora es responsabilidad del Preparador dar fe de los datos. Esto obliga al <a href=\"https:\/\/apc1040.com\/es\/preparacion-de-impuestos-cerca-de-mi\/\">preparador de impuestos<\/a> a basarse en los datos del Servicio de Contabilidad de la empresa al compilar sus totales. Todas las partidas de las devoluciones deben tener documentaci\u00f3n justificativa. Si utiliza nuestro formulario para empresas, proporcione la documentaci\u00f3n de los documentos originales en diferentes carpetas de archivos.<\/p>\n<\/div><\/div><div class=\"w-image us_custom_6508fd1b has_height align_center\"><div class=\"w-image-h\"><img decoding=\"async\" width=\"276\" height=\"231\" src=\"https:\/\/apc1040.com\/wp-content\/uploads\/2021\/01\/Bookkeeping-File.jpg\" class=\"attachment-full size-full\" alt=\"Bookkeeping File\" loading=\"lazy\" \/><\/div><\/div><div class=\"wpb_text_column\"><div class=\"wpb_wrapper\"><p><\/span><\/p>\n<h3><span style=\"font-size: 16px;\">Justificar las cifras para la Hacienda P\u00fablica<\/span><\/h3>\n<p><span style=\"font-size: 16px;\">Los contribuyentes deben justificar las cifras en el momento de cumplimentar las declaraciones federales para Hacienda. Los contribuyentes deben declarar que las cifras de sus impuestos son verdaderas y correctas y tendr\u00edan que <a href=\"https:\/\/www.irs.gov\/businesses\/small-businesses-self-employed\/what-kind-of-records-should-i-keep\">justificar esas cifras ante el IRS<\/a> si se les solicita. La informaci\u00f3n que los contribuyentes nos env\u00eden debe ser verdadera, completa y precisa.<\/p>\n<\/div><\/div><div class=\"w-image us_custom_31009062 has_height align_center\"><div class=\"w-image-h\"><img decoding=\"async\" width=\"329\" height=\"182\" src=\"https:\/\/apc1040.com\/wp-content\/uploads\/2020\/09\/download-3.jpg\" class=\"attachment-full size-full\" alt=\"download 3\" loading=\"lazy\" srcset=\"https:\/\/apc1040.com\/wp-content\/uploads\/2020\/09\/download-3.jpg 329w, https:\/\/apc1040.com\/wp-content\/uploads\/2020\/09\/download-3-300x166.jpg 300w\" sizes=\"auto, (max-width: 329px) 100vw, 329px\" \/><\/div><\/div><div class=\"wpb_text_column\"><div class=\"wpb_wrapper\"><p>Solicitamos que la empresa tenga totales verdaderos y confiables basados en los documentos de apoyo confiables que los servicios de contabilidad proporcionan para la presentaci\u00f3n de impuestos. Los documentos justificativos deben estar disponibles durante el proceso de preparaci\u00f3n, si son necesarios. Adem\u00e1s, deben estar disponibles en caso de que Hacienda requiera al contribuyente su presentaci\u00f3n.<\/p>\n<\/div><\/div><\/div><\/div><\/div><\/div><\/div><\/section><section class=\"l-section wpb_row height_small\"><div class=\"l-section-h i-cf\"><div class=\"g-cols vc_row via_flex valign_top type_default stacking_default\"><div class=\"vc_col-sm-12 wpb_column vc_column_container\"><div class=\"vc_column-inner\"><div class=\"wpb_wrapper\"><\/div><\/div><\/div><\/div><\/div><\/section><\/span><\/p>\n","protected":false},"excerpt":{"rendered":"Servicios de contabilidad para su peque\u00f1a empresa En un negocio, el servicio de contabilidad es muy importante para estar listo para presentar sus impuestos federales. El trabajo por cuenta propia exige la presentaci\u00f3n de una declaraci\u00f3n de impuestos federales al final del a\u00f1o. El formulario sirve para informar de sus ingresos y gastos. Para presentar...","protected":false},"author":10,"featured_media":5430,"parent":2609,"menu_order":0,"comment_status":"closed","ping_status":"closed","template":"","meta":{"_lmt_disableupdate":"no","_lmt_disable":"","_monsterinsights_skip_tracking":false,"_monsterinsights_sitenote_active":false,"_monsterinsights_sitenote_note":"","_monsterinsights_sitenote_category":0,"_uf_show_specific_survey":0,"_uf_disable_surveys":false,"footnotes":""},"class_list":["post-2601","page","type-page","status-publish","has-post-thumbnail","hentry"],"yoast_head":"<!-- This site is optimized with the Yoast SEO Premium plugin v27.3 (Yoast SEO v27.4) - https:\/\/yoast.com\/product\/yoast-seo-premium-wordpress\/ -->\n<title>Servicio de contabilidad para peque\u00f1as empresas en Akron<\/title>\n<meta name=\"description\" content=\"\u00bfEst\u00e1 buscando un profesional experimentado para hacer el servicio de contabilidad de su empresa? En Akron Ohio\" \/>\n<meta name=\"robots\" content=\"index, follow, max-snippet:-1, max-image-preview:large, max-video-preview:-1\" \/>\n<link rel=\"canonical\" href=\"https:\/\/apc1040.com\/es\/lista-de-nuestros-servicios\/servicios-de-contabilidad-en-akron-oh\/\" \/>\n<meta property=\"og:locale\" content=\"es_ES\" \/>\n<meta property=\"og:type\" content=\"article\" \/>\n<meta property=\"og:title\" content=\"Servicios de contabilidad en Akron, Oh\" \/>\n<meta property=\"og:description\" content=\"\u00bfEst\u00e1 buscando un profesional experimentado para hacer el servicio de contabilidad de su empresa? En Akron Ohio\" \/>\n<meta property=\"og:url\" content=\"https:\/\/apc1040.com\/es\/lista-de-nuestros-servicios\/servicios-de-contabilidad-en-akron-oh\/\" \/>\n<meta property=\"og:site_name\" content=\"Akron Income Tax Preparation\" \/>\n<meta property=\"article:publisher\" content=\"https:\/\/www.facebook.com\/APC1040\" \/>\n<meta property=\"article:modified_time\" content=\"2024-05-13T12:00:04+00:00\" \/>\n<meta property=\"og:image\" content=\"https:\/\/apc1040.com\/wp-content\/uploads\/2023\/12\/25kwGEO_small_business_accountants.jpg\" \/>\n\t<meta property=\"og:image:width\" content=\"480\" \/>\n\t<meta property=\"og:image:height\" content=\"270\" \/>\n\t<meta property=\"og:image:type\" content=\"image\/jpeg\" \/>\n<meta name=\"twitter:card\" content=\"summary_large_image\" \/>\n<meta name=\"twitter:label1\" content=\"Est. reading time\" \/>\n\t<meta name=\"twitter:data1\" content=\"3 minutes\" \/>\n<!-- \/ Yoast SEO Premium plugin. -->","yoast_head_json":{"title":"Servicio de contabilidad para peque\u00f1as empresas en Akron","description":"\u00bfEst\u00e1 buscando un profesional experimentado para hacer el servicio de contabilidad de su empresa? En Akron Ohio","robots":{"index":"index","follow":"follow","max-snippet":"max-snippet:-1","max-image-preview":"max-image-preview:large","max-video-preview":"max-video-preview:-1"},"canonical":"https:\/\/apc1040.com\/es\/lista-de-nuestros-servicios\/servicios-de-contabilidad-en-akron-oh\/","og_locale":"es_ES","og_type":"article","og_title":"Servicios de contabilidad en Akron, Oh","og_description":"\u00bfEst\u00e1 buscando un profesional experimentado para hacer el servicio de contabilidad de su empresa? En Akron Ohio","og_url":"https:\/\/apc1040.com\/es\/lista-de-nuestros-servicios\/servicios-de-contabilidad-en-akron-oh\/","og_site_name":"Akron Income Tax Preparation","article_publisher":"https:\/\/www.facebook.com\/APC1040","article_modified_time":"2024-05-13T12:00:04+00:00","og_image":[{"width":480,"height":270,"url":"https:\/\/apc1040.com\/wp-content\/uploads\/2023\/12\/25kwGEO_small_business_accountants.jpg","type":"image\/jpeg"}],"twitter_card":"summary_large_image","twitter_misc":{"Est. reading time":"3 minutes"},"schema":{"@context":"https:\/\/schema.org","@graph":[{"@type":"WebPage","@id":"https:\/\/apc1040.com\/es\/lista-de-nuestros-servicios\/servicios-de-contabilidad-en-akron-oh\/","url":"https:\/\/apc1040.com\/es\/lista-de-nuestros-servicios\/servicios-de-contabilidad-en-akron-oh\/","name":"Servicio de contabilidad para peque\u00f1as empresas en Akron","isPartOf":{"@id":"https:\/\/apc1040.com\/es\/#website"},"primaryImageOfPage":{"@id":"https:\/\/apc1040.com\/es\/lista-de-nuestros-servicios\/servicios-de-contabilidad-en-akron-oh\/#primaryimage"},"image":{"@id":"https:\/\/apc1040.com\/es\/lista-de-nuestros-servicios\/servicios-de-contabilidad-en-akron-oh\/#primaryimage"},"thumbnailUrl":"https:\/\/apc1040.com\/wp-content\/uploads\/2023\/12\/25kwGEO_small_business_accountants.jpg","datePublished":"2020-09-05T18:23:23+00:00","dateModified":"2024-05-13T12:00:04+00:00","description":"\u00bfEst\u00e1 buscando un profesional experimentado para hacer el servicio de contabilidad de su empresa? En Akron Ohio","breadcrumb":{"@id":"https:\/\/apc1040.com\/es\/lista-de-nuestros-servicios\/servicios-de-contabilidad-en-akron-oh\/#breadcrumb"},"inLanguage":"es","potentialAction":[{"@type":"ReadAction","target":["https:\/\/apc1040.com\/es\/lista-de-nuestros-servicios\/servicios-de-contabilidad-en-akron-oh\/"]}]},{"@type":"ImageObject","inLanguage":"es","@id":"https:\/\/apc1040.com\/es\/lista-de-nuestros-servicios\/servicios-de-contabilidad-en-akron-oh\/#primaryimage","url":"https:\/\/apc1040.com\/wp-content\/uploads\/2023\/12\/25kwGEO_small_business_accountants.jpg","contentUrl":"https:\/\/apc1040.com\/wp-content\/uploads\/2023\/12\/25kwGEO_small_business_accountants.jpg","width":480,"height":270,"caption":"Income Tax Preparation Akron Ohio"},{"@type":"BreadcrumbList","@id":"https:\/\/apc1040.com\/es\/lista-de-nuestros-servicios\/servicios-de-contabilidad-en-akron-oh\/#breadcrumb","itemListElement":[{"@type":"ListItem","position":1,"name":"Home","item":"https:\/\/apc1040.com\/es\/"},{"@type":"ListItem","position":2,"name":"Lista de nuestros servicios","item":"https:\/\/apc1040.com\/es\/lista-de-nuestros-servicios\/"},{"@type":"ListItem","position":3,"name":"Servicios de contabilidad en Akron, Oh"}]},{"@type":"WebSite","@id":"https:\/\/apc1040.com\/es\/#website","url":"https:\/\/apc1040.com\/es\/","name":"Akron Income Tax Preparation","description":"Income Tax Preparation Service","publisher":{"@id":"https:\/\/apc1040.com\/es\/#organization"},"potentialAction":[{"@type":"SearchAction","target":{"@type":"EntryPoint","urlTemplate":"https:\/\/apc1040.com\/es\/?s={search_term_string}"},"query-input":{"@type":"PropertyValueSpecification","valueRequired":true,"valueName":"search_term_string"}}],"inLanguage":"es"},{"@type":"Organization","@id":"https:\/\/apc1040.com\/es\/#organization","name":"Akron Income Tax Co","url":"https:\/\/apc1040.com\/es\/","logo":{"@type":"ImageObject","inLanguage":"es","@id":"https:\/\/apc1040.com\/es\/#\/schema\/logo\/image\/","url":"https:\/\/apc1040.com\/wp-content\/uploads\/2024\/11\/income-tax-service-akron.jpg","contentUrl":"https:\/\/apc1040.com\/wp-content\/uploads\/2024\/11\/income-tax-service-akron.jpg","width":800,"height":745,"caption":"Akron Income Tax Co"},"image":{"@id":"https:\/\/apc1040.com\/es\/#\/schema\/logo\/image\/"},"sameAs":["https:\/\/www.facebook.com\/APC1040"]}]}},"amp_enabled":true,"_links":{"self":[{"href":"https:\/\/apc1040.com\/es\/wp-json\/wp\/v2\/pages\/2601","targetHints":{"allow":["GET"]}}],"collection":[{"href":"https:\/\/apc1040.com\/es\/wp-json\/wp\/v2\/pages"}],"about":[{"href":"https:\/\/apc1040.com\/es\/wp-json\/wp\/v2\/types\/page"}],"author":[{"embeddable":true,"href":"https:\/\/apc1040.com\/es\/wp-json\/wp\/v2\/users\/10"}],"replies":[{"embeddable":true,"href":"https:\/\/apc1040.com\/es\/wp-json\/wp\/v2\/comments?post=2601"}],"version-history":[{"count":0,"href":"https:\/\/apc1040.com\/es\/wp-json\/wp\/v2\/pages\/2601\/revisions"}],"up":[{"embeddable":true,"href":"https:\/\/apc1040.com\/es\/wp-json\/wp\/v2\/pages\/2609"}],"wp:featuredmedia":[{"embeddable":true,"href":"https:\/\/apc1040.com\/es\/wp-json\/wp\/v2\/media\/5430"}],"wp:attachment":[{"href":"https:\/\/apc1040.com\/es\/wp-json\/wp\/v2\/media?parent=2601"}],"curies":[{"name":"wp","href":"https:\/\/api.w.org\/{rel}","templated":true}]}}