{"id":2600,"date":"2020-09-05T14:22:46","date_gmt":"2020-09-05T18:22:46","guid":{"rendered":"https:\/\/apc1040.com\/servicios-de-consultoria-fiscal-para-empresas\/"},"modified":"2024-05-13T08:03:22","modified_gmt":"2024-05-13T12:03:22","slug":"servicios-de-consultoria-fiscal-para-empresas","status":"publish","type":"page","link":"https:\/\/apc1040.com\/es\/lista-de-nuestros-servicios\/servicios-de-consultoria-fiscal-para-empresas\/","title":{"rendered":"Servicios de consultor\u00eda fiscal para empresas"},"content":{"rendered":"<section class=\"l-section wpb_row height_small\"><div class=\"l-section-h i-cf\"><div class=\"g-cols vc_row via_flex valign_top type_default stacking_default\"><div class=\"vc_col-sm-12 wpb_column vc_column_container\"><div class=\"vc_column-inner\"><div class=\"wpb_wrapper\"><div class=\"wpb_text_column\"><div class=\"wpb_wrapper\"><h3 class=\"tcenter cred f18pt\"><em><b>Preciso, fiable y seguro.<\/b><\/em><\/h3>\n<\/div><\/div><div class=\"wpb_text_column\"><div class=\"wpb_wrapper\"><h2 class=\"tcenter cblue tdunderline f22pt\"><b>Asesoramiento fiscal para su peque\u00f1a empresa<\/b><\/h2>\n<\/div><\/div><div class=\"w-image us_custom_4c586e89 has_height align_center\"><div class=\"w-image-h\"><img decoding=\"async\" width=\"1200\" height=\"574\" src=\"https:\/\/apc1040.com\/wp-content\/uploads\/2021\/01\/business-consulting.jpg\" class=\"attachment-full size-full\" alt=\"business consulting\" loading=\"lazy\" srcset=\"https:\/\/apc1040.com\/wp-content\/uploads\/2021\/01\/business-consulting.jpg 1200w, https:\/\/apc1040.com\/wp-content\/uploads\/2021\/01\/business-consulting-300x144.jpg 300w, https:\/\/apc1040.com\/wp-content\/uploads\/2021\/01\/business-consulting-1024x490.jpg 1024w\" sizes=\"auto, (max-width: 1200px) 100vw, 1200px\" \/><\/div><\/div><div class=\"wpb_text_column\"><div class=\"wpb_wrapper\"><p>Los <a href=\"https:\/\/apc1040.com\/es\/declaracion-de-impuestos-federales-sobre-la-renta\/\">servicios de asesor\u00eda fiscal para empresas<\/a> son algo que toda empresa necesita de vez en cuando. Consultor\u00eda fiscal para empresas Y tener informaci\u00f3n s\u00f3lida es el rey. Por lo tanto, \u00a1tenemos la experiencia y los recursos necesarios para que avance! Ninguna empresa puede Consultor\u00eda fiscal para empresas <em><br \/>\n<strong>&#8220;Hacerlo todo&#8221;<\/strong><br \/>\n<\/em>&#8220;.<\/p>\n<p>Hoy en d\u00eda, en primer lugar, la mayor\u00eda de las peque\u00f1as <a href=\"https:\/\/apc1040.com\/es\/contador-de-pequenas-empresas-cerca-de-mi\/\">empresas<\/a> dependen de varios Consultor\u00eda fiscal para empresas servicios profesionales subcontratados, como nuestra Consultor\u00eda Fiscal Empresarial, de vez en cuando para tener \u00e9xito. \u00bfCu\u00e1ntas veces te has preguntado &#8220;a qui\u00e9n debo llamar para arreglar eso&#8221; o &#8220;me pregunto cu\u00e1l es la mejor manera de hacer esto&#8221;? En segundo lugar, todos tenemos&#8230; incluidos nosotros, podemos <a href=\"https:\/\/apc1040.com\/es\/lista-de-nuestros-servicios\/servicios-de-preparacion-de-la-declaracion-de-la-renta\/\">presentar sus impuestos<\/a> y ayudarle con otras necesidades tambi\u00e9n. . Pero despu\u00e9s de m\u00e1s de 38 a\u00f1os de rastrear las respuestas, podemos decir&#8230; que es m\u00e1s f\u00e1cil aprender de alguien que ha tenido esa experiencia que aprenderlo por ti mismo&#8230; \u00a1y adem\u00e1s es mucho m\u00e1s barato $$$!<\/p>\n<\/div><\/div><div class=\"wpb_text_column\"><div class=\"wpb_wrapper\"><p>Hay dos formas de adquirir experiencia en la consultor\u00eda fiscal de empresas. Puedes buscar a ciegas en Internet o pedir referencias a tus amigos. Preg\u00fantenos&#8230;, as\u00ed podremos ofrecerle las opciones que hemos tenido o con las que <a href=\"https:\/\/apc1040.com\/es\/testimonios-akron-income-tax-co\/\">nuestros clientes han tenido experiencia<\/a>. Para los proyectos que podemos remitir a otras fuentes externas no hay ning\u00fan coste para usted. Si podemos proporcionarle sus necesidades, podemos presupuestar por adelantado. Nuestro objetivo es ayudar a su empresa a adelantarse a la competencia.<\/p>\n<\/div><\/div><\/div><\/div><\/div><\/div><\/div><\/section>\n","protected":false},"excerpt":{"rendered":"Preciso, fiable y seguro. Asesoramiento fiscal para su peque\u00f1a empresa Los servicios de asesor\u00eda fiscal para empresas son algo que toda empresa necesita de vez en cuando. Consultor\u00eda fiscal para empresas Y tener informaci\u00f3n s\u00f3lida es el rey. Por lo tanto, \u00a1tenemos la experiencia y los recursos necesarios para que avance! Ninguna empresa puede Consultor\u00eda...","protected":false},"author":10,"featured_media":2515,"parent":2609,"menu_order":0,"comment_status":"closed","ping_status":"closed","template":"","meta":{"_lmt_disableupdate":"no","_lmt_disable":"","_monsterinsights_skip_tracking":false,"_monsterinsights_sitenote_active":false,"_monsterinsights_sitenote_note":"","_monsterinsights_sitenote_category":0,"_uf_show_specific_survey":0,"_uf_disable_surveys":false,"footnotes":""},"class_list":["post-2600","page","type-page","status-publish","has-post-thumbnail","hentry"],"yoast_head":"<!-- This site is optimized with the Yoast SEO Premium plugin v27.3 (Yoast SEO v27.4) - https:\/\/yoast.com\/product\/yoast-seo-premium-wordpress\/ -->\n<title>M\u00e1ster en consultor\u00eda fiscal empresarial para el ahorro.<\/title>\n<meta name=\"description\" content=\"Servicios de consultor\u00eda fiscal para empresas. Disponer de informaci\u00f3n s\u00f3lida es lo m\u00e1s importante. Tenemos la experiencia.\" \/>\n<meta name=\"robots\" content=\"index, follow, max-snippet:-1, max-image-preview:large, max-video-preview:-1\" \/>\n<link rel=\"canonical\" href=\"https:\/\/apc1040.com\/es\/lista-de-nuestros-servicios\/servicios-de-consultoria-fiscal-para-empresas\/\" \/>\n<meta property=\"og:locale\" content=\"es_ES\" \/>\n<meta property=\"og:type\" content=\"article\" \/>\n<meta property=\"og:title\" content=\"Servicios de consultor\u00eda fiscal para empresas\" \/>\n<meta property=\"og:description\" content=\"Servicios de consultor\u00eda fiscal para empresas. Disponer de informaci\u00f3n s\u00f3lida es lo m\u00e1s importante. Tenemos la experiencia.\" \/>\n<meta property=\"og:url\" content=\"https:\/\/apc1040.com\/es\/lista-de-nuestros-servicios\/servicios-de-consultoria-fiscal-para-empresas\/\" \/>\n<meta property=\"og:site_name\" content=\"Akron Income Tax Preparation\" \/>\n<meta property=\"article:publisher\" content=\"https:\/\/www.facebook.com\/APC1040\" \/>\n<meta property=\"article:modified_time\" content=\"2024-05-13T12:03:22+00:00\" \/>\n<meta property=\"og:image\" content=\"https:\/\/apc1040.com\/wp-content\/uploads\/2021\/03\/bAd-5-min.jpg\" \/>\n\t<meta property=\"og:image:width\" content=\"1080\" \/>\n\t<meta property=\"og:image:height\" content=\"1080\" \/>\n\t<meta property=\"og:image:type\" content=\"image\/jpeg\" \/>\n<meta name=\"twitter:card\" content=\"summary_large_image\" \/>\n<meta name=\"twitter:label1\" content=\"Est. reading time\" \/>\n\t<meta name=\"twitter:data1\" content=\"2 minutes\" \/>\n<!-- \/ Yoast SEO Premium plugin. -->","yoast_head_json":{"title":"M\u00e1ster en consultor\u00eda fiscal empresarial para el ahorro.","description":"Servicios de consultor\u00eda fiscal para empresas. Disponer de informaci\u00f3n s\u00f3lida es lo m\u00e1s importante. Tenemos la experiencia.","robots":{"index":"index","follow":"follow","max-snippet":"max-snippet:-1","max-image-preview":"max-image-preview:large","max-video-preview":"max-video-preview:-1"},"canonical":"https:\/\/apc1040.com\/es\/lista-de-nuestros-servicios\/servicios-de-consultoria-fiscal-para-empresas\/","og_locale":"es_ES","og_type":"article","og_title":"Servicios de consultor\u00eda fiscal para empresas","og_description":"Servicios de consultor\u00eda fiscal para empresas. Disponer de informaci\u00f3n s\u00f3lida es lo m\u00e1s importante. Tenemos la experiencia.","og_url":"https:\/\/apc1040.com\/es\/lista-de-nuestros-servicios\/servicios-de-consultoria-fiscal-para-empresas\/","og_site_name":"Akron Income Tax Preparation","article_publisher":"https:\/\/www.facebook.com\/APC1040","article_modified_time":"2024-05-13T12:03:22+00:00","og_image":[{"width":1080,"height":1080,"url":"https:\/\/apc1040.com\/wp-content\/uploads\/2021\/03\/bAd-5-min.jpg","type":"image\/jpeg"}],"twitter_card":"summary_large_image","twitter_misc":{"Est. reading time":"2 minutes"},"schema":{"@context":"https:\/\/schema.org","@graph":[{"@type":"WebPage","@id":"https:\/\/apc1040.com\/es\/lista-de-nuestros-servicios\/servicios-de-consultoria-fiscal-para-empresas\/","url":"https:\/\/apc1040.com\/es\/lista-de-nuestros-servicios\/servicios-de-consultoria-fiscal-para-empresas\/","name":"M\u00e1ster en consultor\u00eda fiscal empresarial para el ahorro.","isPartOf":{"@id":"https:\/\/apc1040.com\/es\/#website"},"primaryImageOfPage":{"@id":"https:\/\/apc1040.com\/es\/lista-de-nuestros-servicios\/servicios-de-consultoria-fiscal-para-empresas\/#primaryimage"},"image":{"@id":"https:\/\/apc1040.com\/es\/lista-de-nuestros-servicios\/servicios-de-consultoria-fiscal-para-empresas\/#primaryimage"},"thumbnailUrl":"https:\/\/apc1040.com\/wp-content\/uploads\/2021\/03\/bAd-5-min.jpg","datePublished":"2020-09-05T18:22:46+00:00","dateModified":"2024-05-13T12:03:22+00:00","description":"Servicios de consultor\u00eda fiscal para empresas. Disponer de informaci\u00f3n s\u00f3lida es lo m\u00e1s importante. Tenemos la experiencia.","breadcrumb":{"@id":"https:\/\/apc1040.com\/es\/lista-de-nuestros-servicios\/servicios-de-consultoria-fiscal-para-empresas\/#breadcrumb"},"inLanguage":"es","potentialAction":[{"@type":"ReadAction","target":["https:\/\/apc1040.com\/es\/lista-de-nuestros-servicios\/servicios-de-consultoria-fiscal-para-empresas\/"]}]},{"@type":"ImageObject","inLanguage":"es","@id":"https:\/\/apc1040.com\/es\/lista-de-nuestros-servicios\/servicios-de-consultoria-fiscal-para-empresas\/#primaryimage","url":"https:\/\/apc1040.com\/wp-content\/uploads\/2021\/03\/bAd-5-min.jpg","contentUrl":"https:\/\/apc1040.com\/wp-content\/uploads\/2021\/03\/bAd-5-min.jpg","width":1080,"height":1080,"caption":"bAd 5 min"},{"@type":"BreadcrumbList","@id":"https:\/\/apc1040.com\/es\/lista-de-nuestros-servicios\/servicios-de-consultoria-fiscal-para-empresas\/#breadcrumb","itemListElement":[{"@type":"ListItem","position":1,"name":"Home","item":"https:\/\/apc1040.com\/es\/"},{"@type":"ListItem","position":2,"name":"Lista de nuestros servicios","item":"https:\/\/apc1040.com\/es\/lista-de-nuestros-servicios\/"},{"@type":"ListItem","position":3,"name":"Servicios de consultor\u00eda fiscal para empresas"}]},{"@type":"WebSite","@id":"https:\/\/apc1040.com\/es\/#website","url":"https:\/\/apc1040.com\/es\/","name":"Akron Income Tax Preparation","description":"Income Tax Preparation Service","publisher":{"@id":"https:\/\/apc1040.com\/es\/#organization"},"potentialAction":[{"@type":"SearchAction","target":{"@type":"EntryPoint","urlTemplate":"https:\/\/apc1040.com\/es\/?s={search_term_string}"},"query-input":{"@type":"PropertyValueSpecification","valueRequired":true,"valueName":"search_term_string"}}],"inLanguage":"es"},{"@type":"Organization","@id":"https:\/\/apc1040.com\/es\/#organization","name":"Akron Income Tax Co","url":"https:\/\/apc1040.com\/es\/","logo":{"@type":"ImageObject","inLanguage":"es","@id":"https:\/\/apc1040.com\/es\/#\/schema\/logo\/image\/","url":"https:\/\/apc1040.com\/wp-content\/uploads\/2024\/11\/income-tax-service-akron.jpg","contentUrl":"https:\/\/apc1040.com\/wp-content\/uploads\/2024\/11\/income-tax-service-akron.jpg","width":800,"height":745,"caption":"Akron Income Tax Co"},"image":{"@id":"https:\/\/apc1040.com\/es\/#\/schema\/logo\/image\/"},"sameAs":["https:\/\/www.facebook.com\/APC1040"]}]}},"amp_enabled":true,"_links":{"self":[{"href":"https:\/\/apc1040.com\/es\/wp-json\/wp\/v2\/pages\/2600","targetHints":{"allow":["GET"]}}],"collection":[{"href":"https:\/\/apc1040.com\/es\/wp-json\/wp\/v2\/pages"}],"about":[{"href":"https:\/\/apc1040.com\/es\/wp-json\/wp\/v2\/types\/page"}],"author":[{"embeddable":true,"href":"https:\/\/apc1040.com\/es\/wp-json\/wp\/v2\/users\/10"}],"replies":[{"embeddable":true,"href":"https:\/\/apc1040.com\/es\/wp-json\/wp\/v2\/comments?post=2600"}],"version-history":[{"count":0,"href":"https:\/\/apc1040.com\/es\/wp-json\/wp\/v2\/pages\/2600\/revisions"}],"up":[{"embeddable":true,"href":"https:\/\/apc1040.com\/es\/wp-json\/wp\/v2\/pages\/2609"}],"wp:featuredmedia":[{"embeddable":true,"href":"https:\/\/apc1040.com\/es\/wp-json\/wp\/v2\/media\/2515"}],"wp:attachment":[{"href":"https:\/\/apc1040.com\/es\/wp-json\/wp\/v2\/media?parent=2600"}],"curies":[{"name":"wp","href":"https:\/\/api.w.org\/{rel}","templated":true}]}}