{"id":2599,"date":"2020-09-05T14:24:44","date_gmt":"2020-09-05T18:24:44","guid":{"rendered":"https:\/\/apc1040.com\/encontrar-facilmente-varias-paginas-web\/"},"modified":"2024-08-11T13:17:03","modified_gmt":"2024-08-11T17:17:03","slug":"impuestos-facil","status":"publish","type":"page","link":"https:\/\/apc1040.com\/es\/impuestos-facil\/","title":{"rendered":"Encontrar f\u00e1cilmente varias p\u00e1ginas web"},"content":{"rendered":"<section class=\"l-section wpb_row height_small\"><div class=\"l-section-h i-cf\"><div class=\"g-cols vc_row via_flex valign_top type_default stacking_default\"><div class=\"vc_col-sm-12 wpb_column vc_column_container\"><div class=\"vc_column-inner\"><div class=\"wpb_wrapper\"><div class=\"w-image us_custom_8c2bfe4d has_height align_center\"><div class=\"w-image-h\"><img decoding=\"async\" width=\"640\" height=\"426\" src=\"https:\/\/apc1040.com\/wp-content\/uploads\/2021\/12\/income-tax-gb4271ae05_640.jpg\" class=\"attachment-large size-large\" alt=\"Impuestos F\u00e1cil Encontrar\" loading=\"lazy\" srcset=\"https:\/\/apc1040.com\/wp-content\/uploads\/2021\/12\/income-tax-gb4271ae05_640.jpg 640w, https:\/\/apc1040.com\/wp-content\/uploads\/2021\/12\/income-tax-gb4271ae05_640-300x200.jpg 300w\" sizes=\"auto, (max-width: 640px) 100vw, 640px\" \/><\/div><\/div><div class=\"wpb_text_column us_custom_eb849559\"><div class=\"wpb_wrapper\"><h2 style=\"text-align: left;\"><strong>Encuentre varias p\u00e1ginas web: Enlaces r\u00e1pidos<\/strong><\/h2>\n<p style=\"text-align: left;\">Cuando se trata de administrar sus impuestos de manera efectiva, es crucial acceder a varias p\u00e1ginas web que ofrecen informaci\u00f3n y recursos completos. Akron Income Tax Co. es una fuente confiable que brinda servicios profesionales para varias declaraciones de impuestos, incluidos los impuestos 1040, 1065 o 1120. Nuestro sitio web integral est\u00e1 dise\u00f1ado para brindarle un f\u00e1cil acceso a m\u00faltiples recursos relacionados con impuestos y servicios financieros. Aqu\u00ed hay un desglose de lo que puede encontrar en varias p\u00e1ginas web:<\/p>\n<h2 style=\"text-align: left;\"><a href=\"https:\/\/apc1040.com\/taxes-easy-find\/general-information-tax-links\/\"><strong>Informaci\u00f3n sobre reembolsos y presentaciones electr\u00f3nicas <\/strong><\/a><\/h2>\n<p style=\"text-align: left;\">Encuentre varias p\u00e1ginas web para impuestos: Akron Income Tax Co. Puede confiar en nosotros para obtener resultados. <a href=\"https:\/\/apc1040.com\/es\/profesional-de-los-impuestos-cerca-de-mi\/\">Profesionales para sus impuestos<\/a> a tarifas razonables. Todo tipo de devoluciones: 1040, 1065, 1120 impuestos. Navegar por los reembolsos de impuestos y comprender el proceso. De presentaci\u00f3n electr\u00f3nica puede ser complicado. Akron Income Tax Co. simplifica esto al proporcionar amplia informaci\u00f3n. Sobre los <a href=\"https:\/\/apc1040.com\/es\/obtenga-el-reembolso-de-impuestos-mas-grande-legalmente\/\">reembolsos de impuestos<\/a>, sus plazos y los pasos para presentarlos electr\u00f3nicamente. Su interfaz f\u00e1cil de usar ayuda a la presentaci\u00f3n electr\u00f3nica sin complicaciones, lo que garantiza una experiencia fiscal m\u00e1s fluida para los clientes.<\/p>\n<h2 style=\"text-align: left;\"><a href=\"https:\/\/apc1040.com\/taxes-easy-find\/required-business-posters\/\"><strong>Carteles y formularios de impuestos para empleados <\/strong><\/a><\/h2>\n<p style=\"text-align: left;\"><a href=\"https:\/\/apc1040.com\/contact-akron-income-tax\/\">Akron Income Tax<\/a> Co. ofrece varios recursos, incluidos carteles informativos y formularios detallados de impuestos para empleados. Estos recursos brindan una asistencia invaluable a las personas y empresas, ayud\u00e1ndolos a comprender las obligaciones fiscales, las deducciones y los requisitos de cumplimiento.<\/p>\n<h2 style=\"text-align: left;\"><a href=\"https:\/\/apc1040.com\/akron-income-tax-co-blog\/\"><strong>Blog de Impuestos<\/strong><\/a><strong>: Mant\u00e9ngase informado y actualizado<\/strong><\/h2>\n<p style=\"text-align: left;\">Nuestro blog de impuestos es un tesoro de ideas. Consejos y actualizaciones sobre las \u00faltimas regulaciones y cambios fiscales. Sum\u00e9rgete en una variedad de art\u00edculos escritos. Por nuestros <a href=\"https:\/\/apc1040.com\/es\/servicios-de-impuestos-sobre-la-renta-ellet\/\">expertos en impuestos<\/a>, que te guiar\u00e1n a trav\u00e9s de las complejidades de la preparaci\u00f3n de impuestos, las deducciones, los cr\u00e9ditos y m\u00e1s.<\/p>\n<h2 style=\"text-align: left;\"><a href=\"https:\/\/apc1040.com\/taxes-easy-find\/incorporating-your-business\/\"><strong>Incorporaci\u00f3n de su negocio<\/strong><\/a><strong>: Un movimiento estrat\u00e9gico<\/strong><\/h2>\n<p style=\"text-align: left;\">\u00bfEst\u00e1 considerando incorporar su negocio? Explore nuestra p\u00e1gina dedicada al proceso y las ventajas. De la constituci\u00f3n de empresas. Obtenga informaci\u00f3n sobre los pasos. Las legalidades y los beneficios de llevar su negocio al siguiente nivel.<\/p>\n<h2 style=\"text-align: left;\"><a href=\"https:\/\/apc1040.com\/taxes-easy-find\/other-important-information\/\"><strong>Otra informaci\u00f3n importante<\/strong><\/a><strong>: M\u00e1s all\u00e1 de lo b\u00e1sico<\/strong><\/h2>\n<p style=\"text-align: left;\">Descubra una gran cantidad de informaci\u00f3n adicional crucial en nuestro sitio web. Que cubre un espectro de temas relevantes para los impuestos y la planificaci\u00f3n financiera. Desde estrategias de ahorro de<a href=\"https:\/\/apc1040.com\/es\/impuestos-de-jubilacion\/\"> impuestos hasta informaci\u00f3n sobre la planificaci\u00f3n de la jubilaci\u00f3n.<\/a> Nuestro objetivo es equiparlo con un conocimiento integral.<\/p>\n<h2 style=\"text-align: left;\"><a href=\"https:\/\/apc1040.com\/taxes-easy-find\/site-map\/\"><strong>Mapa del sitio<\/strong><\/a><strong>: Navegue sin problemas<\/strong><\/h2>\n<p style=\"text-align: left;\">El mapa del sitio de nuestro sitio web. Proporciona una vista panor\u00e1mica de nuestras p\u00e1ginas web, lo que facilita la navegaci\u00f3n. Localiza f\u00e1cilmente la informaci\u00f3n que buscas. Con nuestro dise\u00f1o organizado, lo que garantiza una experiencia de navegaci\u00f3n sin complicaciones.<\/p>\n<h2 style=\"text-align: left;\"><a href=\"https:\/\/apc1040.com\/taxes-easy-find\/privacy-policy\/\"><strong>Pol\u00edtica de privacidad<\/strong><\/a><strong>: Su confidencialidad es importante<\/strong><\/h2>\n<p style=\"text-align: left;\">Garantizar la confidencialidad del cliente y la. Seguridad de los datos es primordial para Akron Income Tax Co. La pol\u00edtica de privacidad detallada describe su compromiso de. Salvaguardar la informaci\u00f3n del cliente, fomentando la confianza y la confiabilidad entre su base de usuarios.<\/p>\n<h2 style=\"text-align: left;\"><a href=\"https:\/\/apc1040.com\/irs-phone-numbers-to-talk-to-a-real-person\/\"><strong>N\u00fameros de tel\u00e9fono del IRS<\/strong><\/a><strong>: Conexiones directas<\/strong><\/h2>\n<p style=\"text-align: left;\">Acceda a una lista de n\u00fameros de tel\u00e9fono del. IRS en nuestro sitio web para comunicarse directamente con el IRS. Obtenga los datos de contacto necesarios para atender. Sus consultas o inquietudes relacionadas con los impuestos con prontitud.<\/p>\n<h2 style=\"text-align: left;\"><strong>Potenciando su viaje fiscal<\/strong><\/h2>\n<p style=\"text-align: left;\"><strong>\u00a0<\/strong>Akron Income Tax Co. cree en empoderar a los clientes al proporcionar recursos. Integrales y orientaci\u00f3n en varias facetas de la tributaci\u00f3n. Ya sea que se trate de presentar declaraciones. Acceder a formularios, mantenerse actualizado con los cambios fiscales o buscar asesoramiento experto, nuestras p\u00e1ginas. Web sirven como una soluci\u00f3n integral.<\/p>\n<p style=\"text-align: left;\">Aproveche la facilidad de navegar a trav\u00e9s. De varias p\u00e1ginas relacionadas con los impuestos en Akron Income Tax Co. Conf\u00ede en su experiencia para agilizar su proceso de impuestos mientras maximiza los rendimientos. Explore sus diversas ofertas hoy mismo para disfrutar de una experiencia fiscal sin estr\u00e9s.<\/p>\n<\/div><\/div><\/div><\/div><\/div><\/div><\/div><\/section>\n","protected":false},"excerpt":{"rendered":"Encuentre varias p\u00e1ginas web: Enlaces r\u00e1pidos Cuando se trata de administrar sus impuestos de manera efectiva, es crucial acceder a varias p\u00e1ginas web que ofrecen informaci\u00f3n y recursos completos. Akron Income Tax Co. es una fuente confiable que brinda servicios profesionales para varias declaraciones de impuestos, incluidos los impuestos 1040, 1065 o 1120. Nuestro sitio...","protected":false},"author":10,"featured_media":2535,"parent":0,"menu_order":0,"comment_status":"closed","ping_status":"closed","template":"","meta":{"_lmt_disableupdate":"no","_lmt_disable":"","_monsterinsights_skip_tracking":false,"_monsterinsights_sitenote_active":false,"_monsterinsights_sitenote_note":"","_monsterinsights_sitenote_category":0,"_uf_show_specific_survey":0,"_uf_disable_surveys":false,"footnotes":""},"class_list":["post-2599","page","type-page","status-publish","has-post-thumbnail","hentry"],"yoast_head":"<!-- This site is optimized with the Yoast SEO Premium plugin v27.3 (Yoast SEO v27.4) - https:\/\/yoast.com\/product\/yoast-seo-premium-wordpress\/ -->\n<title>Impuestos F\u00e1cil Encontrar Varias P\u00e1ginas Web para<\/title>\n<meta name=\"description\" content=\"Impuestos f\u00e1cil encontrar varias p\u00e1ginas web para Puede confiar en que ofreceremos resultados profesionales a precios razonables.\" \/>\n<meta name=\"robots\" content=\"index, follow, max-snippet:-1, max-image-preview:large, max-video-preview:-1\" \/>\n<link rel=\"canonical\" href=\"https:\/\/apc1040.com\/es\/impuestos-facil\/\" \/>\n<meta property=\"og:locale\" content=\"es_ES\" \/>\n<meta property=\"og:type\" content=\"article\" \/>\n<meta property=\"og:title\" content=\"Encontrar f\u00e1cilmente varias p\u00e1ginas web\" \/>\n<meta property=\"og:description\" content=\"Impuestos f\u00e1cil encontrar varias p\u00e1ginas web para Puede confiar en que ofreceremos resultados profesionales a precios razonables.\" \/>\n<meta property=\"og:url\" content=\"https:\/\/apc1040.com\/es\/impuestos-facil\/\" \/>\n<meta property=\"og:site_name\" content=\"Akron Income Tax Preparation\" \/>\n<meta property=\"article:publisher\" content=\"https:\/\/www.facebook.com\/APC1040\" \/>\n<meta property=\"article:modified_time\" content=\"2024-08-11T17:17:03+00:00\" \/>\n<meta property=\"og:image\" content=\"https:\/\/apc1040.com\/wp-content\/uploads\/2021\/12\/income-tax-gb4271ae05_640.jpg\" \/>\n\t<meta property=\"og:image:width\" content=\"640\" \/>\n\t<meta property=\"og:image:height\" content=\"426\" \/>\n\t<meta property=\"og:image:type\" content=\"image\/jpeg\" \/>\n<meta name=\"twitter:card\" content=\"summary_large_image\" \/>\n<meta name=\"twitter:label1\" content=\"Est. reading time\" \/>\n\t<meta name=\"twitter:data1\" content=\"4 minutes\" \/>\n<!-- \/ Yoast SEO Premium plugin. -->","yoast_head_json":{"title":"Impuestos F\u00e1cil Encontrar Varias P\u00e1ginas Web para","description":"Impuestos f\u00e1cil encontrar varias p\u00e1ginas web para Puede confiar en que ofreceremos resultados profesionales a precios razonables.","robots":{"index":"index","follow":"follow","max-snippet":"max-snippet:-1","max-image-preview":"max-image-preview:large","max-video-preview":"max-video-preview:-1"},"canonical":"https:\/\/apc1040.com\/es\/impuestos-facil\/","og_locale":"es_ES","og_type":"article","og_title":"Encontrar f\u00e1cilmente varias p\u00e1ginas web","og_description":"Impuestos f\u00e1cil encontrar varias p\u00e1ginas web para Puede confiar en que ofreceremos resultados profesionales a precios razonables.","og_url":"https:\/\/apc1040.com\/es\/impuestos-facil\/","og_site_name":"Akron Income Tax Preparation","article_publisher":"https:\/\/www.facebook.com\/APC1040","article_modified_time":"2024-08-11T17:17:03+00:00","og_image":[{"width":640,"height":426,"url":"https:\/\/apc1040.com\/wp-content\/uploads\/2021\/12\/income-tax-gb4271ae05_640.jpg","type":"image\/jpeg"}],"twitter_card":"summary_large_image","twitter_misc":{"Est. reading time":"4 minutes"},"schema":{"@context":"https:\/\/schema.org","@graph":[{"@type":"WebPage","@id":"https:\/\/apc1040.com\/es\/impuestos-facil\/","url":"https:\/\/apc1040.com\/es\/impuestos-facil\/","name":"Impuestos F\u00e1cil Encontrar Varias P\u00e1ginas Web para","isPartOf":{"@id":"https:\/\/apc1040.com\/es\/#website"},"primaryImageOfPage":{"@id":"https:\/\/apc1040.com\/es\/impuestos-facil\/#primaryimage"},"image":{"@id":"https:\/\/apc1040.com\/es\/impuestos-facil\/#primaryimage"},"thumbnailUrl":"https:\/\/apc1040.com\/wp-content\/uploads\/2021\/12\/income-tax-gb4271ae05_640.jpg","datePublished":"2020-09-05T18:24:44+00:00","dateModified":"2024-08-11T17:17:03+00:00","description":"Impuestos f\u00e1cil encontrar varias p\u00e1ginas web para Puede confiar en que ofreceremos resultados profesionales a precios razonables.","breadcrumb":{"@id":"https:\/\/apc1040.com\/es\/impuestos-facil\/#breadcrumb"},"inLanguage":"es","potentialAction":[{"@type":"ReadAction","target":["https:\/\/apc1040.com\/es\/impuestos-facil\/"]}]},{"@type":"ImageObject","inLanguage":"es","@id":"https:\/\/apc1040.com\/es\/impuestos-facil\/#primaryimage","url":"https:\/\/apc1040.com\/wp-content\/uploads\/2021\/12\/income-tax-gb4271ae05_640.jpg","contentUrl":"https:\/\/apc1040.com\/wp-content\/uploads\/2021\/12\/income-tax-gb4271ae05_640.jpg","width":640,"height":426,"caption":"income tax gb4271ae05 640"},{"@type":"BreadcrumbList","@id":"https:\/\/apc1040.com\/es\/impuestos-facil\/#breadcrumb","itemListElement":[{"@type":"ListItem","position":1,"name":"Home","item":"https:\/\/apc1040.com\/es\/"},{"@type":"ListItem","position":2,"name":"Encontrar f\u00e1cilmente varias p\u00e1ginas web"}]},{"@type":"WebSite","@id":"https:\/\/apc1040.com\/es\/#website","url":"https:\/\/apc1040.com\/es\/","name":"Akron Income Tax Preparation","description":"Income Tax Preparation Service","publisher":{"@id":"https:\/\/apc1040.com\/es\/#organization"},"potentialAction":[{"@type":"SearchAction","target":{"@type":"EntryPoint","urlTemplate":"https:\/\/apc1040.com\/es\/?s={search_term_string}"},"query-input":{"@type":"PropertyValueSpecification","valueRequired":true,"valueName":"search_term_string"}}],"inLanguage":"es"},{"@type":"Organization","@id":"https:\/\/apc1040.com\/es\/#organization","name":"Akron Income Tax Co","url":"https:\/\/apc1040.com\/es\/","logo":{"@type":"ImageObject","inLanguage":"es","@id":"https:\/\/apc1040.com\/es\/#\/schema\/logo\/image\/","url":"https:\/\/apc1040.com\/wp-content\/uploads\/2024\/11\/income-tax-service-akron.jpg","contentUrl":"https:\/\/apc1040.com\/wp-content\/uploads\/2024\/11\/income-tax-service-akron.jpg","width":800,"height":745,"caption":"Akron Income Tax Co"},"image":{"@id":"https:\/\/apc1040.com\/es\/#\/schema\/logo\/image\/"},"sameAs":["https:\/\/www.facebook.com\/APC1040"]}]}},"amp_enabled":true,"_links":{"self":[{"href":"https:\/\/apc1040.com\/es\/wp-json\/wp\/v2\/pages\/2599","targetHints":{"allow":["GET"]}}],"collection":[{"href":"https:\/\/apc1040.com\/es\/wp-json\/wp\/v2\/pages"}],"about":[{"href":"https:\/\/apc1040.com\/es\/wp-json\/wp\/v2\/types\/page"}],"author":[{"embeddable":true,"href":"https:\/\/apc1040.com\/es\/wp-json\/wp\/v2\/users\/10"}],"replies":[{"embeddable":true,"href":"https:\/\/apc1040.com\/es\/wp-json\/wp\/v2\/comments?post=2599"}],"version-history":[{"count":0,"href":"https:\/\/apc1040.com\/es\/wp-json\/wp\/v2\/pages\/2599\/revisions"}],"wp:featuredmedia":[{"embeddable":true,"href":"https:\/\/apc1040.com\/es\/wp-json\/wp\/v2\/media\/2535"}],"wp:attachment":[{"href":"https:\/\/apc1040.com\/es\/wp-json\/wp\/v2\/media?parent=2599"}],"curies":[{"name":"wp","href":"https:\/\/api.w.org\/{rel}","templated":true}]}}