{"id":2598,"date":"2020-09-05T21:52:10","date_gmt":"2020-09-06T01:52:10","guid":{"rendered":"https:\/\/apc1040.com\/covid-19-protocolo-de-seguridad-en-la-oficina\/"},"modified":"2024-05-13T06:05:29","modified_gmt":"2024-05-13T10:05:29","slug":"covid-19-protocolo-de-seguridad-en-la-oficina","status":"publish","type":"page","link":"https:\/\/apc1040.com\/es\/covid-19-protocolo-de-seguridad-en-la-oficina\/","title":{"rendered":"Covid-19 &#8211; Protocolo de seguridad en la oficina"},"content":{"rendered":"<section class=\"l-section wpb_row height_small\"><div class=\"l-section-h i-cf\"><div class=\"g-cols vc_row via_flex valign_top type_default stacking_default\"><div class=\"vc_col-sm-12 wpb_column vc_column_container\"><div class=\"vc_column-inner\"><div class=\"wpb_wrapper\"><div class=\"w-image us_custom_b1b273c8 has_height align_center\"><div class=\"w-image-h\"><img decoding=\"async\" width=\"200\" height=\"300\" src=\"https:\/\/apc1040.com\/wp-content\/uploads\/2021\/12\/Covid-3952231-200x300.jpeg\" class=\"attachment-medium size-medium\" alt=\"Covid 3952231\" loading=\"lazy\" srcset=\"https:\/\/apc1040.com\/wp-content\/uploads\/2021\/12\/Covid-3952231-200x300.jpeg 200w, https:\/\/apc1040.com\/wp-content\/uploads\/2021\/12\/Covid-3952231.jpeg 500w\" sizes=\"auto, (max-width: 200px) 100vw, 200px\" \/><\/div><\/div><div class=\"wpb_text_column\"><div class=\"wpb_wrapper\"><h2>Nuestros protocolos Covid-19<\/h2>\n<p>Nuestro Protocolo de Seguridad Covid en nuestras oficinas de Akron Income Tax Co es importante para nuestros clientes y para nuestros empleados. Nos tomamos muy en serio la seguridad de nuestros valiosos clientes y nuestros empleados de preparaci\u00f3n de impuestos. Si bien queremos mantener a todos seguros, tambi\u00e9n sentimos que cada persona es responsable de su propio nivel de seguridad. No vamos a obligar a nuestros clientes a usar una m\u00e1scara a menos que el Gobierno lo ordene. Finalmente, si la opci\u00f3n personal de nuestro cliente es usar una m\u00e1scara durante su cita, nuestra pol\u00edtica es que nuestros empleados tambi\u00e9n reciban instrucciones de usar su m\u00e1scara.<\/p>\n<ul>\n<li>Realizaci\u00f3n de controles sanitarios diarios a los empleados de <a href=\"https:\/\/apc1040.com\/es\/lista-de-nuestros-servicios\/servicios-de-preparacion-de-la-declaracion-de-la-renta\/\">Preparaci\u00f3n de Impuestos<\/a><\/li>\n<li>Nuestros empleados deben llevar la cara cubierta durante las citas para los <a href=\"https:\/\/apc1040.com\/es\/impuestos-facil\/carteles-de-empresa\/\">impuestos<\/a><\/li>\n<li>Aplicar el distanciamiento social<\/li>\n<li>Desinfectar la zona despu\u00e9s de cada cita<\/li>\n<li>Utilizamos luz UV-C todas las noches para desinfectar la oficina<\/li>\n<li>Emplear barreras de plexigl\u00e1s<\/li>\n<li>Ofrecemos una opci\u00f3n de File@Home a distancia para los impuestos<\/li>\n<li>Recogida y entrega gratuita de impuestos en el m\u00f3vil.<\/li>\n<\/ul>\n<h2>Servicio m\u00f3vil<\/h2>\n<p>Durante esta crisis de Covid, estamos ofreciendo un <a href=\"https:\/\/apc1040.com\/es\/servicio-de-impuestos-cerca-de-mi\/\">servicio m\u00f3vil de impuestos<\/a> a nuestros clientes que est\u00e1n en el grupo de alto riesgo o a aquellos clientes que no tienen transporte disponible. Comun\u00edquese con nosotros al 330-733-1040 para programar una fecha y hora para que recojamos su informaci\u00f3n fiscal.<\/p>\n<h2>Opci\u00f3n File@Home<\/h2>\n<p><img decoding=\"async\" class=\"aligncenter size-medium wp-image-2582\" title=\"income tax\" src=\"https:\/\/apc1040.com\/wp-content\/uploads\/2022\/06\/istockphoto-184878062-170667a-300x200.jpg\" alt=\"income tax\" width=\"300\" height=\"200\" srcset=\"https:\/\/apc1040.com\/wp-content\/uploads\/2022\/06\/istockphoto-184878062-170667a-300x200.jpg 300w, https:\/\/apc1040.com\/wp-content\/uploads\/2022\/06\/istockphoto-184878062-170667a.jpg 507w\" sizes=\"(max-width: 300px) 100vw, 300px\" \/><\/p>\n<p>En nuestro sitio web tambi\u00e9n tenemos una <a href=\"https:\/\/apc1040.com\/es\/archivo-en-casa\/\">opci\u00f3n de File@Home<\/a> en l\u00ednea usando su computadora o tel\u00e9fono. Primero, hemos hecho que esta opci\u00f3n sea muy f\u00e1cil de usar. Si puede completar nuestro formulario de entrega de computadora y enviar una foto en su tel\u00e9fono, puede usar nuestra opci\u00f3n File@Home. En segundo lugar, es seguro utilizando nuestra transferencia de archivos aprobada por el IRS a trav\u00e9s de Verifyle. Finalmente, es f\u00e1cil pagar su servicio de impuestos utilizando el sistema de pago &#8220;Square&#8221;.<\/p>\n<\/div><\/div><\/div><\/div><\/div><\/div><\/div><\/section><section class=\"l-section wpb_row height_small\"><div class=\"l-section-h i-cf\"><div class=\"g-cols vc_row via_flex valign_top type_default stacking_default\"><div class=\"vc_col-sm-12 wpb_column vc_column_container\"><div class=\"vc_column-inner\"><div class=\"wpb_wrapper\"><\/div><\/div><\/div><\/div><\/div><\/section>\n","protected":false},"excerpt":{"rendered":"Nuestros protocolos Covid-19 Nuestro Protocolo de Seguridad Covid en nuestras oficinas de Akron Income Tax Co es importante para nuestros clientes y para nuestros empleados. Nos tomamos muy en serio la seguridad de nuestros valiosos clientes y nuestros empleados de preparaci\u00f3n de impuestos. Si bien queremos mantener a todos seguros, tambi\u00e9n sentimos que cada persona...","protected":false},"author":10,"featured_media":2527,"parent":0,"menu_order":0,"comment_status":"closed","ping_status":"closed","template":"","meta":{"_lmt_disableupdate":"no","_lmt_disable":"","_monsterinsights_skip_tracking":false,"_monsterinsights_sitenote_active":false,"_monsterinsights_sitenote_note":"","_monsterinsights_sitenote_category":0,"_uf_show_specific_survey":0,"_uf_disable_surveys":false,"footnotes":""},"class_list":["post-2598","page","type-page","status-publish","has-post-thumbnail","hentry"],"yoast_head":"<!-- This site is optimized with the Yoast SEO Premium plugin v27.3 (Yoast SEO v27.4) - https:\/\/yoast.com\/product\/yoast-seo-premium-wordpress\/ -->\n<title>Covid-19 - Protocolo de seguridad en la oficina de<\/title>\n<meta name=\"description\" content=\"Covid-19 - Protocolo de seguridad en la oficina de Nos tomamos muy en serio la seguridad de los clientes y los empleados.\" \/>\n<meta name=\"robots\" content=\"index, follow, max-snippet:-1, max-image-preview:large, max-video-preview:-1\" \/>\n<link rel=\"canonical\" href=\"https:\/\/apc1040.com\/es\/covid-19-protocolo-de-seguridad-en-la-oficina\/\" \/>\n<meta property=\"og:locale\" content=\"es_ES\" \/>\n<meta property=\"og:type\" content=\"article\" \/>\n<meta property=\"og:title\" content=\"Covid-19 - Protocolo de seguridad en la oficina\" \/>\n<meta property=\"og:description\" content=\"Covid-19 - Protocolo de seguridad en la oficina de Nos tomamos muy en serio la seguridad de los clientes y los empleados.\" \/>\n<meta property=\"og:url\" content=\"https:\/\/apc1040.com\/es\/covid-19-protocolo-de-seguridad-en-la-oficina\/\" \/>\n<meta property=\"og:site_name\" content=\"Akron Income Tax Preparation\" \/>\n<meta property=\"article:publisher\" content=\"https:\/\/www.facebook.com\/APC1040\" \/>\n<meta property=\"article:modified_time\" content=\"2024-05-13T10:05:29+00:00\" \/>\n<meta property=\"og:image\" content=\"https:\/\/apc1040.com\/wp-content\/uploads\/2021\/12\/Covid-3952231.jpeg\" \/>\n\t<meta property=\"og:image:width\" content=\"500\" \/>\n\t<meta property=\"og:image:height\" content=\"750\" \/>\n\t<meta property=\"og:image:type\" content=\"image\/jpeg\" \/>\n<meta name=\"twitter:card\" content=\"summary_large_image\" \/>\n<meta name=\"twitter:label1\" content=\"Est. reading time\" \/>\n\t<meta name=\"twitter:data1\" content=\"2 minutes\" \/>\n<!-- \/ Yoast SEO Premium plugin. -->","yoast_head_json":{"title":"Covid-19 - Protocolo de seguridad en la oficina de","description":"Covid-19 - Protocolo de seguridad en la oficina de Nos tomamos muy en serio la seguridad de los clientes y los empleados.","robots":{"index":"index","follow":"follow","max-snippet":"max-snippet:-1","max-image-preview":"max-image-preview:large","max-video-preview":"max-video-preview:-1"},"canonical":"https:\/\/apc1040.com\/es\/covid-19-protocolo-de-seguridad-en-la-oficina\/","og_locale":"es_ES","og_type":"article","og_title":"Covid-19 - Protocolo de seguridad en la oficina","og_description":"Covid-19 - Protocolo de seguridad en la oficina de Nos tomamos muy en serio la seguridad de los clientes y los empleados.","og_url":"https:\/\/apc1040.com\/es\/covid-19-protocolo-de-seguridad-en-la-oficina\/","og_site_name":"Akron Income Tax Preparation","article_publisher":"https:\/\/www.facebook.com\/APC1040","article_modified_time":"2024-05-13T10:05:29+00:00","og_image":[{"width":500,"height":750,"url":"https:\/\/apc1040.com\/wp-content\/uploads\/2021\/12\/Covid-3952231.jpeg","type":"image\/jpeg"}],"twitter_card":"summary_large_image","twitter_misc":{"Est. reading time":"2 minutes"},"schema":{"@context":"https:\/\/schema.org","@graph":[{"@type":"WebPage","@id":"https:\/\/apc1040.com\/es\/covid-19-protocolo-de-seguridad-en-la-oficina\/","url":"https:\/\/apc1040.com\/es\/covid-19-protocolo-de-seguridad-en-la-oficina\/","name":"Covid-19 - Protocolo de seguridad en la oficina de","isPartOf":{"@id":"https:\/\/apc1040.com\/es\/#website"},"primaryImageOfPage":{"@id":"https:\/\/apc1040.com\/es\/covid-19-protocolo-de-seguridad-en-la-oficina\/#primaryimage"},"image":{"@id":"https:\/\/apc1040.com\/es\/covid-19-protocolo-de-seguridad-en-la-oficina\/#primaryimage"},"thumbnailUrl":"https:\/\/apc1040.com\/wp-content\/uploads\/2021\/12\/Covid-3952231.jpeg","datePublished":"2020-09-06T01:52:10+00:00","dateModified":"2024-05-13T10:05:29+00:00","description":"Covid-19 - Protocolo de seguridad en la oficina de Nos tomamos muy en serio la seguridad de los clientes y los empleados.","breadcrumb":{"@id":"https:\/\/apc1040.com\/es\/covid-19-protocolo-de-seguridad-en-la-oficina\/#breadcrumb"},"inLanguage":"es","potentialAction":[{"@type":"ReadAction","target":["https:\/\/apc1040.com\/es\/covid-19-protocolo-de-seguridad-en-la-oficina\/"]}]},{"@type":"ImageObject","inLanguage":"es","@id":"https:\/\/apc1040.com\/es\/covid-19-protocolo-de-seguridad-en-la-oficina\/#primaryimage","url":"https:\/\/apc1040.com\/wp-content\/uploads\/2021\/12\/Covid-3952231.jpeg","contentUrl":"https:\/\/apc1040.com\/wp-content\/uploads\/2021\/12\/Covid-3952231.jpeg","width":500,"height":750,"caption":"Covid 3952231"},{"@type":"BreadcrumbList","@id":"https:\/\/apc1040.com\/es\/covid-19-protocolo-de-seguridad-en-la-oficina\/#breadcrumb","itemListElement":[{"@type":"ListItem","position":1,"name":"Home","item":"https:\/\/apc1040.com\/es\/"},{"@type":"ListItem","position":2,"name":"Covid-19 - Protocolo de seguridad en la oficina"}]},{"@type":"WebSite","@id":"https:\/\/apc1040.com\/es\/#website","url":"https:\/\/apc1040.com\/es\/","name":"Akron Income Tax Preparation","description":"Income Tax Preparation Service","publisher":{"@id":"https:\/\/apc1040.com\/es\/#organization"},"potentialAction":[{"@type":"SearchAction","target":{"@type":"EntryPoint","urlTemplate":"https:\/\/apc1040.com\/es\/?s={search_term_string}"},"query-input":{"@type":"PropertyValueSpecification","valueRequired":true,"valueName":"search_term_string"}}],"inLanguage":"es"},{"@type":"Organization","@id":"https:\/\/apc1040.com\/es\/#organization","name":"Akron Income Tax Co","url":"https:\/\/apc1040.com\/es\/","logo":{"@type":"ImageObject","inLanguage":"es","@id":"https:\/\/apc1040.com\/es\/#\/schema\/logo\/image\/","url":"https:\/\/apc1040.com\/wp-content\/uploads\/2024\/11\/income-tax-service-akron.jpg","contentUrl":"https:\/\/apc1040.com\/wp-content\/uploads\/2024\/11\/income-tax-service-akron.jpg","width":800,"height":745,"caption":"Akron Income Tax Co"},"image":{"@id":"https:\/\/apc1040.com\/es\/#\/schema\/logo\/image\/"},"sameAs":["https:\/\/www.facebook.com\/APC1040"]}]}},"amp_enabled":true,"_links":{"self":[{"href":"https:\/\/apc1040.com\/es\/wp-json\/wp\/v2\/pages\/2598","targetHints":{"allow":["GET"]}}],"collection":[{"href":"https:\/\/apc1040.com\/es\/wp-json\/wp\/v2\/pages"}],"about":[{"href":"https:\/\/apc1040.com\/es\/wp-json\/wp\/v2\/types\/page"}],"author":[{"embeddable":true,"href":"https:\/\/apc1040.com\/es\/wp-json\/wp\/v2\/users\/10"}],"replies":[{"embeddable":true,"href":"https:\/\/apc1040.com\/es\/wp-json\/wp\/v2\/comments?post=2598"}],"version-history":[{"count":0,"href":"https:\/\/apc1040.com\/es\/wp-json\/wp\/v2\/pages\/2598\/revisions"}],"wp:featuredmedia":[{"embeddable":true,"href":"https:\/\/apc1040.com\/es\/wp-json\/wp\/v2\/media\/2527"}],"wp:attachment":[{"href":"https:\/\/apc1040.com\/es\/wp-json\/wp\/v2\/media?parent=2598"}],"curies":[{"name":"wp","href":"https:\/\/api.w.org\/{rel}","templated":true}]}}